{"id":2532,"date":"2022-06-21T14:49:44","date_gmt":"2022-06-21T12:49:44","guid":{"rendered":"https:\/\/electro-test.be\/professionelen\/elektriciteit-huishoudelijk\/periodieke-keuring-elektrische-installatie\/"},"modified":"2026-03-02T15:17:41","modified_gmt":"2026-03-02T13:17:41","slug":"controle-periodique-dune-installation-electrique-domestique","status":"publish","type":"page","link":"https:\/\/electro-test.be\/fr\/professionnels\/electricite-domestique\/controle-periodique-dune-installation-electrique-domestique\/","title":{"rendered":"Contr\u00f4le p\u00e9riodique d\u2019une installation \u00e9lectrique domestique"},"content":{"rendered":"<section class=\"l-section wpb_row height_auto\"><div class=\"l-section-h i-cf\"><div class=\"g-cols vc_row via_flex valign_top type_default stacking_default\"><div class=\"vc_col-sm-1 wpb_column vc_column_container afterdriehoek2 m300 has_bg_color stretched\"><div class=\"vc_column-inner us_custom_a3a30a65\"><div class=\"wpb_wrapper\"><\/div><\/div><\/div><div class=\"vc_col-sm-1 wpb_column vc_column_container\"><div class=\"vc_column-inner\"><div class=\"wpb_wrapper\"><\/div><\/div><\/div><div class=\"vc_col-sm-8 wpb_column vc_column_container\"><div class=\"vc_column-inner\"><div class=\"wpb_wrapper\">[vc_raw_html el_class=\u00a0\u00bbbreadcrumb\u00a0\u00bb]JTVCd3BzZW9fYnJlYWRjcnVtYiU1RA==[\/vc_raw_html]<div class=\"w-separator size_small\"><\/div><div class=\"wpb_text_column us_custom_47e68cdb has_text_color\"><div class=\"wpb_wrapper\"><h1>Contr\u00f4le p\u00e9riodique d\u2019une installation \u00e9lectrique domestique<\/h1>\n<\/div><\/div><div class=\"w-separator size_small\"><\/div><div class=\"wpb_text_column\"><div class=\"wpb_wrapper\"><p>Pour am\u00e9liorer la s\u00e9curit\u00e9, la loi impose aux particuliers de faire contr\u00f4ler leur installation \u00e9lectrique domestique tous les vingt-cinq ans si elle date d\u2019apr\u00e8s 1981.<\/p>\n<p>Electro-Test prend en charge l\u2019int\u00e9gralit\u00e9 de ce contr\u00f4le p\u00e9riodique. Depuis plus de trente ans, nous y consacrons toute notre expertise et nous r\u00e9alisons ces contr\u00f4les avec le plus grand soin. En tant qu\u2019organisme agr\u00e9\u00e9, nous op\u00e9rons sur tout le territoire belge.<\/p>\n<\/div><\/div><div class=\"w-separator size_small\"><\/div><div class=\"w-btn-wrapper align_none\"><a class=\"w-btn us-btn-style_5\" title=\"Demander un devis\" href=\"https:\/\/electro-test.be\/fr\/commander\/\"><span class=\"w-btn-label\">Demander un devis<\/span><\/a><\/div><\/div><\/div><\/div><\/div><\/div><\/section><section class=\"l-section wpb_row us_custom_c4da886a height_auto\"><div class=\"l-section-h i-cf\"><div class=\"g-cols vc_row via_flex valign_top type_default stacking_default\"><div class=\"vc_col-sm-12 wpb_column vc_column_container marginbottom0button\"><div class=\"vc_column-inner\"><div class=\"wpb_wrapper\"><div class=\"w-separator size_medium\"><\/div><div class=\"wpb_text_column us_custom_6df4bc3a has_text_color\"><div class=\"wpb_wrapper\"><h3>Besoin d&rsquo;une inspection fiable d&rsquo;une installation \u00e9lectrique domestique ?<\/h3>\n<\/div><\/div><div class=\"w-separator size_small\"><\/div><div class=\"w-btn-wrapper align_left\"><a class=\"w-btn us-btn-style_6 us_custom_0490361b\" title=\"Demander un devis\" href=\"https:\/\/electro-test.be\/fr\/commander\/\"><span class=\"w-btn-label\">Demander un devis<\/span><\/a><\/div><\/div><\/div><\/div><\/div><\/div><\/section><section class=\"l-section wpb_row height_auto\"><div class=\"l-section-h i-cf\"><div class=\"g-cols vc_row via_flex valign_top type_default stacking_default\"><div class=\"vc_col-sm-5 vc_col-lg-3 vc_col-md-4 vc_col-xs-12 wpb_column vc_column_container stretched\"><div class=\"vc_column-inner us_custom_b03640aa\"><div class=\"wpb_wrapper\"><\/div><\/div><\/div><div class=\"vc_col-sm-1 vc_col-lg-1 vc_hidden-md vc_hidden-sm vc_hidden-xs wpb_column vc_column_container\"><div class=\"vc_column-inner\"><div class=\"wpb_wrapper\"><\/div><\/div><\/div><div class=\"vc_col-sm-7 vc_col-lg-8 vc_col-md-8 vc_col-xs-12 wpb_column vc_column_container\"><div class=\"vc_column-inner\"><div class=\"wpb_wrapper\"><div class=\"wpb_text_column us_custom_47e68cdb has_text_color\"><div class=\"wpb_wrapper\"><h2>Contr\u00f4le obligatoire d\u2019une installation \u00e9lectrique domestique<\/h2>\n<\/div><\/div><div class=\"w-separator size_small\"><\/div><div class=\"wpb_text_column listtype\"><div class=\"wpb_wrapper\"><p>La loi impose aux particuliers de faire contr\u00f4ler leur installation \u00e9lectrique domestique tous les vingt-cinq ans si elle date d\u2019apr\u00e8s 1981. Pour les installations ant\u00e9rieures \u00e0 1981, les contr\u00f4les p\u00e9riodiques ne sont pas obligatoires si l\u2019installation n\u2019a fait l\u2019objet d\u2019aucune extension significative. <\/p>\n<\/div><\/div><div class=\"w-separator size_medium\"><\/div><\/div><\/div><\/div><\/div><\/div><\/section><section class=\"l-section wpb_row height_auto\"><div class=\"l-section-h i-cf\"><div class=\"g-cols vc_row via_flex valign_top type_default stacking_default\"><div class=\"vc_col-sm-12 vc_col-lg-12 vc_col-md-12 vc_col-xs-12 wpb_column vc_column_container\"><div class=\"vc_column-inner\"><div class=\"wpb_wrapper\"><div class=\"wpb_text_column us_custom_47e68cdb has_text_color\"><div class=\"wpb_wrapper\"><h2>Contr\u00f4le d\u2019une installation \u00e9lectrique domestique<\/h2>\n<\/div><\/div><div class=\"w-separator size_small\"><\/div><div class=\"wpb_text_column\"><div class=\"wpb_wrapper\"><p>Le contr\u00f4le p\u00e9riodique d\u2019une installation \u00e9lectrique domestique se d\u00e9roule toujours conform\u00e9ment aux prescriptions du Livre 1 (du RGIE)\u202f:<\/p>\n<\/div><\/div><div class=\"w-separator size_small\"><\/div><div class=\"g-cols wpb_row nodigblocksrow via_flex valign_top type_default stacking_default\" style=\"--additional-gap:10px;\"><div class=\"vc_col-sm-4 wpb_column vc_column_container afterdriehoek3 has_bg_color\"><div class=\"vc_column-inner us_custom_d5ddde31\"><div class=\"wpb_wrapper\"><div class=\"w-image lefttop align_left\"><div class=\"w-image-h\"><img decoding=\"async\" src=\"https:\/\/electro-test.be\/wp-content\/uploads\/2022\/07\/check-1.svg\" class=\"attachment-us_70_70 size-us_70_70\" alt=\"\" loading=\"lazy\" \/><\/div><\/div><div class=\"w-separator size_medium\"><\/div><div class=\"wpb_text_column us_custom_c8b9dfc4 zindex99 relative has_text_color\"><div class=\"wpb_wrapper\"><p>Un contr\u00f4le administratif, qui consiste \u00e0 v\u00e9rifier le sch\u00e9ma unifilaire et le plan de position de votre installation \u00e9lectrique<\/p>\n<\/div><\/div><div class=\"w-separator size_medium\"><\/div><\/div><\/div><\/div><div class=\"vc_col-sm-4 wpb_column vc_column_container afterdriehoek3 has_bg_color\"><div class=\"vc_column-inner us_custom_e560f9bb\"><div class=\"wpb_wrapper\"><div class=\"w-image lefttop align_left\"><div class=\"w-image-h\"><img decoding=\"async\" src=\"https:\/\/electro-test.be\/wp-content\/uploads\/2022\/07\/check-1.svg\" class=\"attachment-us_70_70 size-us_70_70\" alt=\"\" loading=\"lazy\" \/><\/div><\/div><div class=\"w-separator size_medium\"><\/div><div class=\"wpb_text_column us_custom_c8b9dfc4 zindex99 relative has_text_color\"><div class=\"wpb_wrapper\"><p>Un <strong>contr\u00f4le visuel<\/strong> destin\u00e9 \u00e0 v\u00e9rifier si le sch\u00e9ma unifilaire et le plan de position correspondent \u00e0 la r\u00e9alit\u00e9<\/p>\n<\/div><\/div><div class=\"w-separator size_medium\"><\/div><\/div><\/div><\/div><div class=\"vc_col-sm-4 wpb_column vc_column_container afterdriehoek3 has_bg_color\"><div class=\"vc_column-inner us_custom_e560f9bb\"><div class=\"wpb_wrapper\"><div class=\"w-image lefttop align_left\"><div class=\"w-image-h\"><img decoding=\"async\" src=\"https:\/\/electro-test.be\/wp-content\/uploads\/2022\/07\/check-1.svg\" class=\"attachment-us_70_70 size-us_70_70\" alt=\"\" loading=\"lazy\" \/><\/div><\/div><div class=\"w-separator size_medium\"><\/div><div class=\"wpb_text_column us_custom_c8b9dfc4 zindex99 relative has_text_color\"><div class=\"wpb_wrapper\"><p>plusieurs <strong>mesures<\/strong> portant entre autres sur la mise \u00e0 la terre, la r\u00e9sistance d\u2019isolement et la continuit\u00e9 des conducteurs de protection<\/p>\n<\/div><\/div><div class=\"w-separator size_medium\"><\/div><\/div><\/div><\/div><div class=\"vc_col-sm-4 wpb_column vc_column_container afterdriehoek3 has_bg_color\"><div class=\"vc_column-inner us_custom_cfbb6538\"><div class=\"wpb_wrapper\"><div class=\"w-image lefttop align_left\"><div class=\"w-image-h\"><img decoding=\"async\" src=\"https:\/\/electro-test.be\/wp-content\/uploads\/2022\/07\/check-1.svg\" class=\"attachment-us_70_70 size-us_70_70\" alt=\"\" loading=\"lazy\" \/><\/div><\/div><div class=\"w-separator size_medium\"><\/div><div class=\"wpb_text_column us_custom_c8b9dfc4 zindex99 relative has_text_color\"><div class=\"wpb_wrapper\"><p>Un test des dispositifs de protection \u00e0 courant diff\u00e9rentiel r\u00e9siduel.<\/p>\n<\/div><\/div><div class=\"w-separator size_medium\"><\/div><\/div><\/div><\/div><\/div><div class=\"w-separator size_medium\"><\/div><div class=\"wpb_text_column us_custom_47e68cdb has_text_color\"><div class=\"wpb_wrapper\"><h3>Les documents suivants doivent \u00eatre pr\u00e9sents\u202f:<\/h3>\n<\/div><\/div><div class=\"w-separator size_small\"><\/div><\/div><\/div><\/div><\/div><\/div><\/section><section class=\"l-section wpb_row us_custom_b03640aa height_medium\"><div class=\"l-section-h i-cf\"><div class=\"g-cols vc_row via_flex valign_top type_default stacking_default\"><div class=\"vc_col-sm-4 wpb_column vc_column_container\"><div class=\"vc_column-inner\"><div class=\"wpb_wrapper\"><div class=\"g-cols wpb_row lineleftcol via_flex valign_top type_default stacking_default\"><div class=\"vc_col-sm-12 wpb_column vc_column_container\"><div class=\"vc_column-inner\"><div class=\"wpb_wrapper\"><div class=\"w-image align_none\"><div class=\"w-image-h\"><img decoding=\"async\" src=\"https:\/\/electro-test.be\/wp-content\/uploads\/2022\/06\/risicoanalyse-01_grey.svg\" class=\"attachment-us_70_70 size-us_70_70\" alt=\"\" loading=\"lazy\" \/><\/div><\/div><div class=\"w-separator size_medium\"><\/div><div class=\"wpb_text_column us_custom_47e68cdb has_text_color\"><div class=\"wpb_wrapper\"><h4>Sch\u00e9ma unifilaire<\/h4>\n<\/div><\/div><div class=\"w-separator size_small\"><\/div><div class=\"wpb_text_column listtype\"><div class=\"wpb_wrapper\"><p>le <strong>sch\u00e9ma unifilaire<\/strong> et le plan de position de l\u2019<strong>installation \u00e9lectrique<\/strong>, en trois exemplaires.<\/p>\n<\/div><\/div><\/div><\/div><\/div><\/div><\/div><\/div><\/div><div class=\"vc_col-sm-4 wpb_column vc_column_container\"><div class=\"vc_column-inner\"><div class=\"wpb_wrapper\"><\/div><\/div><\/div><div class=\"vc_col-sm-4 wpb_column vc_column_container\"><div class=\"vc_column-inner\"><div class=\"wpb_wrapper\"><\/div><\/div><\/div><\/div><\/div><\/section><section class=\"l-section wpb_row us_custom_0ba95ac2 height_medium\"><div class=\"l-section-h i-cf\"><div class=\"g-cols vc_row via_flex valign_top type_default stacking_default\"><div class=\"vc_col-sm-12 wpb_column vc_column_container\"><div class=\"vc_column-inner\"><div class=\"wpb_wrapper\"><div class=\"wpb_text_column us_custom_47e68cdb has_text_color\"><div class=\"wpb_wrapper\"><h2>R\u00e9sultat du rapport de contr\u00f4le pour votre installation \u00e9lectrique domestique<\/h2>\n<\/div><\/div><div class=\"w-separator size_small\"><\/div><div class=\"g-cols wpb_row nodigblocksrow via_flex valign_top type_default stacking_default\" style=\"--additional-gap:10px;\"><div class=\"vc_col-sm-6 wpb_column vc_column_container has_bg_color\"><div class=\"vc_column-inner us_custom_01835446\"><div class=\"wpb_wrapper\"><div class=\"w-image lefttop align_left\"><div class=\"w-image-h\"><img decoding=\"async\" src=\"https:\/\/electro-test.be\/wp-content\/uploads\/2022\/07\/check-1.svg\" class=\"attachment-us_70_70 size-us_70_70\" alt=\"\" loading=\"lazy\" \/><\/div><\/div><div class=\"w-separator size_medium\"><\/div><div class=\"wpb_text_column us_custom_c5ac9e41\"><div class=\"wpb_wrapper\"><h4>Contr\u00f4le positif<\/h4>\n<p>Un rapport de contr\u00f4le positif a une dur\u00e9e de validit\u00e9 de vingt-cinq\u202fans et confirme que l\u2019ensemble de l\u2019installation \u00e9lectrique est en ordre. <\/p>\n<\/div><\/div><div class=\"w-separator size_medium\"><\/div><\/div><\/div><\/div><div class=\"vc_col-sm-6 wpb_column vc_column_container has_bg_color\"><div class=\"vc_column-inner us_custom_01835446\"><div class=\"wpb_wrapper\"><div class=\"w-image lefttop align_left\"><div class=\"w-image-h\"><img decoding=\"async\" src=\"https:\/\/electro-test.be\/wp-content\/uploads\/2022\/07\/Uitroepteken-01-01-1.svg\" class=\"attachment-us_70_70 size-us_70_70\" alt=\"\" loading=\"lazy\" \/><\/div><\/div><div class=\"w-separator size_medium\"><\/div><div class=\"wpb_text_column us_custom_c5ac9e41\"><div class=\"wpb_wrapper\"><h4>Contr\u00f4le n\u00e9gatif<\/h4>\n<p>Si le rapport est n\u00e9gatif, cela signifie que l\u2019installation \u00e9lectrique est refus\u00e9e. Les non-conformit\u00e9s consign\u00e9es dans le rapport doivent alors \u00eatre rectifi\u00e9es dans le d\u00e9lai d\u00e9fini par la loi, soit douze mois. On peut ensuite demander un nouveau contr\u00f4le de l\u2019installation. <\/p>\n<\/div><\/div><div class=\"w-separator size_medium\"><\/div><\/div><\/div><\/div><\/div><\/div><\/div><\/div><\/div><\/div><\/section><section class=\"l-section wpb_row height_medium\"><div class=\"l-section-h i-cf\"><div class=\"g-cols vc_row via_flex valign_top type_default stacking_default\"><div class=\"vc_col-sm-6 wpb_column vc_column_container\"><div class=\"vc_column-inner\"><div class=\"wpb_wrapper\"><div class=\"wpb_text_column\"><div class=\"wpb_wrapper\"><h2>Contr\u00f4le p\u00e9riodique de votre installation \u00e9lectrique domestique par Electro-Test<\/h2>\n<p>Chez Electro-Test, la s\u00e9curit\u00e9 est la premi\u00e8re de nos priorit\u00e9s. Nous remettons toujours des conseils cibl\u00e9s et nous assurons une approche rapide, transparente et personnalis\u00e9e tout au long du processus, depuis l\u2019introduction de la demande de contr\u00f4le jusqu\u2019apr\u00e8s le contr\u00f4le proprement dit. Vous avez ainsi la certitude de pouvoir compter sur une installation \u00e9lectrique domestique s\u00fbre.<\/p>\n<\/div><\/div><\/div><\/div><\/div><div class=\"vc_col-sm-1 wpb_column vc_column_container\"><div class=\"vc_column-inner\"><div class=\"wpb_wrapper\"><\/div><\/div><\/div><div class=\"vc_col-sm-5 wpb_column vc_column_container m300 has_bg_color\"><div class=\"vc_column-inner us_custom_7d6faa73\"><div class=\"wpb_wrapper\"><\/div><\/div><\/div><\/div><\/div><\/section><section class=\"l-section wpb_row height_auto\"><div class=\"l-section-h i-cf\"><div class=\"g-cols vc_row via_flex valign_top type_default stacking_default\"><div class=\"vc_col-sm-12 wpb_column vc_column_container marginbottom0button has_bg_color\"><div class=\"vc_column-inner us_custom_7e653751\"><div class=\"wpb_wrapper\"><div class=\"w-separator size_medium\"><\/div><div class=\"wpb_text_column us_custom_6df4bc3a has_text_color\"><div class=\"wpb_wrapper\"><h3 style=\"text-align: center;\">Besoin d&rsquo;une inspection fiable d&rsquo;une installation \u00e9lectrique domestique ?<\/h3>\n<\/div><\/div><div class=\"w-separator size_small\"><\/div><div class=\"w-btn-wrapper align_center\"><a class=\"w-btn us-btn-style_6 us_custom_0490361b\" title=\"Demandez votre devis ici\" href=\"https:\/\/electro-test.be\/fr\/commander\/\"><span class=\"w-btn-label\">Demandez votre devis ici<\/span><\/a><\/div><\/div><\/div><\/div><\/div><\/div><\/section>\n","protected":false},"excerpt":{"rendered":"[vc_raw_html el_class=\"breadcrumb\"]JTVCd3BzZW9fYnJlYWRjcnVtYiU1RA==[\/vc_raw_html]Contr\u00f4le p\u00e9riodique d\u2019une installation \u00e9lectrique domestique Pour am\u00e9liorer la s\u00e9curit\u00e9, la loi impose aux particuliers de faire contr\u00f4ler leur installation \u00e9lectrique domestique tous les vingt-cinq ans si elle date d\u2019apr\u00e8s 1981. Electro-Test prend en charge l\u2019int\u00e9gralit\u00e9 de ce contr\u00f4le p\u00e9riodique. Depuis plus de trente ans, nous y consacrons toute notre expertise et nous r\u00e9alisons...","protected":false},"author":1,"featured_media":0,"parent":2523,"menu_order":1,"comment_status":"closed","ping_status":"closed","template":"","meta":{"_acf_changed":false,"footnotes":""},"class_list":["post-2532","page","type-page","status-publish","hentry"],"acf":[],"yoast_head":"<!-- This site is optimized with the Yoast SEO plugin v26.9 - https:\/\/yoast.com\/product\/yoast-seo-wordpress\/ -->\n<title>Contr\u00f4le p\u00e9riodique d\u2019une installation \u00e9lectrique domestique<\/title>\n<meta name=\"description\" content=\"Pour am\u00e9liorer la s\u00e9curit\u00e9 des installations \u00e9lectriques domestiques, ces derni\u00e8res doivent faire l\u2019objet d\u2019un contr\u00f4le p\u00e9riodique obligatoire.\" \/>\n<meta name=\"robots\" content=\"index, follow, max-snippet:-1, max-image-preview:large, max-video-preview:-1\" \/>\n<link rel=\"canonical\" href=\"https:\/\/electro-test.be\/fr\/professionnels\/electricite-domestique\/controle-periodique-dune-installation-electrique-domestique\/\" \/>\n<meta property=\"og:locale\" content=\"fr_FR\" \/>\n<meta property=\"og:type\" content=\"article\" \/>\n<meta property=\"og:title\" content=\"Contr\u00f4le p\u00e9riodique d\u2019une installation \u00e9lectrique domestique\" \/>\n<meta property=\"og:description\" content=\"Pour am\u00e9liorer la s\u00e9curit\u00e9 des installations \u00e9lectriques domestiques, ces derni\u00e8res doivent faire l\u2019objet d\u2019un contr\u00f4le p\u00e9riodique obligatoire.\" \/>\n<meta property=\"og:url\" content=\"https:\/\/electro-test.be\/fr\/professionnels\/electricite-domestique\/controle-periodique-dune-installation-electrique-domestique\/\" \/>\n<meta property=\"og:site_name\" content=\"Electro-Test\" \/>\n<meta property=\"article:modified_time\" content=\"2026-03-02T13:17:41+00:00\" \/>\n<meta name=\"twitter:card\" content=\"summary_large_image\" \/>\n<meta name=\"twitter:label1\" content=\"Dur\u00e9e de lecture estim\u00e9e\" \/>\n\t<meta name=\"twitter:data1\" content=\"3 minutes\" \/>\n<script type=\"application\/ld+json\" class=\"yoast-schema-graph\">{\"@context\":\"https:\/\/schema.org\",\"@graph\":[{\"@type\":\"WebPage\",\"@id\":\"https:\/\/electro-test.be\/fr\/professionnels\/electricite-domestique\/controle-periodique-dune-installation-electrique-domestique\/\",\"url\":\"https:\/\/electro-test.be\/fr\/professionnels\/electricite-domestique\/controle-periodique-dune-installation-electrique-domestique\/\",\"name\":\"Contr\u00f4le p\u00e9riodique d\u2019une installation \u00e9lectrique domestique\",\"isPartOf\":{\"@id\":\"https:\/\/electro-test.be\/#website\"},\"datePublished\":\"2022-06-21T12:49:44+00:00\",\"dateModified\":\"2026-03-02T13:17:41+00:00\",\"description\":\"Pour am\u00e9liorer la s\u00e9curit\u00e9 des installations \u00e9lectriques domestiques, ces derni\u00e8res doivent faire l\u2019objet d\u2019un contr\u00f4le p\u00e9riodique obligatoire.\",\"breadcrumb\":{\"@id\":\"https:\/\/electro-test.be\/fr\/professionnels\/electricite-domestique\/controle-periodique-dune-installation-electrique-domestique\/#breadcrumb\"},\"inLanguage\":\"fr-FR\",\"potentialAction\":[{\"@type\":\"ReadAction\",\"target\":[\"https:\/\/electro-test.be\/fr\/professionnels\/electricite-domestique\/controle-periodique-dune-installation-electrique-domestique\/\"]}]},{\"@type\":\"BreadcrumbList\",\"@id\":\"https:\/\/electro-test.be\/fr\/professionnels\/electricite-domestique\/controle-periodique-dune-installation-electrique-domestique\/#breadcrumb\",\"itemListElement\":[{\"@type\":\"ListItem\",\"position\":1,\"name\":\"Professionnels\",\"item\":\"https:\/\/electro-test.be\/fr\/professionnels\/\"},{\"@type\":\"ListItem\",\"position\":2,\"name\":\"\u00c9lectricit\u00e9 domestique\",\"item\":\"https:\/\/electro-test.be\/fr\/professionnels\/electricite-domestique\/\"},{\"@type\":\"ListItem\",\"position\":3,\"name\":\"Contr\u00f4le p\u00e9riodique d\u2019une installation \u00e9lectrique domestique\"}]},{\"@type\":\"WebSite\",\"@id\":\"https:\/\/electro-test.be\/#website\",\"url\":\"https:\/\/electro-test.be\/\",\"name\":\"Electro-Test\",\"description\":\"\",\"publisher\":{\"@id\":\"https:\/\/electro-test.be\/#organization\"},\"potentialAction\":[{\"@type\":\"SearchAction\",\"target\":{\"@type\":\"EntryPoint\",\"urlTemplate\":\"https:\/\/electro-test.be\/?s={search_term_string}\"},\"query-input\":{\"@type\":\"PropertyValueSpecification\",\"valueRequired\":true,\"valueName\":\"search_term_string\"}}],\"inLanguage\":\"fr-FR\"},{\"@type\":\"Organization\",\"@id\":\"https:\/\/electro-test.be\/#organization\",\"name\":\"electroTEST\",\"url\":\"https:\/\/electro-test.be\/\",\"logo\":{\"@type\":\"ImageObject\",\"inLanguage\":\"fr-FR\",\"@id\":\"https:\/\/electro-test.be\/#\/schema\/logo\/image\/\",\"url\":\"https:\/\/electro-test.be\/wp-content\/uploads\/2022\/06\/Logo_ET_NL-FR.svg\",\"contentUrl\":\"https:\/\/electro-test.be\/wp-content\/uploads\/2022\/06\/Logo_ET_NL-FR.svg\",\"width\":\"1024\",\"height\":\"1024\",\"caption\":\"electroTEST\"},\"image\":{\"@id\":\"https:\/\/electro-test.be\/#\/schema\/logo\/image\/\"}}]}<\/script>\n<!-- \/ Yoast SEO plugin. -->","yoast_head_json":{"title":"Contr\u00f4le p\u00e9riodique d\u2019une installation \u00e9lectrique domestique","description":"Pour am\u00e9liorer la s\u00e9curit\u00e9 des installations \u00e9lectriques domestiques, ces derni\u00e8res doivent faire l\u2019objet d\u2019un contr\u00f4le p\u00e9riodique obligatoire.","robots":{"index":"index","follow":"follow","max-snippet":"max-snippet:-1","max-image-preview":"max-image-preview:large","max-video-preview":"max-video-preview:-1"},"canonical":"https:\/\/electro-test.be\/fr\/professionnels\/electricite-domestique\/controle-periodique-dune-installation-electrique-domestique\/","og_locale":"fr_FR","og_type":"article","og_title":"Contr\u00f4le p\u00e9riodique d\u2019une installation \u00e9lectrique domestique","og_description":"Pour am\u00e9liorer la s\u00e9curit\u00e9 des installations \u00e9lectriques domestiques, ces derni\u00e8res doivent faire l\u2019objet d\u2019un contr\u00f4le p\u00e9riodique obligatoire.","og_url":"https:\/\/electro-test.be\/fr\/professionnels\/electricite-domestique\/controle-periodique-dune-installation-electrique-domestique\/","og_site_name":"Electro-Test","article_modified_time":"2026-03-02T13:17:41+00:00","twitter_card":"summary_large_image","twitter_misc":{"Dur\u00e9e de lecture estim\u00e9e":"3 minutes"},"schema":{"@context":"https:\/\/schema.org","@graph":[{"@type":"WebPage","@id":"https:\/\/electro-test.be\/fr\/professionnels\/electricite-domestique\/controle-periodique-dune-installation-electrique-domestique\/","url":"https:\/\/electro-test.be\/fr\/professionnels\/electricite-domestique\/controle-periodique-dune-installation-electrique-domestique\/","name":"Contr\u00f4le p\u00e9riodique d\u2019une installation \u00e9lectrique domestique","isPartOf":{"@id":"https:\/\/electro-test.be\/#website"},"datePublished":"2022-06-21T12:49:44+00:00","dateModified":"2026-03-02T13:17:41+00:00","description":"Pour am\u00e9liorer la s\u00e9curit\u00e9 des installations \u00e9lectriques domestiques, ces derni\u00e8res doivent faire l\u2019objet d\u2019un contr\u00f4le p\u00e9riodique obligatoire.","breadcrumb":{"@id":"https:\/\/electro-test.be\/fr\/professionnels\/electricite-domestique\/controle-periodique-dune-installation-electrique-domestique\/#breadcrumb"},"inLanguage":"fr-FR","potentialAction":[{"@type":"ReadAction","target":["https:\/\/electro-test.be\/fr\/professionnels\/electricite-domestique\/controle-periodique-dune-installation-electrique-domestique\/"]}]},{"@type":"BreadcrumbList","@id":"https:\/\/electro-test.be\/fr\/professionnels\/electricite-domestique\/controle-periodique-dune-installation-electrique-domestique\/#breadcrumb","itemListElement":[{"@type":"ListItem","position":1,"name":"Professionnels","item":"https:\/\/electro-test.be\/fr\/professionnels\/"},{"@type":"ListItem","position":2,"name":"\u00c9lectricit\u00e9 domestique","item":"https:\/\/electro-test.be\/fr\/professionnels\/electricite-domestique\/"},{"@type":"ListItem","position":3,"name":"Contr\u00f4le p\u00e9riodique d\u2019une installation \u00e9lectrique domestique"}]},{"@type":"WebSite","@id":"https:\/\/electro-test.be\/#website","url":"https:\/\/electro-test.be\/","name":"Electro-Test","description":"","publisher":{"@id":"https:\/\/electro-test.be\/#organization"},"potentialAction":[{"@type":"SearchAction","target":{"@type":"EntryPoint","urlTemplate":"https:\/\/electro-test.be\/?s={search_term_string}"},"query-input":{"@type":"PropertyValueSpecification","valueRequired":true,"valueName":"search_term_string"}}],"inLanguage":"fr-FR"},{"@type":"Organization","@id":"https:\/\/electro-test.be\/#organization","name":"electroTEST","url":"https:\/\/electro-test.be\/","logo":{"@type":"ImageObject","inLanguage":"fr-FR","@id":"https:\/\/electro-test.be\/#\/schema\/logo\/image\/","url":"https:\/\/electro-test.be\/wp-content\/uploads\/2022\/06\/Logo_ET_NL-FR.svg","contentUrl":"https:\/\/electro-test.be\/wp-content\/uploads\/2022\/06\/Logo_ET_NL-FR.svg","width":"1024","height":"1024","caption":"electroTEST"},"image":{"@id":"https:\/\/electro-test.be\/#\/schema\/logo\/image\/"}}]}},"_links":{"self":[{"href":"https:\/\/electro-test.be\/fr\/wp-json\/wp\/v2\/pages\/2532","targetHints":{"allow":["GET"]}}],"collection":[{"href":"https:\/\/electro-test.be\/fr\/wp-json\/wp\/v2\/pages"}],"about":[{"href":"https:\/\/electro-test.be\/fr\/wp-json\/wp\/v2\/types\/page"}],"author":[{"embeddable":true,"href":"https:\/\/electro-test.be\/fr\/wp-json\/wp\/v2\/users\/1"}],"replies":[{"embeddable":true,"href":"https:\/\/electro-test.be\/fr\/wp-json\/wp\/v2\/comments?post=2532"}],"version-history":[{"count":3,"href":"https:\/\/electro-test.be\/fr\/wp-json\/wp\/v2\/pages\/2532\/revisions"}],"predecessor-version":[{"id":6098,"href":"https:\/\/electro-test.be\/fr\/wp-json\/wp\/v2\/pages\/2532\/revisions\/6098"}],"up":[{"embeddable":true,"href":"https:\/\/electro-test.be\/fr\/wp-json\/wp\/v2\/pages\/2523"}],"wp:attachment":[{"href":"https:\/\/electro-test.be\/fr\/wp-json\/wp\/v2\/media?parent=2532"}],"curies":[{"name":"wp","href":"https:\/\/api.w.org\/{rel}","templated":true}]}}