{"id":2601,"date":"2022-06-21T14:52:03","date_gmt":"2022-06-21T12:52:03","guid":{"rendered":"https:\/\/electro-test.be\/professionelen\/elektriciteit-niet-huishoudelijk\/machines-volgens-en-60204-1\/"},"modified":"2026-03-02T16:35:44","modified_gmt":"2026-03-02T14:35:44","slug":"machines-conformement-a-la-norme-en-60204-1","status":"publish","type":"page","link":"https:\/\/electro-test.be\/fr\/professionnels\/electriques-non-domestiques\/machines-conformement-a-la-norme-en-60204-1\/","title":{"rendered":"Machines conform\u00e9ment \u00e0 la norme EN\u202f60204.1"},"content":{"rendered":"<section class=\"l-section wpb_row height_auto\"><div class=\"l-section-h i-cf\"><div class=\"g-cols vc_row via_flex valign_top type_default stacking_default\"><div class=\"vc_col-sm-1 wpb_column vc_column_container afterdriehoek2 m300 has_bg_color stretched\"><div class=\"vc_column-inner us_custom_75a08ab0\"><div class=\"wpb_wrapper\"><\/div><\/div><\/div><div class=\"vc_col-sm-1 wpb_column vc_column_container\"><div class=\"vc_column-inner\"><div class=\"wpb_wrapper\"><\/div><\/div><\/div><div class=\"vc_col-sm-8 wpb_column vc_column_container\"><div class=\"vc_column-inner\"><div class=\"wpb_wrapper\">[vc_raw_html el_class=\u00a0\u00bbbreadcrumb\u00a0\u00bb]JTVCd3BzZW9fYnJlYWRjcnVtYiU1RA==[\/vc_raw_html]<div class=\"w-separator size_small\"><\/div><div class=\"wpb_text_column us_custom_47e68cdb has_text_color\"><div class=\"wpb_wrapper\"><h1>EN 60204.1 &#8211; S\u00e9curit\u00e9 des machines &#8211; \u00e9quipement \u00e9lectrique des machines<\/h1>\n<\/div><\/div><div class=\"w-separator size_small\"><\/div><div class=\"wpb_text_column\"><div class=\"wpb_wrapper\"><p>La norme harmonis\u00e9e EN\u202f60204.1 s\u2019applique aux \u00e9quipements et syst\u00e8mes \u00e9lectriques, \u00e9lectroniques et programmables des machines non portables \u00e0 la main en fonctionnement, y compris un groupe de machines fonctionnant ensemble d\u2019une mani\u00e8re coordonn\u00e9e.<\/p>\n<h4>La norme EN\u202f60204-1 comme r\u00e9f\u00e9rence pour les machines et \u00e9quipements de travail existants<\/h4>\n<p>La norme EN\u202f60204-1 offre un guide utile pour am\u00e9liorer la fiabilit\u00e9 et la s\u00e9curit\u00e9 des installations \u00e9lectriques \u00e0 toute personne qui est en contact quotidien avec ces machines et \u00e9quipements de travail. Faites appel \u00e0 Electro-Test pour \u00e9valuer et optimiser la s\u00e9curit\u00e9 et la conformit\u00e9 de votre (vos) machine(s) conform\u00e9ment \u00e0 la norme EN\u202f60204-1.<\/p>\n<\/div><\/div><div class=\"w-separator size_small\"><\/div><div class=\"w-btn-wrapper align_none\"><a class=\"w-btn us-btn-style_5\" title=\"Demander un devis\" href=\"https:\/\/electro-test.be\/fr\/commander\/\"><span class=\"w-btn-label\">Demander un devis<\/span><\/a><\/div><\/div><\/div><\/div><\/div><\/div><\/section><section class=\"l-section wpb_row us_custom_c4da886a height_auto\"><div class=\"l-section-h i-cf\"><div class=\"g-cols vc_row via_flex valign_top type_default stacking_default\"><div class=\"vc_col-sm-12 wpb_column vc_column_container marginbottom0button\"><div class=\"vc_column-inner\"><div class=\"wpb_wrapper\"><div class=\"w-separator size_medium\"><\/div><div class=\"wpb_text_column us_custom_6df4bc3a has_text_color\"><div class=\"wpb_wrapper\"><h3>Besoin d\u2019un contr\u00f4le fiable\u202f?<\/h3>\n<\/div><\/div><div class=\"w-separator size_small\"><\/div><div class=\"w-btn-wrapper align_left\"><a class=\"w-btn us-btn-style_6 us_custom_0490361b\" title=\"Prenez rendez-vous maintenant \" href=\"https:\/\/electro-test.be\/fr\/commander\/\"><span class=\"w-btn-label\">Prenez rendez-vous maintenant<\/span><\/a><\/div><\/div><\/div><\/div><\/div><\/div><\/section><section class=\"l-section wpb_row height_auto\"><div class=\"l-section-h i-cf\"><div class=\"g-cols vc_row via_flex valign_top type_default stacking_default\"><div class=\"vc_col-sm-5 vc_col-lg-3 vc_col-md-4 vc_col-xs-12 wpb_column vc_column_container has_bg_color stretched\"><div class=\"vc_column-inner us_custom_bf287441\"><div class=\"wpb_wrapper\"><div class=\"w-image align_center\"><div class=\"w-image-h\"><img decoding=\"async\" src=\"https:\/\/electro-test.be\/wp-content\/uploads\/2022\/07\/Vraagteken-01-1.svg\" class=\"attachment-us_70_70 size-us_70_70\" alt=\"\" loading=\"lazy\" \/><\/div><\/div><div class=\"w-separator size_medium\"><\/div><div class=\"wpb_text_column us_custom_47e68cdb has_text_color\"><div class=\"wpb_wrapper\"><h2>Qu\u2019est-ce que la norme de base harmonis\u00e9e EN\u202f60204.1\u202f?<\/h2>\n<\/div><\/div><div class=\"w-separator size_small\"><\/div><div class=\"wpb_text_column listtype\"><div class=\"wpb_wrapper\"><p>La norme EN\u202f60204-1 d\u00e9crit les exigences relatives \u00e0 l\u2019\u00e9quipement \u00e9lectrique des machines en vue d\u2019assurer\u202f:<\/p>\n<ul>\n<li>la s\u00e9curit\u00e9 des personnes et des biens<\/li>\n<li>la coh\u00e9rence de r\u00e9ponse des commandes<\/li>\n<li>la facilit\u00e9 de fonctionnement et de maintenance.<\/li>\n<\/ul>\n<\/div><\/div><div class=\"w-separator size_small\"><\/div><\/div><\/div><\/div><div class=\"vc_col-sm-1 vc_col-lg-1 vc_hidden-md vc_hidden-sm vc_hidden-xs wpb_column vc_column_container\"><div class=\"vc_column-inner\"><div class=\"wpb_wrapper\"><\/div><\/div><\/div><div class=\"vc_col-sm-7 vc_col-lg-8 vc_col-md-8 vc_col-xs-12 wpb_column vc_column_container\"><div class=\"vc_column-inner\"><div class=\"wpb_wrapper\"><div class=\"wpb_text_column us_custom_47e68cdb has_text_color\"><div class=\"wpb_wrapper\"><h2>Quels sont les points qui font l\u2019objet d\u2019une attention sp\u00e9cifique pendant le contr\u00f4le\u202f?<\/h2>\n<\/div><\/div><div class=\"w-separator size_small\"><\/div><div class=\"wpb_text_column\"><div class=\"wpb_wrapper\"><p>Les points ci-apr\u00e8s re\u00e7oivent une attention particuli\u00e8re pendant le contr\u00f4le\u202f: <\/p>\n<\/div><\/div><div class=\"w-separator size_small\"><\/div><div class=\"g-cols wpb_row nodigblocksrow via_flex valign_top type_default stacking_default\" style=\"--additional-gap:10px;\"><div class=\"vc_col-sm-4 wpb_column vc_column_container afterdriehoek3 has_bg_color\"><div class=\"vc_column-inner us_custom_d5ddde31\"><div class=\"wpb_wrapper\"><div class=\"w-image lefttop align_left\"><div class=\"w-image-h\"><img decoding=\"async\" src=\"https:\/\/electro-test.be\/wp-content\/uploads\/2022\/07\/check-1.svg\" class=\"attachment-us_70_70 size-us_70_70\" alt=\"\" loading=\"lazy\" \/><\/div><\/div><div class=\"w-separator size_medium\"><\/div><div class=\"wpb_text_column us_custom_c8b9dfc4 zindex99 relative has_text_color\"><div class=\"wpb_wrapper\"><p>la base juridique relative \u00e0 la mise en service, sur le plan \u00e9lectrique\u202f<\/p>\n<\/div><\/div><div class=\"w-separator size_medium\"><\/div><\/div><\/div><\/div><div class=\"vc_col-sm-4 wpb_column vc_column_container afterdriehoek3 has_bg_color\"><div class=\"vc_column-inner us_custom_e560f9bb\"><div class=\"wpb_wrapper\"><div class=\"w-image lefttop align_left\"><div class=\"w-image-h\"><img decoding=\"async\" src=\"https:\/\/electro-test.be\/wp-content\/uploads\/2022\/07\/check-1.svg\" class=\"attachment-us_70_70 size-us_70_70\" alt=\"\" loading=\"lazy\" \/><\/div><\/div><div class=\"w-separator size_medium\"><\/div><div class=\"wpb_text_column us_custom_c8b9dfc4 zindex99 relative has_text_color\"><div class=\"wpb_wrapper\"><p>le r\u00e9seau et les mesures de protection\u202f<\/p>\n<\/div><\/div><div class=\"w-separator size_medium\"><\/div><\/div><\/div><\/div><div class=\"vc_col-sm-4 wpb_column vc_column_container afterdriehoek3 has_bg_color\"><div class=\"vc_column-inner us_custom_e560f9bb\"><div class=\"wpb_wrapper\"><div class=\"w-image lefttop align_left\"><div class=\"w-image-h\"><img decoding=\"async\" src=\"https:\/\/electro-test.be\/wp-content\/uploads\/2022\/07\/check-1.svg\" class=\"attachment-us_70_70 size-us_70_70\" alt=\"\" loading=\"lazy\" \/><\/div><\/div><div class=\"w-separator size_medium\"><\/div><div class=\"wpb_text_column us_custom_c8b9dfc4 zindex99 relative has_text_color\"><div class=\"wpb_wrapper\"><p>les exigences applicables aux fonctions de commande telles que les dispositifs d\u2019arr\u00eat d\u2019urgence, la surveillance des barri\u00e8res, les rideaux lumineux et d\u2019autres fonctions\u202f<\/p>\n<\/div><\/div><div class=\"w-separator size_medium\"><\/div><\/div><\/div><\/div><\/div><div class=\"w-separator size_small\"><\/div><div class=\"g-cols wpb_row nodigblocksrow via_flex valign_top type_default stacking_default\" style=\"--additional-gap:10px;\"><div class=\"vc_col-sm-4 wpb_column vc_column_container afterdriehoek3 has_bg_color\"><div class=\"vc_column-inner us_custom_d5ddde31\"><div class=\"wpb_wrapper\"><div class=\"w-image lefttop align_left\"><div class=\"w-image-h\"><img decoding=\"async\" src=\"https:\/\/electro-test.be\/wp-content\/uploads\/2022\/07\/check-1.svg\" class=\"attachment-us_70_70 size-us_70_70\" alt=\"\" loading=\"lazy\" \/><\/div><\/div><div class=\"w-separator size_medium\"><\/div><div class=\"wpb_text_column us_custom_c8b9dfc4 zindex99 relative has_text_color\"><div class=\"wpb_wrapper\"><p>les tableaux basse tension\u202f<\/p>\n<\/div><\/div><div class=\"w-separator size_medium\"><\/div><\/div><\/div><\/div><div class=\"vc_col-sm-4 wpb_column vc_column_container afterdriehoek3 has_bg_color\"><div class=\"vc_column-inner us_custom_e560f9bb\"><div class=\"wpb_wrapper\"><div class=\"w-image lefttop align_left\"><div class=\"w-image-h\"><img decoding=\"async\" src=\"https:\/\/electro-test.be\/wp-content\/uploads\/2022\/07\/check-1.svg\" class=\"attachment-us_70_70 size-us_70_70\" alt=\"\" loading=\"lazy\" \/><\/div><\/div><div class=\"w-separator size_medium\"><\/div><div class=\"wpb_text_column us_custom_c8b9dfc4 zindex99 relative has_text_color\"><div class=\"wpb_wrapper\"><p>le traitement de normes connexes telles que la s\u00e9rie EN\u202f60947 et autres.<\/p>\n<\/div><\/div><div class=\"w-separator size_medium\"><\/div><\/div><\/div><\/div><div class=\"vc_col-sm-4 wpb_column vc_column_container\"><div class=\"vc_column-inner\"><div class=\"wpb_wrapper\"><\/div><\/div><\/div><\/div><div class=\"w-separator size_small\"><\/div><\/div><\/div><\/div><\/div><\/div><\/section><section class=\"l-section wpb_row us_custom_87af0d37 height_auto\"><div class=\"l-section-h i-cf\"><div class=\"g-cols vc_row via_flex valign_top type_default stacking_default\"><div class=\"vc_col-sm-5 wpb_column vc_column_container marginbottom0button\"><div class=\"vc_column-inner us_custom_e11ab399\"><div class=\"wpb_wrapper\"><div class=\"w-separator size_medium\"><\/div><div class=\"wpb_text_column us_custom_6df4bc3a has_text_color\"><div class=\"wpb_wrapper\"><h4>Besoin d\u2019un contr\u00f4le fiable\u202f?<\/h4>\n<\/div><\/div><div class=\"w-separator size_small\"><\/div><div class=\"w-btn-wrapper align_none\"><a class=\"w-btn us-btn-style_1 marginbottom0button\" title=\"Prenez rendez-vous maintenant \" href=\"https:\/\/electro-test.be\/fr\/commander\/\"><span class=\"w-btn-label\">Prenez rendez-vous maintenant<\/span><\/a><\/div><\/div><\/div><\/div><div class=\"vc_col-sm-7 wpb_column vc_column_container m300 has_bg_color stretched\"><div class=\"vc_column-inner us_custom_f93831b2\"><div class=\"wpb_wrapper\"><\/div><\/div><\/div><\/div><\/div><\/section><section class=\"l-section wpb_row height_small\"><div class=\"l-section-h i-cf\"><div class=\"g-cols vc_row via_flex valign_top type_default stacking_default\"><div class=\"vc_col-sm-7 wpb_column vc_column_container\"><div class=\"vc_column-inner\"><div class=\"wpb_wrapper\"><div class=\"wpb_text_column us_custom_47e68cdb has_text_color\"><div class=\"wpb_wrapper\"><h2>Pourquoi est-il important de contr\u00f4ler les machines conform\u00e9ment \u00e0 la norme EN\u202f60204.1\u202f?<\/h2>\n<\/div><\/div><div class=\"w-separator size_small\"><\/div><div class=\"wpb_text_column\"><div class=\"wpb_wrapper\"><p>Si l\u2019on se conforme aux r\u00e8gles fondamentales de cette norme, on peut partir du principe que l\u2019on respecte les exigences essentielles de sant\u00e9 et de s\u00e9curit\u00e9 vis\u00e9es dans la directive europ\u00e9enne relative aux machines concernant la mise sur le march\u00e9 de machines au sein de l\u2019Union europ\u00e9enne. Une fois install\u00e9e, la machine doit \u00eatre mise en service en tant qu\u2019\u00e9quipement de travail conform\u00e9ment au Livre\u202f1 du R\u00e8glement g\u00e9n\u00e9ral sur les installations \u00e9lectriques (RGIE). <\/p>\n<\/div><\/div><div class=\"w-separator size_small\"><\/div><\/div><\/div><\/div><div class=\"vc_col-sm-5 wpb_column vc_column_container\"><div class=\"vc_column-inner\"><div class=\"wpb_wrapper\"><\/div><\/div><\/div><\/div><\/div><\/section><section class=\"l-section wpb_row us_custom_0ba95ac2 height_medium\"><div class=\"l-section-h i-cf\"><div class=\"g-cols vc_row via_flex valign_top type_default stacking_default\"><div class=\"vc_col-sm-12 wpb_column vc_column_container\"><div class=\"vc_column-inner\"><div class=\"wpb_wrapper\"><div class=\"wpb_text_column us_custom_47e68cdb has_text_color\"><div class=\"wpb_wrapper\"><h2>Est-il obligatoire de contr\u00f4ler les machines conform\u00e9ment \u00e0 la norme EN\u202f60204.1\u202f?<\/h2>\n<\/div><\/div><div class=\"w-separator size_small\"><\/div><div class=\"wpb_text_column\"><div class=\"wpb_wrapper\"><p>L\u2019installation \u00e9lectrique d\u2019une machine doit en principe \u00eatre conforme \u00e0 la norme EN\u202f60204-1. La responsabilit\u00e9 du contr\u00f4le incombe au fabricant s\u2019il s\u2019agit de machines qui ne pr\u00e9sentent pas de danger. Dans le cas de machines dangereuses, un organisme notifi\u00e9 (NoBo) doit intervenir. <\/p>\n<\/div><\/div><\/div><\/div><\/div><\/div><\/div><\/section><section class=\"l-section wpb_row height_medium\"><div class=\"l-section-h i-cf\"><div class=\"g-cols vc_row via_flex valign_top type_default stacking_default\"><div class=\"vc_col-sm-6 wpb_column vc_column_container\"><div class=\"vc_column-inner\"><div class=\"wpb_wrapper\"><div class=\"wpb_text_column\"><div class=\"wpb_wrapper\"><h2>Contr\u00f4le de machines conform\u00e9ment \u00e0 la norme EN\u202f60204.1 par Electro-Test<\/h2>\n<p>L\u2019application de la norme EN\u202f60204-1 implique d\u2019effectuer le contr\u00f4le \u00e9tape par \u00e9tape et de proc\u00e9der aux tests selon les consignes d\u00e9crites dans la norme. Faites appel \u00e0 Electro-Test pour en savoir plus sur les r\u00e8gles fondamentales de la norme EN\u202f60204-1. Vous respecterez ainsi les exigences essentielles (d\u00e9crites dans l\u2019annexe\u202f1 de la directive relative aux machines et la directive relative aux \u00e9quipements de travail) en ce qui concerne les aspects \u00e9lectriques.<\/p>\n<\/div><\/div><\/div><\/div><\/div><div class=\"vc_col-sm-1 wpb_column vc_column_container\"><div class=\"vc_column-inner\"><div class=\"wpb_wrapper\"><\/div><\/div><\/div><div class=\"vc_col-sm-5 wpb_column vc_column_container m300 has_bg_color\"><div class=\"vc_column-inner us_custom_17caea69\"><div class=\"wpb_wrapper\"><\/div><\/div><\/div><\/div><\/div><\/section><section class=\"l-section wpb_row height_auto\"><div class=\"l-section-h i-cf\"><div class=\"g-cols vc_row via_flex valign_top type_default stacking_default\"><div class=\"vc_col-sm-12 wpb_column vc_column_container marginbottom0button has_bg_color\"><div class=\"vc_column-inner us_custom_7e653751\"><div class=\"wpb_wrapper\"><div class=\"w-separator size_medium\"><\/div><div class=\"wpb_text_column us_custom_6df4bc3a has_text_color\"><div class=\"wpb_wrapper\"><h3 style=\"text-align: center;\">Besoin d\u2019un contr\u00f4le fiable\u202f?<\/h3>\n<\/div><\/div><div class=\"w-separator size_small\"><\/div><div class=\"w-btn-wrapper align_center\"><a class=\"w-btn us-btn-style_6 us_custom_0490361b\" title=\"Prenez rendez-vous maintenant \" href=\"https:\/\/electro-test.be\/fr\/commander\/\"><span class=\"w-btn-label\">Prenez rendez-vous maintenant<\/span><\/a><\/div><\/div><\/div><\/div><\/div><\/div><\/section>\n","protected":false},"excerpt":{"rendered":"[vc_raw_html el_class=\"breadcrumb\"]JTVCd3BzZW9fYnJlYWRjcnVtYiU1RA==[\/vc_raw_html]EN 60204.1 &#8211; S\u00e9curit\u00e9 des machines &#8211; \u00e9quipement \u00e9lectrique des machines La norme harmonis\u00e9e EN\u202f60204.1 s\u2019applique aux \u00e9quipements et syst\u00e8mes \u00e9lectriques, \u00e9lectroniques et programmables des machines non portables \u00e0 la main en fonctionnement, y compris un groupe de machines fonctionnant ensemble d\u2019une mani\u00e8re coordonn\u00e9e. La norme EN\u202f60204-1 comme r\u00e9f\u00e9rence pour les machines et \u00e9quipements...","protected":false},"author":1,"featured_media":0,"parent":2558,"menu_order":8,"comment_status":"closed","ping_status":"closed","template":"","meta":{"_acf_changed":false,"footnotes":""},"class_list":["post-2601","page","type-page","status-publish","hentry"],"acf":[],"yoast_head":"<!-- This site is optimized with the Yoast SEO plugin v27.4 - https:\/\/yoast.com\/product\/yoast-seo-wordpress\/ -->\n<title>Contr\u00f4le de machines conform\u00e9ment \u00e0 la norme EN\u202f60204.1<\/title>\n<meta name=\"description\" content=\"Contr\u00f4le de machines conform\u00e9ment \u00e0 la norme EN\u202f60204.1 par un organisme agr\u00e9\u00e9. Une solution rapide, flexible, professionnelle et proche de chez vous. Contactez-nous pour un contr\u00f4le des machines conforme \u00e0 la norme EN\u202f60204.1 dans votre entreprise.\" \/>\n<meta name=\"robots\" content=\"index, follow, max-snippet:-1, max-image-preview:large, max-video-preview:-1\" \/>\n<link rel=\"canonical\" href=\"https:\/\/electro-test.be\/fr\/professionnels\/electriques-non-domestiques\/machines-conformement-a-la-norme-en-60204-1\/\" \/>\n<meta property=\"og:locale\" content=\"fr_FR\" \/>\n<meta property=\"og:type\" content=\"article\" \/>\n<meta property=\"og:title\" content=\"Contr\u00f4le de machines conform\u00e9ment \u00e0 la norme EN\u202f60204.1\" \/>\n<meta property=\"og:description\" content=\"Contr\u00f4le de machines conform\u00e9ment \u00e0 la norme EN\u202f60204.1 par un organisme agr\u00e9\u00e9. Une solution rapide, flexible, professionnelle et proche de chez vous. Contactez-nous pour un contr\u00f4le des machines conforme \u00e0 la norme EN\u202f60204.1 dans votre entreprise.\" \/>\n<meta property=\"og:url\" content=\"https:\/\/electro-test.be\/fr\/professionnels\/electriques-non-domestiques\/machines-conformement-a-la-norme-en-60204-1\/\" \/>\n<meta property=\"og:site_name\" content=\"Electro-Test\" \/>\n<meta property=\"article:modified_time\" content=\"2026-03-02T14:35:44+00:00\" \/>\n<meta name=\"twitter:card\" content=\"summary_large_image\" \/>\n<meta name=\"twitter:label1\" content=\"Dur\u00e9e de lecture estim\u00e9e\" \/>\n\t<meta name=\"twitter:data1\" content=\"4 minutes\" \/>\n<script type=\"application\/ld+json\" class=\"yoast-schema-graph\">{\"@context\":\"https:\\\/\\\/schema.org\",\"@graph\":[{\"@type\":\"WebPage\",\"@id\":\"https:\\\/\\\/electro-test.be\\\/fr\\\/professionnels\\\/electriques-non-domestiques\\\/machines-conformement-a-la-norme-en-60204-1\\\/\",\"url\":\"https:\\\/\\\/electro-test.be\\\/fr\\\/professionnels\\\/electriques-non-domestiques\\\/machines-conformement-a-la-norme-en-60204-1\\\/\",\"name\":\"Contr\u00f4le de machines conform\u00e9ment \u00e0 la norme EN\u202f60204.1\",\"isPartOf\":{\"@id\":\"https:\\\/\\\/electro-test.be\\\/fr\\\/#website\"},\"datePublished\":\"2022-06-21T12:52:03+00:00\",\"dateModified\":\"2026-03-02T14:35:44+00:00\",\"description\":\"Contr\u00f4le de machines conform\u00e9ment \u00e0 la norme EN\u202f60204.1 par un organisme agr\u00e9\u00e9. Une solution rapide, flexible, professionnelle et proche de chez vous. Contactez-nous pour un contr\u00f4le des machines conforme \u00e0 la norme EN\u202f60204.1 dans votre entreprise.\",\"breadcrumb\":{\"@id\":\"https:\\\/\\\/electro-test.be\\\/fr\\\/professionnels\\\/electriques-non-domestiques\\\/machines-conformement-a-la-norme-en-60204-1\\\/#breadcrumb\"},\"inLanguage\":\"fr-FR\",\"potentialAction\":[{\"@type\":\"ReadAction\",\"target\":[\"https:\\\/\\\/electro-test.be\\\/fr\\\/professionnels\\\/electriques-non-domestiques\\\/machines-conformement-a-la-norme-en-60204-1\\\/\"]}]},{\"@type\":\"BreadcrumbList\",\"@id\":\"https:\\\/\\\/electro-test.be\\\/fr\\\/professionnels\\\/electriques-non-domestiques\\\/machines-conformement-a-la-norme-en-60204-1\\\/#breadcrumb\",\"itemListElement\":[{\"@type\":\"ListItem\",\"position\":1,\"name\":\"Professionnels\",\"item\":\"https:\\\/\\\/electro-test.be\\\/fr\\\/professionnels\\\/\"},{\"@type\":\"ListItem\",\"position\":2,\"name\":\"\u00c9lectricit\u00e9 non domestique\",\"item\":\"https:\\\/\\\/electro-test.be\\\/fr\\\/professionnels\\\/electriques-non-domestiques\\\/\"},{\"@type\":\"ListItem\",\"position\":3,\"name\":\"Machines conform\u00e9ment \u00e0 la norme EN\u202f60204.1\"}]},{\"@type\":\"WebSite\",\"@id\":\"https:\\\/\\\/electro-test.be\\\/fr\\\/#website\",\"url\":\"https:\\\/\\\/electro-test.be\\\/fr\\\/\",\"name\":\"Electro-Test\",\"description\":\"\",\"publisher\":{\"@id\":\"https:\\\/\\\/electro-test.be\\\/fr\\\/#organization\"},\"potentialAction\":[{\"@type\":\"SearchAction\",\"target\":{\"@type\":\"EntryPoint\",\"urlTemplate\":\"https:\\\/\\\/electro-test.be\\\/fr\\\/?s={search_term_string}\"},\"query-input\":{\"@type\":\"PropertyValueSpecification\",\"valueRequired\":true,\"valueName\":\"search_term_string\"}}],\"inLanguage\":\"fr-FR\"},{\"@type\":\"Organization\",\"@id\":\"https:\\\/\\\/electro-test.be\\\/fr\\\/#organization\",\"name\":\"electroTEST\",\"url\":\"https:\\\/\\\/electro-test.be\\\/fr\\\/\",\"logo\":{\"@type\":\"ImageObject\",\"inLanguage\":\"fr-FR\",\"@id\":\"https:\\\/\\\/electro-test.be\\\/fr\\\/#\\\/schema\\\/logo\\\/image\\\/\",\"url\":\"https:\\\/\\\/electro-test.be\\\/wp-content\\\/uploads\\\/2022\\\/06\\\/Logo_ET_NL-FR.svg\",\"contentUrl\":\"https:\\\/\\\/electro-test.be\\\/wp-content\\\/uploads\\\/2022\\\/06\\\/Logo_ET_NL-FR.svg\",\"width\":\"1024\",\"height\":\"1024\",\"caption\":\"electroTEST\"},\"image\":{\"@id\":\"https:\\\/\\\/electro-test.be\\\/fr\\\/#\\\/schema\\\/logo\\\/image\\\/\"}}]}<\/script>\n<!-- \/ Yoast SEO plugin. -->","yoast_head_json":{"title":"Contr\u00f4le de machines conform\u00e9ment \u00e0 la norme EN\u202f60204.1","description":"Contr\u00f4le de machines conform\u00e9ment \u00e0 la norme EN\u202f60204.1 par un organisme agr\u00e9\u00e9. Une solution rapide, flexible, professionnelle et proche de chez vous. Contactez-nous pour un contr\u00f4le des machines conforme \u00e0 la norme EN\u202f60204.1 dans votre entreprise.","robots":{"index":"index","follow":"follow","max-snippet":"max-snippet:-1","max-image-preview":"max-image-preview:large","max-video-preview":"max-video-preview:-1"},"canonical":"https:\/\/electro-test.be\/fr\/professionnels\/electriques-non-domestiques\/machines-conformement-a-la-norme-en-60204-1\/","og_locale":"fr_FR","og_type":"article","og_title":"Contr\u00f4le de machines conform\u00e9ment \u00e0 la norme EN\u202f60204.1","og_description":"Contr\u00f4le de machines conform\u00e9ment \u00e0 la norme EN\u202f60204.1 par un organisme agr\u00e9\u00e9. Une solution rapide, flexible, professionnelle et proche de chez vous. Contactez-nous pour un contr\u00f4le des machines conforme \u00e0 la norme EN\u202f60204.1 dans votre entreprise.","og_url":"https:\/\/electro-test.be\/fr\/professionnels\/electriques-non-domestiques\/machines-conformement-a-la-norme-en-60204-1\/","og_site_name":"Electro-Test","article_modified_time":"2026-03-02T14:35:44+00:00","twitter_card":"summary_large_image","twitter_misc":{"Dur\u00e9e de lecture estim\u00e9e":"4 minutes"},"schema":{"@context":"https:\/\/schema.org","@graph":[{"@type":"WebPage","@id":"https:\/\/electro-test.be\/fr\/professionnels\/electriques-non-domestiques\/machines-conformement-a-la-norme-en-60204-1\/","url":"https:\/\/electro-test.be\/fr\/professionnels\/electriques-non-domestiques\/machines-conformement-a-la-norme-en-60204-1\/","name":"Contr\u00f4le de machines conform\u00e9ment \u00e0 la norme EN\u202f60204.1","isPartOf":{"@id":"https:\/\/electro-test.be\/fr\/#website"},"datePublished":"2022-06-21T12:52:03+00:00","dateModified":"2026-03-02T14:35:44+00:00","description":"Contr\u00f4le de machines conform\u00e9ment \u00e0 la norme EN\u202f60204.1 par un organisme agr\u00e9\u00e9. Une solution rapide, flexible, professionnelle et proche de chez vous. Contactez-nous pour un contr\u00f4le des machines conforme \u00e0 la norme EN\u202f60204.1 dans votre entreprise.","breadcrumb":{"@id":"https:\/\/electro-test.be\/fr\/professionnels\/electriques-non-domestiques\/machines-conformement-a-la-norme-en-60204-1\/#breadcrumb"},"inLanguage":"fr-FR","potentialAction":[{"@type":"ReadAction","target":["https:\/\/electro-test.be\/fr\/professionnels\/electriques-non-domestiques\/machines-conformement-a-la-norme-en-60204-1\/"]}]},{"@type":"BreadcrumbList","@id":"https:\/\/electro-test.be\/fr\/professionnels\/electriques-non-domestiques\/machines-conformement-a-la-norme-en-60204-1\/#breadcrumb","itemListElement":[{"@type":"ListItem","position":1,"name":"Professionnels","item":"https:\/\/electro-test.be\/fr\/professionnels\/"},{"@type":"ListItem","position":2,"name":"\u00c9lectricit\u00e9 non domestique","item":"https:\/\/electro-test.be\/fr\/professionnels\/electriques-non-domestiques\/"},{"@type":"ListItem","position":3,"name":"Machines conform\u00e9ment \u00e0 la norme EN\u202f60204.1"}]},{"@type":"WebSite","@id":"https:\/\/electro-test.be\/fr\/#website","url":"https:\/\/electro-test.be\/fr\/","name":"Electro-Test","description":"","publisher":{"@id":"https:\/\/electro-test.be\/fr\/#organization"},"potentialAction":[{"@type":"SearchAction","target":{"@type":"EntryPoint","urlTemplate":"https:\/\/electro-test.be\/fr\/?s={search_term_string}"},"query-input":{"@type":"PropertyValueSpecification","valueRequired":true,"valueName":"search_term_string"}}],"inLanguage":"fr-FR"},{"@type":"Organization","@id":"https:\/\/electro-test.be\/fr\/#organization","name":"electroTEST","url":"https:\/\/electro-test.be\/fr\/","logo":{"@type":"ImageObject","inLanguage":"fr-FR","@id":"https:\/\/electro-test.be\/fr\/#\/schema\/logo\/image\/","url":"https:\/\/electro-test.be\/wp-content\/uploads\/2022\/06\/Logo_ET_NL-FR.svg","contentUrl":"https:\/\/electro-test.be\/wp-content\/uploads\/2022\/06\/Logo_ET_NL-FR.svg","width":"1024","height":"1024","caption":"electroTEST"},"image":{"@id":"https:\/\/electro-test.be\/fr\/#\/schema\/logo\/image\/"}}]}},"_links":{"self":[{"href":"https:\/\/electro-test.be\/fr\/wp-json\/wp\/v2\/pages\/2601","targetHints":{"allow":["GET"]}}],"collection":[{"href":"https:\/\/electro-test.be\/fr\/wp-json\/wp\/v2\/pages"}],"about":[{"href":"https:\/\/electro-test.be\/fr\/wp-json\/wp\/v2\/types\/page"}],"author":[{"embeddable":true,"href":"https:\/\/electro-test.be\/fr\/wp-json\/wp\/v2\/users\/1"}],"replies":[{"embeddable":true,"href":"https:\/\/electro-test.be\/fr\/wp-json\/wp\/v2\/comments?post=2601"}],"version-history":[{"count":3,"href":"https:\/\/electro-test.be\/fr\/wp-json\/wp\/v2\/pages\/2601\/revisions"}],"predecessor-version":[{"id":6126,"href":"https:\/\/electro-test.be\/fr\/wp-json\/wp\/v2\/pages\/2601\/revisions\/6126"}],"up":[{"embeddable":true,"href":"https:\/\/electro-test.be\/fr\/wp-json\/wp\/v2\/pages\/2558"}],"wp:attachment":[{"href":"https:\/\/electro-test.be\/fr\/wp-json\/wp\/v2\/media?parent=2601"}],"curies":[{"name":"wp","href":"https:\/\/api.w.org\/{rel}","templated":true}]}}