{"id":2620,"date":"2022-06-21T15:25:30","date_gmt":"2022-06-21T13:25:30","guid":{"rendered":"https:\/\/electro-test.be\/professionelen\/brandbeveiliging\/gasdetectie\/"},"modified":"2026-03-03T12:22:22","modified_gmt":"2026-03-03T10:22:22","slug":"detection-de-gaz","status":"publish","type":"page","link":"https:\/\/electro-test.be\/fr\/professionnels\/protection-contre-lincendie\/detection-de-gaz\/","title":{"rendered":"D\u00e9tection de gaz"},"content":{"rendered":"<section class=\"l-section wpb_row height_auto\"><div class=\"l-section-h i-cf\"><div class=\"g-cols vc_row via_flex valign_top type_default stacking_default\"><div class=\"vc_col-sm-1 wpb_column vc_column_container afterdriehoek2 m300 has_bg_color stretched\"><div class=\"vc_column-inner us_custom_ba9dc8fa\"><div class=\"wpb_wrapper\"><\/div><\/div><\/div><div class=\"vc_col-sm-1 wpb_column vc_column_container\"><div class=\"vc_column-inner\"><div class=\"wpb_wrapper\"><\/div><\/div><\/div><div class=\"vc_col-sm-8 wpb_column vc_column_container\"><div class=\"vc_column-inner\"><div class=\"wpb_wrapper\">[vc_raw_html el_class=\u00a0\u00bbbreadcrumb\u00a0\u00bb]JTVCd3BzZW9fYnJlYWRjcnVtYiU1RA==[\/vc_raw_html]<div class=\"w-separator size_small\"><\/div><div class=\"wpb_text_column us_custom_47e68cdb has_text_color\"><div class=\"wpb_wrapper\"><h1>Contr\u00f4le des installations de d\u00e9tection de gaz<\/h1>\n<\/div><\/div><div class=\"w-separator size_small\"><\/div><div class=\"wpb_text_column\"><div class=\"wpb_wrapper\"><p>La d\u00e9tection des fuites de gaz peut se r\u00e9v\u00e9ler cruciale pour la s\u00e9curit\u00e9 de votre b\u00e2timent.<\/p>\n<p>Les contr\u00f4les p\u00e9riodiques sont n\u00e9cessaires pour garantir que les syst\u00e8mes de d\u00e9tection de gaz r\u00e9agissent avec pr\u00e9cision et restent pr\u00eats \u00e0 \u00eatre utilis\u00e9s.<\/p>\n<p>Parall\u00e8lement aux installations de d\u00e9tection de gaz, vous pouvez aussi faire appel \u00e0 Electro-Test pour l\u2019inspection des moyens de pr\u00e9vention comme les syst\u00e8mes d\u2019extinction automatique, les syst\u00e8mes de d\u00e9tection et d\u2019alarme incendie, les d\u00e9vidoirs et hydrants et l\u2019\u00e9clairage de s\u00e9curit\u00e9 et de secours dans votre entreprise. Vous avez ainsi la certitude qu&rsquo;ils satisfont aux prescriptions l\u00e9gales de s\u00e9curit\u00e9 et que votre pr\u00e9vention incendie est parfaitement en ordre.<\/p>\n<\/div><\/div><div class=\"w-separator size_small\"><\/div><div class=\"w-btn-wrapper align_none\"><a class=\"w-btn us-btn-style_5\" title=\"Demander un devis\" href=\"https:\/\/electro-test.be\/fr\/commander\/\"><span class=\"w-btn-label\">Demander un devis<\/span><\/a><\/div><\/div><\/div><\/div><\/div><\/div><\/section><section class=\"l-section wpb_row us_custom_c4da886a height_auto\"><div class=\"l-section-h i-cf\"><div class=\"g-cols vc_row via_flex valign_top type_default stacking_default\"><div class=\"vc_col-sm-12 wpb_column vc_column_container marginbottom0button\"><div class=\"vc_column-inner\"><div class=\"wpb_wrapper\"><div class=\"w-separator size_medium\"><\/div><div class=\"wpb_text_column us_custom_6df4bc3a has_text_color\"><div class=\"wpb_wrapper\"><h3>Besoin d\u2019un contr\u00f4le fiable des installations de d\u00e9tection de gaz dans votre entreprise\u202f?<\/h3>\n<\/div><\/div><div class=\"w-separator size_small\"><\/div><div class=\"w-btn-wrapper align_left\"><a class=\"w-btn us-btn-style_6 us_custom_0490361b\" title=\"Contactez-nous\" href=\"https:\/\/electro-test.be\/fr\/commander\/\"><span class=\"w-btn-label\">Contactez-nous<\/span><\/a><\/div><\/div><\/div><\/div><\/div><\/div><\/section><section class=\"l-section wpb_row height_auto\"><div class=\"l-section-h i-cf\"><div class=\"g-cols vc_row via_flex valign_top type_default stacking_default\"><div class=\"vc_col-sm-5 vc_col-lg-3 vc_col-md-4 vc_col-xs-12 wpb_column vc_column_container has_bg_color stretched\"><div class=\"vc_column-inner us_custom_bf287441\"><div class=\"wpb_wrapper\"><div class=\"w-image align_center\"><div class=\"w-image-h\"><img decoding=\"async\" src=\"https:\/\/electro-test.be\/wp-content\/uploads\/2022\/07\/Vraagteken-01-1.svg\" class=\"attachment-us_70_70 size-us_70_70\" alt=\"\" loading=\"lazy\" \/><\/div><\/div><div class=\"w-separator size_medium\"><\/div><div class=\"wpb_text_column us_custom_47e68cdb has_text_color\"><div class=\"wpb_wrapper\"><h2>Le contr\u00f4le des syst\u00e8mes de d\u00e9tection de gaz est-il obligatoire\u202f?<\/h2>\n<\/div><\/div><div class=\"w-separator size_small\"><\/div><div class=\"wpb_text_column listtype\"><div class=\"wpb_wrapper\"><p>Oui\u202f! Vu l\u2019importance des moyens de lutte contre l\u2019incendie, la l\u00e9gislation impose au minimum une fr\u00e9quence annuelle pour les contr\u00f4les. Une concentration de gaz anormale dans un environnement sp\u00e9cifique peut \u00eatre \u00e0 l\u2019origine de cons\u00e9quences dramatiques telles que des explosions, un incendie et\/ou une intoxication. <\/p>\n<\/div><\/div><div class=\"w-separator size_small\"><\/div><\/div><\/div><\/div><div class=\"vc_col-sm-1 vc_col-lg-1 vc_hidden-md vc_hidden-sm vc_hidden-xs wpb_column vc_column_container\"><div class=\"vc_column-inner\"><div class=\"wpb_wrapper\"><\/div><\/div><\/div><div class=\"vc_col-sm-7 vc_col-lg-8 vc_col-md-8 vc_col-xs-12 wpb_column vc_column_container\"><div class=\"vc_column-inner\"><div class=\"wpb_wrapper\"><div class=\"wpb_text_column us_custom_47e68cdb has_text_color\"><div class=\"wpb_wrapper\"><h2>Qu&rsquo;implique le contr\u00f4le de la d\u00e9tection de gaz\u202f?<\/h2>\n<\/div><\/div><div class=\"w-separator size_small\"><\/div><div class=\"g-cols wpb_row nodigblocksrow via_flex valign_top type_default stacking_default\" style=\"--additional-gap:10px;\"><div class=\"vc_col-sm-6 wpb_column vc_column_container afterdriehoek3 has_bg_color\"><div class=\"vc_column-inner us_custom_d5ddde31\"><div class=\"wpb_wrapper\"><div class=\"w-image lefttop align_left\"><div class=\"w-image-h\"><img decoding=\"async\" src=\"https:\/\/electro-test.be\/wp-content\/uploads\/2022\/07\/check-1.svg\" class=\"attachment-us_70_70 size-us_70_70\" alt=\"\" loading=\"lazy\" \/><\/div><\/div><div class=\"w-separator size_medium\"><\/div><div class=\"wpb_text_column us_custom_c8b9dfc4 zindex99 relative has_text_color\"><div class=\"wpb_wrapper\"><p>Lors de ce contr\u00f4le, nos inspecteurs v\u00e9rifient le fonctionnement des d\u00e9tecteurs de gaz selon diff\u00e9rents niveaux de sensibilit\u00e9. <\/p>\n<\/div><\/div><div class=\"w-separator size_medium\"><\/div><\/div><\/div><\/div><div class=\"vc_col-sm-6 wpb_column vc_column_container afterdriehoek3 has_bg_color\"><div class=\"vc_column-inner us_custom_e560f9bb\"><div class=\"wpb_wrapper\"><div class=\"w-image lefttop align_left\"><div class=\"w-image-h\"><img decoding=\"async\" src=\"https:\/\/electro-test.be\/wp-content\/uploads\/2022\/07\/check-1.svg\" class=\"attachment-us_70_70 size-us_70_70\" alt=\"\" loading=\"lazy\" \/><\/div><\/div><div class=\"w-separator size_medium\"><\/div><div class=\"wpb_text_column us_custom_c8b9dfc4 zindex99 relative has_text_color\"><div class=\"wpb_wrapper\"><p>Ils v\u00e9rifient \u00e9galement les signaux envoy\u00e9s vers la centrale incendie et s\u2019assurent du bon fonctionnement des connexions (\u00e9lectrovanne gaz, \u00e9cran d\u2019\u00e9tanch\u00e9it\u00e9 de la chaudi\u00e8re&#8230;) <\/p>\n<\/div><\/div><div class=\"w-separator size_medium\"><\/div><\/div><\/div><\/div><\/div><\/div><\/div><\/div><\/div><\/div><\/section><section class=\"l-section wpb_row us_custom_87af0d37 height_auto\"><div class=\"l-section-h i-cf\"><div class=\"g-cols vc_row via_flex valign_top type_default stacking_default\"><div class=\"vc_col-sm-5 wpb_column vc_column_container marginbottom0button\"><div class=\"vc_column-inner us_custom_e11ab399\"><div class=\"wpb_wrapper\"><div class=\"w-separator size_medium\"><\/div><div class=\"wpb_text_column us_custom_6df4bc3a has_text_color\"><div class=\"wpb_wrapper\"><h4>Besoin d&rsquo;un contr\u00f4le fiable des installations de d\u00e9tection de gaz dans votre entreprise\u202f?<\/h4>\n<\/div><\/div><div class=\"w-separator size_small\"><\/div><div class=\"w-btn-wrapper align_none\"><a class=\"w-btn us-btn-style_1 marginbottom0button\" title=\"Contactez-nous\" href=\"https:\/\/electro-test.be\/fr\/commander\/\"><span class=\"w-btn-label\">Contactez-nous<\/span><\/a><\/div><\/div><\/div><\/div><div class=\"vc_col-sm-7 wpb_column vc_column_container m300 has_bg_color stretched\"><div class=\"vc_column-inner us_custom_c8fff482\"><div class=\"wpb_wrapper\"><\/div><\/div><\/div><\/div><\/div><\/section><section class=\"l-section wpb_row height_small\"><div class=\"l-section-h i-cf\"><div class=\"g-cols vc_row via_flex valign_top type_default stacking_default\"><div class=\"vc_col-sm-12 wpb_column vc_column_container\"><div class=\"vc_column-inner\"><div class=\"wpb_wrapper\"><div class=\"wpb_text_column us_custom_a574d586 has_text_color\"><div class=\"wpb_wrapper\"><h2>Que se passe-t-il apr\u00e8s le contr\u00f4le des installations de d\u00e9tection de gaz dans votre entreprise\u202f?<\/h2>\n<\/div><\/div><div class=\"w-separator size_small\"><\/div><div class=\"wpb_text_column\"><div class=\"wpb_wrapper\"><p>\u00c0 l\u2019issue du contr\u00f4le, un rapport d\u2019inspection contenant d\u2019\u00e9ventuelles remarques vous est d\u00e9livr\u00e9. Votre installation de d\u00e9tection de gaz ne pr\u00e9sente aucune d\u00e9faillance\u202f? Dans ce cas, nous la d\u00e9clarons en bon \u00e9tat de fonctionnement. <\/p>\n<\/div><\/div><\/div><\/div><\/div><\/div><\/div><\/section><section class=\"l-section wpb_row us_custom_c4da886a height_auto\"><div class=\"l-section-h i-cf\"><div class=\"g-cols vc_row via_flex valign_top type_default stacking_default\"><div class=\"vc_col-sm-12 wpb_column vc_column_container marginbottom0button\"><div class=\"vc_column-inner\"><div class=\"wpb_wrapper\"><div class=\"w-separator size_medium\"><\/div><div class=\"wpb_text_column us_custom_6df4bc3a has_text_color\"><div class=\"wpb_wrapper\"><h3>Besoin d\u2019un contr\u00f4le fiable des installations de d\u00e9tection de gaz dans votre entreprise\u202f?<\/h3>\n<\/div><\/div><div class=\"w-separator size_small\"><\/div><div class=\"w-btn-wrapper align_left\"><a class=\"w-btn us-btn-style_6 us_custom_0490361b\" title=\"Contactez-nous\" href=\"https:\/\/electro-test.be\/fr\/commander\/\"><span class=\"w-btn-label\">Contactez-nous<\/span><\/a><\/div><\/div><\/div><\/div><\/div><\/div><\/section><section class=\"l-section wpb_row us_custom_0d15be52 height_medium\"><div class=\"l-section-h i-cf\"><div class=\"g-cols vc_row via_flex valign_top type_default stacking_default\"><div class=\"vc_col-sm-12 wpb_column vc_column_container\"><div class=\"vc_column-inner\"><div class=\"wpb_wrapper\"><div class=\"wpb_text_column us_custom_47e68cdb has_text_color\"><div class=\"wpb_wrapper\"><h2>Contr\u00f4le des installations de d\u00e9tection de gaz par Electro-Test<\/h2>\n<\/div><\/div><div class=\"w-separator size_small\"><\/div><div class=\"wpb_text_column\"><div class=\"wpb_wrapper\"><p>Vous pouvez compter sur Electro-Test pour le contr\u00f4le des installations de d\u00e9tection de gaz dans votre entreprise. Forts d\u2019une grande exp\u00e9rience et expertise, nous sommes en mesure de proc\u00e9der correctement et int\u00e9gralement au contr\u00f4le de vos installations de d\u00e9tection de gaz. Nos inspecteurs se rendent sur place, proc\u00e8dent aux analyses n\u00e9cessaires, identifient les probl\u00e8mes \u00e9ventuels et vous tiennent ensuite scrupuleusement inform\u00e9 de leurs conclusions. En cas de probl\u00e8mes \u00e9ventuels, nous vous d\u00e9livrons toujours des conseils cibl\u00e9s sur toutes les solutions potentielles.<\/p>\n<\/div><\/div><\/div><\/div><\/div><\/div><\/div><\/section><section class=\"l-section wpb_row height_medium\"><div class=\"l-section-h i-cf\"><div class=\"g-cols vc_row via_flex valign_top type_default stacking_default\"><div class=\"vc_col-sm-6 wpb_column vc_column_container\"><div class=\"vc_column-inner\"><div class=\"wpb_wrapper\"><div class=\"wpb_text_column\"><div class=\"wpb_wrapper\"><h2>Vous pouvez \u00e9galement faire appel \u00e0 Electro-Test pour<\/h2>\n<p>Electro-Test est un organisme agr\u00e9\u00e9 pour le contr\u00f4le de diff\u00e9rents types d\u2019installations de d\u00e9tection incendie et de syst\u00e8mes d\u2019alarme. Lors du contr\u00f4le, nos inspecteurs distinguent g\u00e9n\u00e9ralement les \u00e9quipements suivants\u202f:<\/p>\n<\/div><\/div><\/div><\/div><\/div><div class=\"vc_col-sm-1 wpb_column vc_column_container\"><div class=\"vc_column-inner\"><div class=\"wpb_wrapper\"><\/div><\/div><\/div><div class=\"vc_col-sm-5 wpb_column vc_column_container m300 has_bg_color\"><div class=\"vc_column-inner us_custom_e6a0f66c\"><div class=\"wpb_wrapper\"><\/div><\/div><\/div><\/div><\/div><\/section><section class=\"l-section wpb_row height_auto\"><div class=\"l-section-h i-cf\"><div class=\"g-cols vc_row via_flex valign_top type_default stacking_default\"><div class=\"vc_col-sm-6 wpb_column vc_column_container\"><div class=\"vc_column-inner\"><div class=\"wpb_wrapper\"><div class=\"wpb_text_column listtype\"><div class=\"wpb_wrapper\"><ul>\n<li>Installation AAA (annonce, alerte et alarme)<\/li>\n<li>Installations d\u2019alarme incendie<\/li>\n<li>Hydrants et d\u00e9vidoirs<\/li>\n<li>Moyens d\u2019extinction automatiques<\/li>\n<li>Installations du type sprinkleur selon la norme EN 12845<\/li>\n<li>Syst\u00e8mes d&rsquo;extraction de fum\u00e9e et de chaleur dans les parkings souterrains<\/li>\n<\/ul>\n<\/div><\/div><\/div><\/div><\/div><div class=\"vc_col-sm-1 vc_hidden-sm vc_hidden-xs wpb_column vc_column_container\"><div class=\"vc_column-inner\"><div class=\"wpb_wrapper\"><\/div><\/div><\/div><div class=\"vc_col-sm-5 wpb_column vc_column_container\"><div class=\"vc_column-inner\"><div class=\"wpb_wrapper\"><div class=\"wpb_text_column listtype\"><div class=\"wpb_wrapper\"><ul>\n<li>Exutoires de fum\u00e9e<\/li>\n<li>Plans d\u2019\u00e9vacuation<\/li>\n<li>Exercices d\u2019\u00e9vacuation<\/li>\n<li>Dossier d&rsquo;intervention incendie<\/li>\n<li>S\u00e9curit\u00e9 g\u00e9n\u00e9rale incendie<\/li>\n<\/ul>\n<\/div><\/div><div class=\"w-separator size_large\"><\/div><\/div><\/div><\/div><\/div><\/div><\/section><section class=\"l-section wpb_row height_auto\"><div class=\"l-section-h i-cf\"><div class=\"g-cols vc_row via_flex valign_top type_default stacking_default\"><div class=\"vc_col-sm-12 wpb_column vc_column_container marginbottom0button has_bg_color\"><div class=\"vc_column-inner us_custom_7e653751\"><div class=\"wpb_wrapper\"><div class=\"w-separator size_medium\"><\/div><div class=\"wpb_text_column us_custom_6df4bc3a has_text_color\"><div class=\"wpb_wrapper\"><h3 style=\"text-align: center;\">Besoin d&rsquo;un contr\u00f4le fiable des installations de d\u00e9tection de gaz dans votre entreprise\u202f?<\/h3>\n<\/div><\/div><div class=\"w-separator size_small\"><\/div><div class=\"w-btn-wrapper align_center\"><a class=\"w-btn us-btn-style_6 us_custom_0490361b\" title=\"Contactez-nous\" href=\"https:\/\/electro-test.be\/fr\/commander\/\"><span class=\"w-btn-label\">Contactez-nous<\/span><\/a><\/div><\/div><\/div><\/div><\/div><\/div><\/section>\n","protected":false},"excerpt":{"rendered":"[vc_raw_html el_class=\"breadcrumb\"]JTVCd3BzZW9fYnJlYWRjcnVtYiU1RA==[\/vc_raw_html]Contr\u00f4le des installations de d\u00e9tection de gaz La d\u00e9tection des fuites de gaz peut se r\u00e9v\u00e9ler cruciale pour la s\u00e9curit\u00e9 de votre b\u00e2timent. Les contr\u00f4les p\u00e9riodiques sont n\u00e9cessaires pour garantir que les syst\u00e8mes de d\u00e9tection de gaz r\u00e9agissent avec pr\u00e9cision et restent pr\u00eats \u00e0 \u00eatre utilis\u00e9s. Parall\u00e8lement aux installations de d\u00e9tection de gaz, vous...","protected":false},"author":1,"featured_media":0,"parent":2609,"menu_order":2,"comment_status":"closed","ping_status":"closed","template":"","meta":{"_acf_changed":false,"footnotes":""},"class_list":["post-2620","page","type-page","status-publish","hentry"],"acf":[],"yoast_head":"<!-- This site is optimized with the Yoast SEO plugin v27.4 - https:\/\/yoast.com\/product\/yoast-seo-wordpress\/ -->\n<title>Contr\u00f4le des installations de d\u00e9tection de gaz<\/title>\n<meta name=\"description\" content=\"Contr\u00f4le des installations de d\u00e9tection de gaz par un organisme agr\u00e9\u00e9. Rapide, flexible, professionnel et proche de chez vous. Contactez-nous pour le contr\u00f4le des installations de d\u00e9tection de gaz dans votre entreprise.\" \/>\n<meta name=\"robots\" content=\"index, follow, max-snippet:-1, max-image-preview:large, max-video-preview:-1\" \/>\n<link rel=\"canonical\" href=\"https:\/\/electro-test.be\/fr\/professionnels\/protection-contre-lincendie\/detection-de-gaz\/\" \/>\n<meta property=\"og:locale\" content=\"fr_FR\" \/>\n<meta property=\"og:type\" content=\"article\" \/>\n<meta property=\"og:title\" content=\"Contr\u00f4le des installations de d\u00e9tection de gaz\" \/>\n<meta property=\"og:description\" content=\"Contr\u00f4le des installations de d\u00e9tection de gaz par un organisme agr\u00e9\u00e9. Rapide, flexible, professionnel et proche de chez vous. Contactez-nous pour le contr\u00f4le des installations de d\u00e9tection de gaz dans votre entreprise.\" \/>\n<meta property=\"og:url\" content=\"https:\/\/electro-test.be\/fr\/professionnels\/protection-contre-lincendie\/detection-de-gaz\/\" \/>\n<meta property=\"og:site_name\" content=\"Electro-Test\" \/>\n<meta property=\"article:modified_time\" content=\"2026-03-03T10:22:22+00:00\" \/>\n<meta name=\"twitter:card\" content=\"summary_large_image\" \/>\n<meta name=\"twitter:label1\" content=\"Dur\u00e9e de lecture estim\u00e9e\" \/>\n\t<meta name=\"twitter:data1\" content=\"4 minutes\" \/>\n<script type=\"application\/ld+json\" class=\"yoast-schema-graph\">{\"@context\":\"https:\\\/\\\/schema.org\",\"@graph\":[{\"@type\":\"WebPage\",\"@id\":\"https:\\\/\\\/electro-test.be\\\/fr\\\/professionnels\\\/protection-contre-lincendie\\\/detection-de-gaz\\\/\",\"url\":\"https:\\\/\\\/electro-test.be\\\/fr\\\/professionnels\\\/protection-contre-lincendie\\\/detection-de-gaz\\\/\",\"name\":\"Contr\u00f4le des installations de d\u00e9tection de gaz\",\"isPartOf\":{\"@id\":\"https:\\\/\\\/electro-test.be\\\/fr\\\/#website\"},\"datePublished\":\"2022-06-21T13:25:30+00:00\",\"dateModified\":\"2026-03-03T10:22:22+00:00\",\"description\":\"Contr\u00f4le des installations de d\u00e9tection de gaz par un organisme agr\u00e9\u00e9. Rapide, flexible, professionnel et proche de chez vous. Contactez-nous pour le contr\u00f4le des installations de d\u00e9tection de gaz dans votre entreprise.\",\"breadcrumb\":{\"@id\":\"https:\\\/\\\/electro-test.be\\\/fr\\\/professionnels\\\/protection-contre-lincendie\\\/detection-de-gaz\\\/#breadcrumb\"},\"inLanguage\":\"fr-FR\",\"potentialAction\":[{\"@type\":\"ReadAction\",\"target\":[\"https:\\\/\\\/electro-test.be\\\/fr\\\/professionnels\\\/protection-contre-lincendie\\\/detection-de-gaz\\\/\"]}]},{\"@type\":\"BreadcrumbList\",\"@id\":\"https:\\\/\\\/electro-test.be\\\/fr\\\/professionnels\\\/protection-contre-lincendie\\\/detection-de-gaz\\\/#breadcrumb\",\"itemListElement\":[{\"@type\":\"ListItem\",\"position\":1,\"name\":\"Professionnels\",\"item\":\"https:\\\/\\\/electro-test.be\\\/fr\\\/professionnels\\\/\"},{\"@type\":\"ListItem\",\"position\":2,\"name\":\"Protection contre l\u2019incendie\",\"item\":\"https:\\\/\\\/electro-test.be\\\/fr\\\/professionnels\\\/protection-contre-lincendie\\\/\"},{\"@type\":\"ListItem\",\"position\":3,\"name\":\"D\u00e9tection de gaz\"}]},{\"@type\":\"WebSite\",\"@id\":\"https:\\\/\\\/electro-test.be\\\/fr\\\/#website\",\"url\":\"https:\\\/\\\/electro-test.be\\\/fr\\\/\",\"name\":\"Electro-Test\",\"description\":\"\",\"publisher\":{\"@id\":\"https:\\\/\\\/electro-test.be\\\/fr\\\/#organization\"},\"potentialAction\":[{\"@type\":\"SearchAction\",\"target\":{\"@type\":\"EntryPoint\",\"urlTemplate\":\"https:\\\/\\\/electro-test.be\\\/fr\\\/?s={search_term_string}\"},\"query-input\":{\"@type\":\"PropertyValueSpecification\",\"valueRequired\":true,\"valueName\":\"search_term_string\"}}],\"inLanguage\":\"fr-FR\"},{\"@type\":\"Organization\",\"@id\":\"https:\\\/\\\/electro-test.be\\\/fr\\\/#organization\",\"name\":\"electroTEST\",\"url\":\"https:\\\/\\\/electro-test.be\\\/fr\\\/\",\"logo\":{\"@type\":\"ImageObject\",\"inLanguage\":\"fr-FR\",\"@id\":\"https:\\\/\\\/electro-test.be\\\/fr\\\/#\\\/schema\\\/logo\\\/image\\\/\",\"url\":\"https:\\\/\\\/electro-test.be\\\/wp-content\\\/uploads\\\/2022\\\/06\\\/Logo_ET_NL-FR.svg\",\"contentUrl\":\"https:\\\/\\\/electro-test.be\\\/wp-content\\\/uploads\\\/2022\\\/06\\\/Logo_ET_NL-FR.svg\",\"width\":\"1024\",\"height\":\"1024\",\"caption\":\"electroTEST\"},\"image\":{\"@id\":\"https:\\\/\\\/electro-test.be\\\/fr\\\/#\\\/schema\\\/logo\\\/image\\\/\"}}]}<\/script>\n<!-- \/ Yoast SEO plugin. -->","yoast_head_json":{"title":"Contr\u00f4le des installations de d\u00e9tection de gaz","description":"Contr\u00f4le des installations de d\u00e9tection de gaz par un organisme agr\u00e9\u00e9. Rapide, flexible, professionnel et proche de chez vous. Contactez-nous pour le contr\u00f4le des installations de d\u00e9tection de gaz dans votre entreprise.","robots":{"index":"index","follow":"follow","max-snippet":"max-snippet:-1","max-image-preview":"max-image-preview:large","max-video-preview":"max-video-preview:-1"},"canonical":"https:\/\/electro-test.be\/fr\/professionnels\/protection-contre-lincendie\/detection-de-gaz\/","og_locale":"fr_FR","og_type":"article","og_title":"Contr\u00f4le des installations de d\u00e9tection de gaz","og_description":"Contr\u00f4le des installations de d\u00e9tection de gaz par un organisme agr\u00e9\u00e9. Rapide, flexible, professionnel et proche de chez vous. Contactez-nous pour le contr\u00f4le des installations de d\u00e9tection de gaz dans votre entreprise.","og_url":"https:\/\/electro-test.be\/fr\/professionnels\/protection-contre-lincendie\/detection-de-gaz\/","og_site_name":"Electro-Test","article_modified_time":"2026-03-03T10:22:22+00:00","twitter_card":"summary_large_image","twitter_misc":{"Dur\u00e9e de lecture estim\u00e9e":"4 minutes"},"schema":{"@context":"https:\/\/schema.org","@graph":[{"@type":"WebPage","@id":"https:\/\/electro-test.be\/fr\/professionnels\/protection-contre-lincendie\/detection-de-gaz\/","url":"https:\/\/electro-test.be\/fr\/professionnels\/protection-contre-lincendie\/detection-de-gaz\/","name":"Contr\u00f4le des installations de d\u00e9tection de gaz","isPartOf":{"@id":"https:\/\/electro-test.be\/fr\/#website"},"datePublished":"2022-06-21T13:25:30+00:00","dateModified":"2026-03-03T10:22:22+00:00","description":"Contr\u00f4le des installations de d\u00e9tection de gaz par un organisme agr\u00e9\u00e9. Rapide, flexible, professionnel et proche de chez vous. Contactez-nous pour le contr\u00f4le des installations de d\u00e9tection de gaz dans votre entreprise.","breadcrumb":{"@id":"https:\/\/electro-test.be\/fr\/professionnels\/protection-contre-lincendie\/detection-de-gaz\/#breadcrumb"},"inLanguage":"fr-FR","potentialAction":[{"@type":"ReadAction","target":["https:\/\/electro-test.be\/fr\/professionnels\/protection-contre-lincendie\/detection-de-gaz\/"]}]},{"@type":"BreadcrumbList","@id":"https:\/\/electro-test.be\/fr\/professionnels\/protection-contre-lincendie\/detection-de-gaz\/#breadcrumb","itemListElement":[{"@type":"ListItem","position":1,"name":"Professionnels","item":"https:\/\/electro-test.be\/fr\/professionnels\/"},{"@type":"ListItem","position":2,"name":"Protection contre l\u2019incendie","item":"https:\/\/electro-test.be\/fr\/professionnels\/protection-contre-lincendie\/"},{"@type":"ListItem","position":3,"name":"D\u00e9tection de gaz"}]},{"@type":"WebSite","@id":"https:\/\/electro-test.be\/fr\/#website","url":"https:\/\/electro-test.be\/fr\/","name":"Electro-Test","description":"","publisher":{"@id":"https:\/\/electro-test.be\/fr\/#organization"},"potentialAction":[{"@type":"SearchAction","target":{"@type":"EntryPoint","urlTemplate":"https:\/\/electro-test.be\/fr\/?s={search_term_string}"},"query-input":{"@type":"PropertyValueSpecification","valueRequired":true,"valueName":"search_term_string"}}],"inLanguage":"fr-FR"},{"@type":"Organization","@id":"https:\/\/electro-test.be\/fr\/#organization","name":"electroTEST","url":"https:\/\/electro-test.be\/fr\/","logo":{"@type":"ImageObject","inLanguage":"fr-FR","@id":"https:\/\/electro-test.be\/fr\/#\/schema\/logo\/image\/","url":"https:\/\/electro-test.be\/wp-content\/uploads\/2022\/06\/Logo_ET_NL-FR.svg","contentUrl":"https:\/\/electro-test.be\/wp-content\/uploads\/2022\/06\/Logo_ET_NL-FR.svg","width":"1024","height":"1024","caption":"electroTEST"},"image":{"@id":"https:\/\/electro-test.be\/fr\/#\/schema\/logo\/image\/"}}]}},"_links":{"self":[{"href":"https:\/\/electro-test.be\/fr\/wp-json\/wp\/v2\/pages\/2620","targetHints":{"allow":["GET"]}}],"collection":[{"href":"https:\/\/electro-test.be\/fr\/wp-json\/wp\/v2\/pages"}],"about":[{"href":"https:\/\/electro-test.be\/fr\/wp-json\/wp\/v2\/types\/page"}],"author":[{"embeddable":true,"href":"https:\/\/electro-test.be\/fr\/wp-json\/wp\/v2\/users\/1"}],"replies":[{"embeddable":true,"href":"https:\/\/electro-test.be\/fr\/wp-json\/wp\/v2\/comments?post=2620"}],"version-history":[{"count":4,"href":"https:\/\/electro-test.be\/fr\/wp-json\/wp\/v2\/pages\/2620\/revisions"}],"predecessor-version":[{"id":6151,"href":"https:\/\/electro-test.be\/fr\/wp-json\/wp\/v2\/pages\/2620\/revisions\/6151"}],"up":[{"embeddable":true,"href":"https:\/\/electro-test.be\/fr\/wp-json\/wp\/v2\/pages\/2609"}],"wp:attachment":[{"href":"https:\/\/electro-test.be\/fr\/wp-json\/wp\/v2\/media?parent=2620"}],"curies":[{"name":"wp","href":"https:\/\/api.w.org\/{rel}","templated":true}]}}