{"id":2626,"date":"2022-06-21T15:25:31","date_gmt":"2022-06-21T13:25:31","guid":{"rendered":"https:\/\/electro-test.be\/professionelen\/brandbeveiliging\/hydranten-en-muurhaspels\/"},"modified":"2026-03-03T12:23:34","modified_gmt":"2026-03-03T10:23:34","slug":"hydrants-et-devidoirs","status":"publish","type":"page","link":"https:\/\/electro-test.be\/fr\/professionnels\/protection-contre-lincendie\/hydrants-et-devidoirs\/","title":{"rendered":"Hydrants et d\u00e9vidoirs"},"content":{"rendered":"<section class=\"l-section wpb_row height_auto\"><div class=\"l-section-h i-cf\"><div class=\"g-cols vc_row via_flex valign_top type_default stacking_default\"><div class=\"vc_col-sm-1 wpb_column vc_column_container afterdriehoek2 m300 has_bg_color stretched\"><div class=\"vc_column-inner us_custom_0b6764f3\"><div class=\"wpb_wrapper\"><\/div><\/div><\/div><div class=\"vc_col-sm-1 wpb_column vc_column_container\"><div class=\"vc_column-inner\"><div class=\"wpb_wrapper\"><\/div><\/div><\/div><div class=\"vc_col-sm-8 wpb_column vc_column_container\"><div class=\"vc_column-inner\"><div class=\"wpb_wrapper\">[vc_raw_html el_class=\u00a0\u00bbbreadcrumb\u00a0\u00bb]JTVCd3BzZW9fYnJlYWRjcnVtYiU1RA==[\/vc_raw_html]<div class=\"w-separator size_small\"><\/div><div class=\"wpb_text_column us_custom_47e68cdb has_text_color\"><div class=\"wpb_wrapper\"><h1>Contr\u00f4le des hydrants et d\u00e9vidoirs<\/h1>\n<\/div><\/div><div class=\"w-separator size_small\"><\/div><div class=\"wpb_text_column\"><div class=\"wpb_wrapper\"><p>Les moyens d\u2019extinction tels que les hydrants et d\u00e9vidoirs sont utiles dans votre entreprise pour retarder un risque d\u2019incendie imminent (jusqu&rsquo;\u00e0 l\u2019arriv\u00e9e des pompiers). Leur \u00e9tat et leur fonctionnement correct doivent faire l\u2019objet d&rsquo;un contr\u00f4le annuel. Vous avez ainsi la certitude que vos hydrants et d\u00e9vidoirs fonctionneront parfaitement en cas d&rsquo;incendie.<\/p>\n<p>Chez Electro-Test, la s\u00e9curit\u00e9 est toujours notre priorit\u00e9. Nos inspecteurs sont plus qualifi\u00e9s que quiconque pour contr\u00f4ler les hydrants et d\u00e9vidoirs de votre entreprise conform\u00e9ment aux prescriptions l\u00e9gales de s\u00e9curit\u00e9, afin que votre pr\u00e9vention incendie soit parfaitement en ordre.<\/p>\n<\/div><\/div><div class=\"w-separator size_small\"><\/div><div class=\"w-btn-wrapper align_none\"><a class=\"w-btn us-btn-style_5\" title=\"Demander un devis\" href=\"https:\/\/electro-test.be\/fr\/commander\/\"><span class=\"w-btn-label\">Demander un devis<\/span><\/a><\/div><\/div><\/div><\/div><\/div><\/div><\/section><section class=\"l-section wpb_row us_custom_c4da886a height_auto\"><div class=\"l-section-h i-cf\"><div class=\"g-cols vc_row via_flex valign_top type_default stacking_default\"><div class=\"vc_col-sm-12 wpb_column vc_column_container marginbottom0button\"><div class=\"vc_column-inner\"><div class=\"wpb_wrapper\"><div class=\"w-separator size_medium\"><\/div><div class=\"wpb_text_column us_custom_6df4bc3a has_text_color\"><div class=\"wpb_wrapper\"><h3>Besoin d\u2019un contr\u00f4le fiable des hydrants et d\u00e9vidoirs de votre entreprise\u202f?<\/h3>\n<\/div><\/div><div class=\"w-separator size_small\"><\/div><div class=\"w-btn-wrapper align_left\"><a class=\"w-btn us-btn-style_6 us_custom_0490361b\" title=\"Contactez-nous\" href=\"https:\/\/electro-test.be\/fr\/commander\/\"><span class=\"w-btn-label\">Contactez-nous<\/span><\/a><\/div><\/div><\/div><\/div><\/div><\/div><\/section><section class=\"l-section wpb_row height_auto\"><div class=\"l-section-h i-cf\"><div class=\"g-cols vc_row via_flex valign_top type_default stacking_default\"><div class=\"vc_col-sm-5 vc_col-lg-3 vc_col-md-4 vc_col-xs-12 wpb_column vc_column_container has_bg_color stretched\"><div class=\"vc_column-inner us_custom_bf287441\"><div class=\"wpb_wrapper\"><div class=\"w-image align_center\"><div class=\"w-image-h\"><img decoding=\"async\" src=\"https:\/\/electro-test.be\/wp-content\/uploads\/2022\/07\/Vraagteken-01-1.svg\" class=\"attachment-us_70_70 size-us_70_70\" alt=\"\" loading=\"lazy\" \/><\/div><\/div><div class=\"w-separator size_medium\"><\/div><div class=\"wpb_text_column us_custom_47e68cdb has_text_color\"><div class=\"wpb_wrapper\"><h2>Le contr\u00f4le des hydrants et d\u00e9vidoirs est-il obligatoire\u202f?<\/h2>\n<\/div><\/div><div class=\"w-separator size_small\"><\/div><div class=\"wpb_text_column listtype\"><div class=\"wpb_wrapper\"><p>Oui\u202f! Vu l\u2019importance des moyens de lutte contre l\u2019incendie, la l\u00e9gislation impose au minimum un contr\u00f4le par an. Les hydrants et d\u00e9vidoirs utilis\u00e9s dans un contexte professionnel et\/ou public (magasin, entreprise, restaurant, h\u00f4tel ou chambre d\u2019h\u00f4te) doivent \u00eatre contr\u00f4l\u00e9s annuellement conform\u00e9ment \u00e0 la norme NBN EN 671-1. Ce contr\u00f4le annuel est \u00e9galement fortement recommand\u00e9 aux particuliers afin de garantir le bon fonctionnement des \u00e9quipements. <\/p>\n<\/div><\/div><div class=\"w-separator size_small\"><\/div><\/div><\/div><\/div><div class=\"vc_col-sm-1 vc_col-lg-1 vc_hidden-md vc_hidden-sm vc_hidden-xs wpb_column vc_column_container\"><div class=\"vc_column-inner\"><div class=\"wpb_wrapper\"><\/div><\/div><\/div><div class=\"vc_col-sm-7 vc_col-lg-8 vc_col-md-8 vc_col-xs-12 wpb_column vc_column_container\"><div class=\"vc_column-inner\"><div class=\"wpb_wrapper\"><div class=\"wpb_text_column us_custom_47e68cdb has_text_color\"><div class=\"wpb_wrapper\"><h2>Qu&rsquo;implique le contr\u00f4le des hydrants et d\u00e9vidoirs\u202f?<\/h2>\n<\/div><\/div><div class=\"w-separator size_small\"><\/div><div class=\"wpb_text_column\"><div class=\"wpb_wrapper\"><p>Le contr\u00f4le des hydrants et d\u00e9vidoirs dans votre entreprise a pour objectif de v\u00e9rifier l\u2019emplacement et l\u2019\u00e9tat g\u00e9n\u00e9ral de ces \u00e9quipements. Pendant la visite, notre inspecteur s\u2019assurera du fonctionnement correct des moyens d\u2019extinction en cas d\u2019intervention. <\/p>\n<\/div><\/div><div class=\"w-separator size_small\"><\/div><div class=\"wpb_text_column us_custom_47e68cdb has_text_color\"><div class=\"wpb_wrapper\"><h2>Que se passe-t-il apr\u00e8s le contr\u00f4le des hydrants et d\u00e9vidoirs dans votre entreprise\u202f?<\/h2>\n<\/div><\/div><div class=\"w-separator size_small\"><\/div><div class=\"wpb_text_column\"><div class=\"wpb_wrapper\"><p>\u00c0 l\u2019issue du contr\u00f4le, un rapport contenant d\u2019\u00e9ventuelles remarques vous est d\u00e9livr\u00e9. <\/p>\n<\/div><\/div><\/div><\/div><\/div><\/div><\/div><\/section><section class=\"l-section wpb_row us_custom_87af0d37 height_auto\"><div class=\"l-section-h i-cf\"><div class=\"g-cols vc_row via_flex valign_top type_default stacking_default\"><div class=\"vc_col-sm-5 wpb_column vc_column_container marginbottom0button\"><div class=\"vc_column-inner us_custom_e11ab399\"><div class=\"wpb_wrapper\"><div class=\"w-separator size_medium\"><\/div><div class=\"wpb_text_column us_custom_6df4bc3a has_text_color\"><div class=\"wpb_wrapper\"><h4>Besoin d\u2019un contr\u00f4le fiable des hydrants et d\u00e9vidoirs de votre entreprise\u202f?<\/h4>\n<\/div><\/div><div class=\"w-separator size_small\"><\/div><div class=\"w-btn-wrapper align_none\"><a class=\"w-btn us-btn-style_1 marginbottom0button\" title=\"Contactez-nous\" href=\"https:\/\/electro-test.be\/fr\/commander\/\"><span class=\"w-btn-label\">Contactez-nous<\/span><\/a><\/div><\/div><\/div><\/div><div class=\"vc_col-sm-7 wpb_column vc_column_container m300 has_bg_color stretched\"><div class=\"vc_column-inner us_custom_b247c23b\"><div class=\"wpb_wrapper\"><\/div><\/div><\/div><\/div><\/div><\/section><section class=\"l-section wpb_row us_custom_0d15be52 height_medium\"><div class=\"l-section-h i-cf\"><div class=\"g-cols vc_row via_flex valign_top type_default stacking_default\"><div class=\"vc_col-sm-12 wpb_column vc_column_container\"><div class=\"vc_column-inner\"><div class=\"wpb_wrapper\"><div class=\"wpb_text_column us_custom_47e68cdb has_text_color\"><div class=\"wpb_wrapper\"><h2>Contr\u00f4le des hydrants et d\u00e9vidoirs par Electro-Test<\/h2>\n<\/div><\/div><div class=\"w-separator size_small\"><\/div><div class=\"wpb_text_column\"><div class=\"wpb_wrapper\"><p>Vous pouvez compter sur Electro-Test pour le contr\u00f4le des hydrants et d\u00e9vidoirs de votre entreprise. Forts d\u2019une grande exp\u00e9rience et expertise, nous sommes en mesure de proc\u00e9der correctement et int\u00e9gralement au contr\u00f4le de vos hydrants et d\u00e9vidoirs. Nos inspecteurs se rendent sur place, proc\u00e8dent aux analyses n\u00e9cessaires, identifient les probl\u00e8mes et vous tiennent ensuite scrupuleusement inform\u00e9 de leurs conclusions. En cas de probl\u00e8mes \u00e9ventuels, nous vous d\u00e9livrons des conseils cibl\u00e9s sur toutes les solutions potentielles.<\/p>\n<\/div><\/div><\/div><\/div><\/div><\/div><\/div><\/section><section class=\"l-section wpb_row height_medium\"><div class=\"l-section-h i-cf\"><div class=\"g-cols vc_row via_flex valign_top type_default reversed stacking_default\"><div class=\"vc_col-sm-6 wpb_column vc_column_container\"><div class=\"vc_column-inner\"><div class=\"wpb_wrapper\"><div class=\"wpb_text_column us_custom_54c65ef4\"><div class=\"wpb_wrapper\"><h2>Vous pouvez \u00e9galement faire appel \u00e0 Electro-Test pour<\/h2>\n<p>Electro-Test est un organisme agr\u00e9\u00e9 pour le contr\u00f4le de diff\u00e9rents types d\u2019installations de d\u00e9tection incendie et de syst\u00e8mes d\u2019alarme. Lors du contr\u00f4le, nos inspecteurs distinguent g\u00e9n\u00e9ralement les \u00e9quipements suivants\u202f:<\/p>\n<\/div><\/div><\/div><\/div><\/div><div class=\"vc_col-sm-1 wpb_column vc_column_container\"><div class=\"vc_column-inner\"><div class=\"wpb_wrapper\"><\/div><\/div><\/div><div class=\"vc_col-sm-5 wpb_column vc_column_container m300 has_bg_color\"><div class=\"vc_column-inner us_custom_ff29da41\"><div class=\"wpb_wrapper\"><\/div><\/div><\/div><\/div><\/div><\/section><section class=\"l-section wpb_row height_auto\"><div class=\"l-section-h i-cf\"><div class=\"g-cols vc_row via_flex valign_top type_default stacking_default\"><div class=\"vc_col-sm-6 wpb_column vc_column_container\"><div class=\"vc_column-inner\"><div class=\"wpb_wrapper\"><div class=\"wpb_text_column listtype\"><div class=\"wpb_wrapper\"><ul>\n<li>Installation AAA (annonce, alerte et alarme)<\/li>\n<li>Installations d\u2019alarme incendie<\/li>\n<li>D\u00e9tection de gaz<\/li>\n<li>Moyens d\u2019extinction automatiques<\/li>\n<li>Installations du type sprinkleur selon la norme EN 12845<\/li>\n<li>Syst\u00e8mes d&rsquo;extraction de fum\u00e9e et de chaleur dans les parkings souterrains<\/li>\n<\/ul>\n<\/div><\/div><\/div><\/div><\/div><div class=\"vc_col-sm-1 vc_hidden-sm vc_hidden-xs wpb_column vc_column_container\"><div class=\"vc_column-inner\"><div class=\"wpb_wrapper\"><\/div><\/div><\/div><div class=\"vc_col-sm-5 wpb_column vc_column_container\"><div class=\"vc_column-inner\"><div class=\"wpb_wrapper\"><div class=\"wpb_text_column listtype\"><div class=\"wpb_wrapper\"><ul>\n<li>Exutoires de fum\u00e9e<\/li>\n<li>Plans d\u2019\u00e9vacuation<\/li>\n<li>Exercices d\u2019\u00e9vacuation<\/li>\n<li>Dossier d\u2019intervention incendie<\/li>\n<li>S\u00e9curit\u00e9 g\u00e9n\u00e9rale incendie<\/li>\n<\/ul>\n<\/div><\/div><div class=\"w-separator size_large\"><\/div><\/div><\/div><\/div><\/div><\/div><\/section><section class=\"l-section wpb_row height_auto\"><div class=\"l-section-h i-cf\"><div class=\"g-cols vc_row via_flex valign_top type_default stacking_default\"><div class=\"vc_col-sm-12 wpb_column vc_column_container marginbottom0button has_bg_color\"><div class=\"vc_column-inner us_custom_7e653751\"><div class=\"wpb_wrapper\"><div class=\"w-separator size_medium\"><\/div><div class=\"wpb_text_column us_custom_6df4bc3a has_text_color\"><div class=\"wpb_wrapper\"><h3 style=\"text-align: center;\">Besoin d\u2019un contr\u00f4le fiable des hydrants et d\u00e9vidoirs de votre entreprise\u202f?<\/h3>\n<\/div><\/div><div class=\"w-separator size_small\"><\/div><div class=\"w-btn-wrapper align_center\"><a class=\"w-btn us-btn-style_6 us_custom_0490361b\" title=\"Contactez-nous\" href=\"https:\/\/electro-test.be\/fr\/commander\/\"><span class=\"w-btn-label\">Contactez-nous<\/span><\/a><\/div><\/div><\/div><\/div><\/div><\/div><\/section>\n","protected":false},"excerpt":{"rendered":"[vc_raw_html el_class=\"breadcrumb\"]JTVCd3BzZW9fYnJlYWRjcnVtYiU1RA==[\/vc_raw_html]Contr\u00f4le des hydrants et d\u00e9vidoirs Les moyens d\u2019extinction tels que les hydrants et d\u00e9vidoirs sont utiles dans votre entreprise pour retarder un risque d\u2019incendie imminent (jusqu&rsquo;\u00e0 l\u2019arriv\u00e9e des pompiers). Leur \u00e9tat et leur fonctionnement correct doivent faire l\u2019objet d&rsquo;un contr\u00f4le annuel. Vous avez ainsi la certitude que vos hydrants et d\u00e9vidoirs fonctionneront parfaitement en...","protected":false},"author":1,"featured_media":0,"parent":2609,"menu_order":4,"comment_status":"closed","ping_status":"closed","template":"","meta":{"_acf_changed":false,"footnotes":""},"class_list":["post-2626","page","type-page","status-publish","hentry"],"acf":[],"yoast_head":"<!-- This site is optimized with the Yoast SEO plugin v26.9 - https:\/\/yoast.com\/product\/yoast-seo-wordpress\/ -->\n<title>Contr\u00f4le des hydrants et d\u00e9vidoirs | Electro-Test<\/title>\n<meta name=\"description\" content=\"Contr\u00f4le des hydrants et d\u00e9vidoirs par un organisme agr\u00e9\u00e9. Une solution rapide, flexible, professionnelle et proche de chez vous. Contactez-nous pour le contr\u00f4le des hydrants et d\u00e9vidoirs dans votre entreprise.\" \/>\n<meta name=\"robots\" content=\"index, follow, max-snippet:-1, max-image-preview:large, max-video-preview:-1\" \/>\n<link rel=\"canonical\" href=\"https:\/\/electro-test.be\/fr\/professionnels\/protection-contre-lincendie\/hydrants-et-devidoirs\/\" \/>\n<meta property=\"og:locale\" content=\"fr_FR\" \/>\n<meta property=\"og:type\" content=\"article\" \/>\n<meta property=\"og:title\" content=\"Contr\u00f4le des hydrants et d\u00e9vidoirs | Electro-Test\" \/>\n<meta property=\"og:description\" content=\"Contr\u00f4le des hydrants et d\u00e9vidoirs par un organisme agr\u00e9\u00e9. Une solution rapide, flexible, professionnelle et proche de chez vous. Contactez-nous pour le contr\u00f4le des hydrants et d\u00e9vidoirs dans votre entreprise.\" \/>\n<meta property=\"og:url\" content=\"https:\/\/electro-test.be\/fr\/professionnels\/protection-contre-lincendie\/hydrants-et-devidoirs\/\" \/>\n<meta property=\"og:site_name\" content=\"Electro-Test\" \/>\n<meta property=\"article:modified_time\" content=\"2026-03-03T10:23:34+00:00\" \/>\n<meta name=\"twitter:card\" content=\"summary_large_image\" \/>\n<meta name=\"twitter:label1\" content=\"Dur\u00e9e de lecture estim\u00e9e\" \/>\n\t<meta name=\"twitter:data1\" content=\"3 minutes\" \/>\n<script type=\"application\/ld+json\" class=\"yoast-schema-graph\">{\"@context\":\"https:\/\/schema.org\",\"@graph\":[{\"@type\":\"WebPage\",\"@id\":\"https:\/\/electro-test.be\/fr\/professionnels\/protection-contre-lincendie\/hydrants-et-devidoirs\/\",\"url\":\"https:\/\/electro-test.be\/fr\/professionnels\/protection-contre-lincendie\/hydrants-et-devidoirs\/\",\"name\":\"Contr\u00f4le des hydrants et d\u00e9vidoirs | Electro-Test\",\"isPartOf\":{\"@id\":\"https:\/\/electro-test.be\/#website\"},\"datePublished\":\"2022-06-21T13:25:31+00:00\",\"dateModified\":\"2026-03-03T10:23:34+00:00\",\"description\":\"Contr\u00f4le des hydrants et d\u00e9vidoirs par un organisme agr\u00e9\u00e9. Une solution rapide, flexible, professionnelle et proche de chez vous. Contactez-nous pour le contr\u00f4le des hydrants et d\u00e9vidoirs dans votre entreprise.\",\"breadcrumb\":{\"@id\":\"https:\/\/electro-test.be\/fr\/professionnels\/protection-contre-lincendie\/hydrants-et-devidoirs\/#breadcrumb\"},\"inLanguage\":\"fr-FR\",\"potentialAction\":[{\"@type\":\"ReadAction\",\"target\":[\"https:\/\/electro-test.be\/fr\/professionnels\/protection-contre-lincendie\/hydrants-et-devidoirs\/\"]}]},{\"@type\":\"BreadcrumbList\",\"@id\":\"https:\/\/electro-test.be\/fr\/professionnels\/protection-contre-lincendie\/hydrants-et-devidoirs\/#breadcrumb\",\"itemListElement\":[{\"@type\":\"ListItem\",\"position\":1,\"name\":\"Professionnels\",\"item\":\"https:\/\/electro-test.be\/fr\/professionnels\/\"},{\"@type\":\"ListItem\",\"position\":2,\"name\":\"Protection contre l\u2019incendie\",\"item\":\"https:\/\/electro-test.be\/fr\/professionnels\/protection-contre-lincendie\/\"},{\"@type\":\"ListItem\",\"position\":3,\"name\":\"Hydrants et d\u00e9vidoirs\"}]},{\"@type\":\"WebSite\",\"@id\":\"https:\/\/electro-test.be\/#website\",\"url\":\"https:\/\/electro-test.be\/\",\"name\":\"Electro-Test\",\"description\":\"\",\"publisher\":{\"@id\":\"https:\/\/electro-test.be\/#organization\"},\"potentialAction\":[{\"@type\":\"SearchAction\",\"target\":{\"@type\":\"EntryPoint\",\"urlTemplate\":\"https:\/\/electro-test.be\/?s={search_term_string}\"},\"query-input\":{\"@type\":\"PropertyValueSpecification\",\"valueRequired\":true,\"valueName\":\"search_term_string\"}}],\"inLanguage\":\"fr-FR\"},{\"@type\":\"Organization\",\"@id\":\"https:\/\/electro-test.be\/#organization\",\"name\":\"electroTEST\",\"url\":\"https:\/\/electro-test.be\/\",\"logo\":{\"@type\":\"ImageObject\",\"inLanguage\":\"fr-FR\",\"@id\":\"https:\/\/electro-test.be\/#\/schema\/logo\/image\/\",\"url\":\"https:\/\/electro-test.be\/wp-content\/uploads\/2022\/06\/Logo_ET_NL-FR.svg\",\"contentUrl\":\"https:\/\/electro-test.be\/wp-content\/uploads\/2022\/06\/Logo_ET_NL-FR.svg\",\"width\":\"1024\",\"height\":\"1024\",\"caption\":\"electroTEST\"},\"image\":{\"@id\":\"https:\/\/electro-test.be\/#\/schema\/logo\/image\/\"}}]}<\/script>\n<!-- \/ Yoast SEO plugin. -->","yoast_head_json":{"title":"Contr\u00f4le des hydrants et d\u00e9vidoirs | Electro-Test","description":"Contr\u00f4le des hydrants et d\u00e9vidoirs par un organisme agr\u00e9\u00e9. Une solution rapide, flexible, professionnelle et proche de chez vous. Contactez-nous pour le contr\u00f4le des hydrants et d\u00e9vidoirs dans votre entreprise.","robots":{"index":"index","follow":"follow","max-snippet":"max-snippet:-1","max-image-preview":"max-image-preview:large","max-video-preview":"max-video-preview:-1"},"canonical":"https:\/\/electro-test.be\/fr\/professionnels\/protection-contre-lincendie\/hydrants-et-devidoirs\/","og_locale":"fr_FR","og_type":"article","og_title":"Contr\u00f4le des hydrants et d\u00e9vidoirs | Electro-Test","og_description":"Contr\u00f4le des hydrants et d\u00e9vidoirs par un organisme agr\u00e9\u00e9. Une solution rapide, flexible, professionnelle et proche de chez vous. Contactez-nous pour le contr\u00f4le des hydrants et d\u00e9vidoirs dans votre entreprise.","og_url":"https:\/\/electro-test.be\/fr\/professionnels\/protection-contre-lincendie\/hydrants-et-devidoirs\/","og_site_name":"Electro-Test","article_modified_time":"2026-03-03T10:23:34+00:00","twitter_card":"summary_large_image","twitter_misc":{"Dur\u00e9e de lecture estim\u00e9e":"3 minutes"},"schema":{"@context":"https:\/\/schema.org","@graph":[{"@type":"WebPage","@id":"https:\/\/electro-test.be\/fr\/professionnels\/protection-contre-lincendie\/hydrants-et-devidoirs\/","url":"https:\/\/electro-test.be\/fr\/professionnels\/protection-contre-lincendie\/hydrants-et-devidoirs\/","name":"Contr\u00f4le des hydrants et d\u00e9vidoirs | Electro-Test","isPartOf":{"@id":"https:\/\/electro-test.be\/#website"},"datePublished":"2022-06-21T13:25:31+00:00","dateModified":"2026-03-03T10:23:34+00:00","description":"Contr\u00f4le des hydrants et d\u00e9vidoirs par un organisme agr\u00e9\u00e9. Une solution rapide, flexible, professionnelle et proche de chez vous. Contactez-nous pour le contr\u00f4le des hydrants et d\u00e9vidoirs dans votre entreprise.","breadcrumb":{"@id":"https:\/\/electro-test.be\/fr\/professionnels\/protection-contre-lincendie\/hydrants-et-devidoirs\/#breadcrumb"},"inLanguage":"fr-FR","potentialAction":[{"@type":"ReadAction","target":["https:\/\/electro-test.be\/fr\/professionnels\/protection-contre-lincendie\/hydrants-et-devidoirs\/"]}]},{"@type":"BreadcrumbList","@id":"https:\/\/electro-test.be\/fr\/professionnels\/protection-contre-lincendie\/hydrants-et-devidoirs\/#breadcrumb","itemListElement":[{"@type":"ListItem","position":1,"name":"Professionnels","item":"https:\/\/electro-test.be\/fr\/professionnels\/"},{"@type":"ListItem","position":2,"name":"Protection contre l\u2019incendie","item":"https:\/\/electro-test.be\/fr\/professionnels\/protection-contre-lincendie\/"},{"@type":"ListItem","position":3,"name":"Hydrants et d\u00e9vidoirs"}]},{"@type":"WebSite","@id":"https:\/\/electro-test.be\/#website","url":"https:\/\/electro-test.be\/","name":"Electro-Test","description":"","publisher":{"@id":"https:\/\/electro-test.be\/#organization"},"potentialAction":[{"@type":"SearchAction","target":{"@type":"EntryPoint","urlTemplate":"https:\/\/electro-test.be\/?s={search_term_string}"},"query-input":{"@type":"PropertyValueSpecification","valueRequired":true,"valueName":"search_term_string"}}],"inLanguage":"fr-FR"},{"@type":"Organization","@id":"https:\/\/electro-test.be\/#organization","name":"electroTEST","url":"https:\/\/electro-test.be\/","logo":{"@type":"ImageObject","inLanguage":"fr-FR","@id":"https:\/\/electro-test.be\/#\/schema\/logo\/image\/","url":"https:\/\/electro-test.be\/wp-content\/uploads\/2022\/06\/Logo_ET_NL-FR.svg","contentUrl":"https:\/\/electro-test.be\/wp-content\/uploads\/2022\/06\/Logo_ET_NL-FR.svg","width":"1024","height":"1024","caption":"electroTEST"},"image":{"@id":"https:\/\/electro-test.be\/#\/schema\/logo\/image\/"}}]}},"_links":{"self":[{"href":"https:\/\/electro-test.be\/fr\/wp-json\/wp\/v2\/pages\/2626","targetHints":{"allow":["GET"]}}],"collection":[{"href":"https:\/\/electro-test.be\/fr\/wp-json\/wp\/v2\/pages"}],"about":[{"href":"https:\/\/electro-test.be\/fr\/wp-json\/wp\/v2\/types\/page"}],"author":[{"embeddable":true,"href":"https:\/\/electro-test.be\/fr\/wp-json\/wp\/v2\/users\/1"}],"replies":[{"embeddable":true,"href":"https:\/\/electro-test.be\/fr\/wp-json\/wp\/v2\/comments?post=2626"}],"version-history":[{"count":3,"href":"https:\/\/electro-test.be\/fr\/wp-json\/wp\/v2\/pages\/2626\/revisions"}],"predecessor-version":[{"id":6152,"href":"https:\/\/electro-test.be\/fr\/wp-json\/wp\/v2\/pages\/2626\/revisions\/6152"}],"up":[{"embeddable":true,"href":"https:\/\/electro-test.be\/fr\/wp-json\/wp\/v2\/pages\/2609"}],"wp:attachment":[{"href":"https:\/\/electro-test.be\/fr\/wp-json\/wp\/v2\/media?parent=2626"}],"curies":[{"name":"wp","href":"https:\/\/api.w.org\/{rel}","templated":true}]}}