{"id":2634,"date":"2022-06-21T15:25:31","date_gmt":"2022-06-21T13:25:31","guid":{"rendered":"https:\/\/electro-test.be\/professionelen\/brandbeveiliging\/sprinklerinstallaties\/"},"modified":"2026-03-03T15:39:09","modified_gmt":"2026-03-03T13:39:09","slug":"installations-sprinkler","status":"publish","type":"page","link":"https:\/\/electro-test.be\/fr\/professionnels\/protection-contre-lincendie\/installations-sprinkler\/","title":{"rendered":"Installations sprinkler"},"content":{"rendered":"<section class=\"l-section wpb_row height_auto\"><div class=\"l-section-h i-cf\"><div class=\"g-cols vc_row via_flex valign_top type_default stacking_default\"><div class=\"vc_col-sm-1 wpb_column vc_column_container afterdriehoek2 m300 has_bg_color stretched\"><div class=\"vc_column-inner us_custom_74328829\"><div class=\"wpb_wrapper\"><\/div><\/div><\/div><div class=\"vc_col-sm-1 wpb_column vc_column_container\"><div class=\"vc_column-inner\"><div class=\"wpb_wrapper\"><\/div><\/div><\/div><div class=\"vc_col-sm-8 wpb_column vc_column_container\"><div class=\"vc_column-inner\"><div class=\"wpb_wrapper\">[vc_raw_html el_class=\u00a0\u00bbbreadcrumb\u00a0\u00bb]JTVCd3BzZW9fYnJlYWRjcnVtYiU1RA==[\/vc_raw_html]<div class=\"w-separator size_small\"><\/div><div class=\"wpb_text_column us_custom_47e68cdb has_text_color\"><div class=\"wpb_wrapper\"><h1>Contr\u00f4le des installations sprinkler<\/h1>\n<\/div><\/div><div class=\"w-separator size_small\"><\/div><div class=\"wpb_text_column\"><div class=\"wpb_wrapper\"><p>Une installation sprinkler est con\u00e7ue pour d\u00e9tecter, signaler et ma\u00eetriser un d\u00e9but d\u2019incendie. Les installations sprinkler doivent faire l\u2019objet de contr\u00f4les r\u00e9guliers si l\u2019on veut s\u2019assurer qu\u2019elles offrent constamment la protection voulue et une fiabilit\u00e9 durable.<\/p>\n<p>Chez Electro-Test, la s\u00e9curit\u00e9 est toujours notre priorit\u00e9. Nous nous chargeons des inspections, des tests, de la r\u00e9ception et des contr\u00f4les p\u00e9riodiques des installations sprinkler d\u2019extinction automatique d\u2019incendie. Nos inspecteurs ont toutes les comp\u00e9tences requises pour contr\u00f4ler les installations sprinkler dans votre entreprise selon les prescriptions l\u00e9gales de s\u00e9curit\u00e9. Vous avez ainsi la certitude qu&rsquo;ils satisfont aux prescriptions l\u00e9gales de s\u00e9curit\u00e9 et que votre pr\u00e9vention incendie est parfaitement en ordre.<\/p>\n<\/div><\/div><div class=\"w-separator size_small\"><\/div><div class=\"w-btn-wrapper align_none\"><a class=\"w-btn us-btn-style_5\" title=\"Demander un devis\" href=\"https:\/\/electro-test.be\/fr\/commander\/\"><span class=\"w-btn-label\">Demander un devis<\/span><\/a><\/div><\/div><\/div><\/div><\/div><\/div><\/section><section class=\"l-section wpb_row us_custom_c4da886a height_auto\"><div class=\"l-section-h i-cf\"><div class=\"g-cols vc_row via_flex valign_top type_default stacking_default\"><div class=\"vc_col-sm-12 wpb_column vc_column_container marginbottom0button\"><div class=\"vc_column-inner\"><div class=\"wpb_wrapper\"><div class=\"w-separator size_medium\"><\/div><div class=\"wpb_text_column us_custom_6df4bc3a has_text_color\"><div class=\"wpb_wrapper\"><h3>Besoin d\u2019un contr\u00f4le fiable des installations sprinkler dans votre entreprise\u202f?<\/h3>\n<\/div><\/div><div class=\"w-separator size_small\"><\/div><div class=\"w-btn-wrapper align_left\"><a class=\"w-btn us-btn-style_6 us_custom_0490361b\" title=\"Contactez-nous \" href=\"https:\/\/electro-test.be\/fr\/commander\/\"><span class=\"w-btn-label\">Contactez-nous<\/span><\/a><\/div><\/div><\/div><\/div><\/div><\/div><\/section><section class=\"l-section wpb_row height_auto\"><div class=\"l-section-h i-cf\"><div class=\"g-cols vc_row via_flex valign_top type_default stacking_default\"><div class=\"vc_col-sm-5 vc_col-lg-3 vc_col-md-4 vc_col-xs-12 wpb_column vc_column_container has_bg_color stretched\"><div class=\"vc_column-inner us_custom_bf287441\"><div class=\"wpb_wrapper\"><div class=\"w-image align_center\"><div class=\"w-image-h\"><img decoding=\"async\" src=\"https:\/\/electro-test.be\/wp-content\/uploads\/2022\/07\/Vraagteken-01-1.svg\" class=\"attachment-us_70_70 size-us_70_70\" alt=\"\" loading=\"lazy\" \/><\/div><\/div><div class=\"w-separator size_medium\"><\/div><div class=\"wpb_text_column us_custom_47e68cdb has_text_color\"><div class=\"wpb_wrapper\"><h2>Le contr\u00f4le des installations sprinkler est-il obligatoire\u202f?<\/h2>\n<\/div><\/div><div class=\"w-separator size_small\"><\/div><div class=\"wpb_text_column listtype\"><div class=\"wpb_wrapper\"><p>Avant que l\u2019installations sprinkler ne soit mise en service, les plans et les calculs doivent avoir \u00e9t\u00e9 approuv\u00e9s et une r\u00e9ception de travaux doit avoir eu lieu. D\u00e8s le moment o\u00f9 vous installez un syst\u00e8me de pr\u00e9vention incendie par sprinkler, vous devez le faire contr\u00f4ler chaque ann\u00e9e. Certaines compagnies d\u2019assurances exigent m\u00eame un contr\u00f4le semestriel. <\/p>\n<\/div><\/div><div class=\"w-separator size_small\"><\/div><\/div><\/div><\/div><div class=\"vc_col-sm-1 vc_col-lg-1 vc_hidden-md vc_hidden-sm vc_hidden-xs wpb_column vc_column_container\"><div class=\"vc_column-inner\"><div class=\"wpb_wrapper\"><\/div><\/div><\/div><div class=\"vc_col-sm-7 vc_col-lg-8 vc_col-md-8 vc_col-xs-12 wpb_column vc_column_container\"><div class=\"vc_column-inner\"><div class=\"wpb_wrapper\"><div class=\"wpb_text_column us_custom_47e68cdb has_text_color\"><div class=\"wpb_wrapper\"><h2>Qu\u2019est-ce qu\u2019une installation sprinkler\u202f?<\/h2>\n<\/div><\/div><div class=\"w-separator size_small\"><\/div><div class=\"wpb_text_column listtype\"><div class=\"wpb_wrapper\"><p>Les installations sprinkler (syst\u00e8mes hydrauliques d\u2019extinction automatique d\u2019incendie) sont des installations fixes qui permettent de ma\u00eetriser un incendie, voire de l\u2019\u00e9teindre dans certains cas. Elles sont obligatoires dans les grands b\u00e2timents industriels et les magasins d\u2019une surface sup\u00e9rieure \u00e0 2\u202f000\u202fm\u00b2. Elles sont \u00e9galement de plus en souvent impos\u00e9es dans les parkings souterrains.<\/p>\n<p>Les syst\u00e8mes sprinkler se composent d\u2019un r\u00e9seau \u00e9tendu de conduites qui traversent tout le b\u00e2timent, sur lesquelles sont mont\u00e9es des t\u00eates de sprinkler plac\u00e9es \u00e0 des distances r\u00e9guli\u00e8res et pour des surfaces d\u00e9finies. En situation de repos, les conduites qui m\u00e8nent au poste d\u2019alarme sont remplies d\u2019eau, d\u2019air comprim\u00e9 ou d\u2019un gaz inerte. Le poste de contr\u00f4le est reli\u00e9 en amont \u00e0 un ou plusieurs points d\u2019eau appropri\u00e9s et fiables par une conduite d\u2019alimentation. Ces syst\u00e8mes sont con\u00e7us pour d\u00e9tecter un d\u00e9but d\u2019incendie et peuvent, en fonction du type de sprinkler utilis\u00e9, le contr\u00f4ler et le circonscrire (Control Mode) ou l\u2019\u00e9teindre (Suppression\/Extinguishing Mode).<\/p>\n<p>Les installations sprinkler sont class\u00e9es comme suit\u202f:<\/p>\n<ul>\n<li>syst\u00e8mes sprinkler humides (eau)<\/li>\n<li>syst\u00e8mes sprinkler secs (air)<\/li>\n<li>syst\u00e8mes \u00e0 pr\u00e9action.<\/li>\n<\/ul>\n<\/div><\/div><\/div><\/div><\/div><\/div><\/div><\/section><section class=\"l-section wpb_row us_custom_87af0d37 height_auto\"><div class=\"l-section-h i-cf\"><div class=\"g-cols vc_row via_flex valign_top type_default stacking_default\"><div class=\"vc_col-sm-5 wpb_column vc_column_container marginbottom0button\"><div class=\"vc_column-inner us_custom_e11ab399\"><div class=\"wpb_wrapper\"><div class=\"w-separator size_medium\"><\/div><div class=\"wpb_text_column us_custom_6df4bc3a has_text_color\"><div class=\"wpb_wrapper\"><h4>Besoin d\u2019un contr\u00f4le fiable des installations sprinkler dans votre entreprise\u202f?<\/h4>\n<\/div><\/div><div class=\"w-separator size_small\"><\/div><div class=\"w-btn-wrapper align_none\"><a class=\"w-btn us-btn-style_1 marginbottom0button\" title=\"Contactez-nous \" href=\"https:\/\/electro-test.be\/fr\/commander\/\"><span class=\"w-btn-label\">Contactez-nous<\/span><\/a><\/div><\/div><\/div><\/div><div class=\"vc_col-sm-7 wpb_column vc_column_container m300 has_bg_color stretched\"><div class=\"vc_column-inner us_custom_a767215c\"><div class=\"wpb_wrapper\"><\/div><\/div><\/div><\/div><\/div><\/section><section class=\"l-section wpb_row height_small\"><div class=\"l-section-h i-cf\"><div class=\"g-cols vc_row via_flex valign_top type_default stacking_default\"><div class=\"vc_col-sm-12 wpb_column vc_column_container\"><div class=\"vc_column-inner\"><div class=\"wpb_wrapper\"><div class=\"wpb_text_column\"><div class=\"wpb_wrapper\"><h2>Contr\u00f4le du niveau de d\u00e9bit et de pression ou analyse de pr\u00e9sence de corrosion d\u2019origine microbiologique (MIC)<\/h2>\n<\/div><\/div><div class=\"w-separator size_small\"><\/div><\/div><\/div><\/div><div class=\"vc_col-sm-6 wpb_column vc_column_container\"><div class=\"vc_column-inner\"><div class=\"wpb_wrapper\"><div class=\"wpb_text_column listtype\"><div class=\"wpb_wrapper\"><p>Les normes pr\u00e9voient \u00e9galement un contr\u00f4le r\u00e9gulier du niveau de d\u00e9bit et de pression de l\u2019alimentation en eau ainsi qu\u2019un contr\u00f4le approfondi tous les vingt-cinq ans, ou une analyse visant \u00e0 d\u00e9tecter la pr\u00e9sence de corrosion d\u2019origine microbiologique (MIC). <\/p>\n<\/div><\/div><\/div><\/div><\/div><div class=\"vc_col-sm-6 wpb_column vc_column_container\"><div class=\"vc_column-inner\"><div class=\"wpb_wrapper\"><div class=\"wpb_text_column listtype\"><div class=\"wpb_wrapper\"><p>Ces contr\u00f4les imposent d\u2019avoir recours \u00e0 des techniques sp\u00e9ciales afin de garantir la fiabilit\u00e9 des installations (degr\u00e9 de corrosion, obstructions et autres \u00e9l\u00e9ments). Ces syst\u00e8mes font \u00e9galement partie d\u2019un programme de contr\u00f4le complet, auquel s\u2019ajoutent des essais en laboratoire. <\/p>\n<\/div><\/div><\/div><\/div><\/div><div class=\"vc_col-sm-12 wpb_column vc_column_container\"><div class=\"vc_column-inner\"><div class=\"wpb_wrapper\"><div class=\"w-separator size_medium\"><\/div><div class=\"wpb_text_column\"><div class=\"wpb_wrapper\"><h2>Que se passe-t-il apr\u00e8s le contr\u00f4le des installations sprinkler dans votre entreprise\u202f?<\/h2>\n<\/div><\/div><div class=\"w-separator size_small\"><\/div><div class=\"wpb_text_column\"><div class=\"wpb_wrapper\"><p>\u00c0 l\u2019issue du contr\u00f4le, vous recevez un rapport d\u2019inspection contenant d\u2019\u00e9ventuelles remarques. Le syst\u00e8me sprinkler ne pr\u00e9sente pas de d\u00e9faillances et satisfait aux normes l\u00e9gales\u202f? Dans ce cas, nous d\u00e9clarons que votre installation est conforme et vous pouvez continuer \u00e0 l\u2019utiliser sans souci. <\/p>\n<\/div><\/div><\/div><\/div><\/div><\/div><\/div><\/section><section class=\"l-section wpb_row us_custom_c4da886a height_auto\"><div class=\"l-section-h i-cf\"><div class=\"g-cols vc_row via_flex valign_top type_default stacking_default\"><div class=\"vc_col-sm-12 wpb_column vc_column_container marginbottom0button\"><div class=\"vc_column-inner\"><div class=\"wpb_wrapper\"><div class=\"w-separator size_medium\"><\/div><div class=\"wpb_text_column us_custom_6df4bc3a has_text_color\"><div class=\"wpb_wrapper\"><h3>Besoin d\u2019un contr\u00f4le fiable des installations sprinkler dans votre entreprise\u202f?<\/h3>\n<\/div><\/div><div class=\"w-separator size_small\"><\/div><div class=\"w-btn-wrapper align_left\"><a class=\"w-btn us-btn-style_6 us_custom_0490361b\" title=\"Contactez-nous \" href=\"https:\/\/electro-test.be\/fr\/commander\/\"><span class=\"w-btn-label\">Contactez-nous<\/span><\/a><\/div><\/div><\/div><\/div><\/div><\/div><\/section><section class=\"l-section wpb_row us_custom_0d15be52 height_medium\"><div class=\"l-section-h i-cf\"><div class=\"g-cols vc_row via_flex valign_top type_default stacking_default\"><div class=\"vc_col-sm-12 wpb_column vc_column_container\"><div class=\"vc_column-inner\"><div class=\"wpb_wrapper\"><div class=\"wpb_text_column us_custom_47e68cdb has_text_color\"><div class=\"wpb_wrapper\"><h2>Contr\u00f4le des installations sprinkler par Electro-Test<\/h2>\n<\/div><\/div><div class=\"w-separator size_small\"><\/div><div class=\"wpb_text_column\"><div class=\"wpb_wrapper\"><p>Vous pouvez compter sur Electro-Test pour le contr\u00f4le des installations sprinkler dans votre entreprise. Forts d\u2019une grande exp\u00e9rience et expertise, nous sommes en mesure de proc\u00e9der au contr\u00f4le correct et exhaustif de vos syst\u00e8mes sprinkler. Nos inspecteurs se rendent sur place, proc\u00e8dent aux analyses n\u00e9cessaires, identifient les probl\u00e8mes \u00e9ventuels et vous tiennent ensuite scrupuleusement inform\u00e9(e) de leurs conclusions. En cas de probl\u00e8mes, nous vous donnons \u00e9galement des conseils cibl\u00e9s par rapport \u00e0 toutes les solutions envisageables.<\/p>\n<\/div><\/div><\/div><\/div><\/div><\/div><\/div><\/section><section class=\"l-section wpb_row height_medium\"><div class=\"l-section-h i-cf\"><div class=\"g-cols vc_row via_flex valign_top type_default stacking_default\"><div class=\"vc_col-sm-6 wpb_column vc_column_container\"><div class=\"vc_column-inner\"><div class=\"wpb_wrapper\"><div class=\"wpb_text_column\"><div class=\"wpb_wrapper\"><h2>Vous pouvez \u00e9galement faire appel \u00e0 Electro-Test pour<\/h2>\n<p>Electro-Test est un organisme agr\u00e9\u00e9 pour le contr\u00f4le de diff\u00e9rents types d\u2019installations de d\u00e9tection incendie et de syst\u00e8mes d\u2019alarme. Lors du contr\u00f4le, nos inspecteurs distinguent g\u00e9n\u00e9ralement les \u00e9quipements suivants\u202f:<\/p>\n<\/div><\/div><\/div><\/div><\/div><div class=\"vc_col-sm-1 wpb_column vc_column_container\"><div class=\"vc_column-inner\"><div class=\"wpb_wrapper\"><\/div><\/div><\/div><div class=\"vc_col-sm-5 wpb_column vc_column_container m300 has_bg_color\"><div class=\"vc_column-inner us_custom_ea093926\"><div class=\"wpb_wrapper\"><\/div><\/div><\/div><\/div><\/div><\/section><section class=\"l-section wpb_row height_auto\"><div class=\"l-section-h i-cf\"><div class=\"g-cols vc_row via_flex valign_top type_default stacking_default\"><div class=\"vc_col-sm-6 wpb_column vc_column_container\"><div class=\"vc_column-inner\"><div class=\"wpb_wrapper\"><div class=\"wpb_text_column listtype\"><div class=\"wpb_wrapper\"><ul>\n<li>installation AAA (annonce, alerte et alarme)<\/li>\n<li>syst\u00e8mes d\u2019alarme incendie<\/li>\n<li>hydrants et d\u00e9vidoirs<\/li>\n<li>installations de d\u00e9tection de gaz<\/li>\n<li>moyens d\u2019extinction automatiques<\/li>\n<li>syst\u00e8mes d\u2019extraction de fum\u00e9e et de chaleur dans les parkings souterrains<\/li>\n<\/ul>\n<\/div><\/div><\/div><\/div><\/div><div class=\"vc_col-sm-1 vc_hidden-sm vc_hidden-xs wpb_column vc_column_container\"><div class=\"vc_column-inner\"><div class=\"wpb_wrapper\"><\/div><\/div><\/div><div class=\"vc_col-sm-5 wpb_column vc_column_container\"><div class=\"vc_column-inner\"><div class=\"wpb_wrapper\"><div class=\"wpb_text_column listtype\"><div class=\"wpb_wrapper\"><ul>\n<li>exutoires de fum\u00e9e<\/li>\n<li>plans d\u2019\u00e9vacuation<\/li>\n<li>exercices d\u2019\u00e9vacuation<\/li>\n<li>dossier d\u2019intervention incendie<\/li>\n<li>s\u00e9curit\u00e9 g\u00e9n\u00e9rale incendie.<\/li>\n<\/ul>\n<\/div><\/div><div class=\"w-separator size_large\"><\/div><\/div><\/div><\/div><\/div><\/div><\/section><section class=\"l-section wpb_row height_auto\"><div class=\"l-section-h i-cf\"><div class=\"g-cols vc_row via_flex valign_top type_default stacking_default\"><div class=\"vc_col-sm-12 wpb_column vc_column_container marginbottom0button has_bg_color\"><div class=\"vc_column-inner us_custom_7e653751\"><div class=\"wpb_wrapper\"><div class=\"w-separator size_medium\"><\/div><div class=\"wpb_text_column us_custom_6df4bc3a has_text_color\"><div class=\"wpb_wrapper\"><h3 style=\"text-align: center;\">Besoin d\u2019un contr\u00f4le fiable des installations sprinkler dans votre entreprise\u202f?<\/h3>\n<\/div><\/div><div class=\"w-separator size_small\"><\/div><div class=\"w-btn-wrapper align_center\"><a class=\"w-btn us-btn-style_6 us_custom_0490361b\" title=\"Contactez-nous\" href=\"https:\/\/electro-test.be\/fr\/commander\/\"><span class=\"w-btn-label\">Contactez-nous<\/span><\/a><\/div><\/div><\/div><\/div><\/div><\/div><\/section>\n","protected":false},"excerpt":{"rendered":"[vc_raw_html el_class=\"breadcrumb\"]JTVCd3BzZW9fYnJlYWRjcnVtYiU1RA==[\/vc_raw_html]Contr\u00f4le des installations sprinkler Une installation sprinkler est con\u00e7ue pour d\u00e9tecter, signaler et ma\u00eetriser un d\u00e9but d\u2019incendie. Les installations sprinkler doivent faire l\u2019objet de contr\u00f4les r\u00e9guliers si l\u2019on veut s\u2019assurer qu\u2019elles offrent constamment la protection voulue et une fiabilit\u00e9 durable. Chez Electro-Test, la s\u00e9curit\u00e9 est toujours notre priorit\u00e9. Nous nous chargeons des inspections, des...","protected":false},"author":1,"featured_media":0,"parent":2609,"menu_order":6,"comment_status":"closed","ping_status":"closed","template":"","meta":{"_acf_changed":false,"footnotes":""},"class_list":["post-2634","page","type-page","status-publish","hentry"],"acf":[],"yoast_head":"<!-- This site is optimized with the Yoast SEO plugin v27.4 - https:\/\/yoast.com\/product\/yoast-seo-wordpress\/ -->\n<title>Contr\u00f4le des installations sprinkler | Electro-Test<\/title>\n<meta name=\"description\" content=\"Contr\u00f4le des installations sprinkler par un organisme agr\u00e9\u00e9. Une solution rapide, flexible, professionnelle et proche de chez vous. Contactez-nous pour le contr\u00f4le des installations sprinkler dans votre entreprise.\" \/>\n<meta name=\"robots\" content=\"index, follow, max-snippet:-1, max-image-preview:large, max-video-preview:-1\" \/>\n<link rel=\"canonical\" href=\"https:\/\/electro-test.be\/fr\/professionnels\/protection-contre-lincendie\/installations-sprinkler\/\" \/>\n<meta property=\"og:locale\" content=\"fr_FR\" \/>\n<meta property=\"og:type\" content=\"article\" \/>\n<meta property=\"og:title\" content=\"Contr\u00f4le des installations sprinkler | Electro-Test\" \/>\n<meta property=\"og:description\" content=\"Contr\u00f4le des installations sprinkler par un organisme agr\u00e9\u00e9. Une solution rapide, flexible, professionnelle et proche de chez vous. Contactez-nous pour le contr\u00f4le des installations sprinkler dans votre entreprise.\" \/>\n<meta property=\"og:url\" content=\"https:\/\/electro-test.be\/fr\/professionnels\/protection-contre-lincendie\/installations-sprinkler\/\" \/>\n<meta property=\"og:site_name\" content=\"Electro-Test\" \/>\n<meta property=\"article:modified_time\" content=\"2026-03-03T13:39:09+00:00\" \/>\n<meta name=\"twitter:card\" content=\"summary_large_image\" \/>\n<meta name=\"twitter:label1\" content=\"Dur\u00e9e de lecture estim\u00e9e\" \/>\n\t<meta name=\"twitter:data1\" content=\"5 minutes\" \/>\n<script type=\"application\/ld+json\" class=\"yoast-schema-graph\">{\"@context\":\"https:\\\/\\\/schema.org\",\"@graph\":[{\"@type\":\"WebPage\",\"@id\":\"https:\\\/\\\/electro-test.be\\\/fr\\\/professionnels\\\/protection-contre-lincendie\\\/installations-sprinkler\\\/\",\"url\":\"https:\\\/\\\/electro-test.be\\\/fr\\\/professionnels\\\/protection-contre-lincendie\\\/installations-sprinkler\\\/\",\"name\":\"Contr\u00f4le des installations sprinkler | Electro-Test\",\"isPartOf\":{\"@id\":\"https:\\\/\\\/electro-test.be\\\/fr\\\/#website\"},\"datePublished\":\"2022-06-21T13:25:31+00:00\",\"dateModified\":\"2026-03-03T13:39:09+00:00\",\"description\":\"Contr\u00f4le des installations sprinkler par un organisme agr\u00e9\u00e9. Une solution rapide, flexible, professionnelle et proche de chez vous. Contactez-nous pour le contr\u00f4le des installations sprinkler dans votre entreprise.\",\"breadcrumb\":{\"@id\":\"https:\\\/\\\/electro-test.be\\\/fr\\\/professionnels\\\/protection-contre-lincendie\\\/installations-sprinkler\\\/#breadcrumb\"},\"inLanguage\":\"fr-FR\",\"potentialAction\":[{\"@type\":\"ReadAction\",\"target\":[\"https:\\\/\\\/electro-test.be\\\/fr\\\/professionnels\\\/protection-contre-lincendie\\\/installations-sprinkler\\\/\"]}]},{\"@type\":\"BreadcrumbList\",\"@id\":\"https:\\\/\\\/electro-test.be\\\/fr\\\/professionnels\\\/protection-contre-lincendie\\\/installations-sprinkler\\\/#breadcrumb\",\"itemListElement\":[{\"@type\":\"ListItem\",\"position\":1,\"name\":\"Professionnels\",\"item\":\"https:\\\/\\\/electro-test.be\\\/fr\\\/professionnels\\\/\"},{\"@type\":\"ListItem\",\"position\":2,\"name\":\"Protection contre l\u2019incendie\",\"item\":\"https:\\\/\\\/electro-test.be\\\/fr\\\/professionnels\\\/protection-contre-lincendie\\\/\"},{\"@type\":\"ListItem\",\"position\":3,\"name\":\"Installations sprinkler\"}]},{\"@type\":\"WebSite\",\"@id\":\"https:\\\/\\\/electro-test.be\\\/fr\\\/#website\",\"url\":\"https:\\\/\\\/electro-test.be\\\/fr\\\/\",\"name\":\"Electro-Test\",\"description\":\"\",\"publisher\":{\"@id\":\"https:\\\/\\\/electro-test.be\\\/fr\\\/#organization\"},\"potentialAction\":[{\"@type\":\"SearchAction\",\"target\":{\"@type\":\"EntryPoint\",\"urlTemplate\":\"https:\\\/\\\/electro-test.be\\\/fr\\\/?s={search_term_string}\"},\"query-input\":{\"@type\":\"PropertyValueSpecification\",\"valueRequired\":true,\"valueName\":\"search_term_string\"}}],\"inLanguage\":\"fr-FR\"},{\"@type\":\"Organization\",\"@id\":\"https:\\\/\\\/electro-test.be\\\/fr\\\/#organization\",\"name\":\"electroTEST\",\"url\":\"https:\\\/\\\/electro-test.be\\\/fr\\\/\",\"logo\":{\"@type\":\"ImageObject\",\"inLanguage\":\"fr-FR\",\"@id\":\"https:\\\/\\\/electro-test.be\\\/fr\\\/#\\\/schema\\\/logo\\\/image\\\/\",\"url\":\"https:\\\/\\\/electro-test.be\\\/wp-content\\\/uploads\\\/2022\\\/06\\\/Logo_ET_NL-FR.svg\",\"contentUrl\":\"https:\\\/\\\/electro-test.be\\\/wp-content\\\/uploads\\\/2022\\\/06\\\/Logo_ET_NL-FR.svg\",\"width\":\"1024\",\"height\":\"1024\",\"caption\":\"electroTEST\"},\"image\":{\"@id\":\"https:\\\/\\\/electro-test.be\\\/fr\\\/#\\\/schema\\\/logo\\\/image\\\/\"}}]}<\/script>\n<!-- \/ Yoast SEO plugin. -->","yoast_head_json":{"title":"Contr\u00f4le des installations sprinkler | Electro-Test","description":"Contr\u00f4le des installations sprinkler par un organisme agr\u00e9\u00e9. Une solution rapide, flexible, professionnelle et proche de chez vous. Contactez-nous pour le contr\u00f4le des installations sprinkler dans votre entreprise.","robots":{"index":"index","follow":"follow","max-snippet":"max-snippet:-1","max-image-preview":"max-image-preview:large","max-video-preview":"max-video-preview:-1"},"canonical":"https:\/\/electro-test.be\/fr\/professionnels\/protection-contre-lincendie\/installations-sprinkler\/","og_locale":"fr_FR","og_type":"article","og_title":"Contr\u00f4le des installations sprinkler | Electro-Test","og_description":"Contr\u00f4le des installations sprinkler par un organisme agr\u00e9\u00e9. Une solution rapide, flexible, professionnelle et proche de chez vous. Contactez-nous pour le contr\u00f4le des installations sprinkler dans votre entreprise.","og_url":"https:\/\/electro-test.be\/fr\/professionnels\/protection-contre-lincendie\/installations-sprinkler\/","og_site_name":"Electro-Test","article_modified_time":"2026-03-03T13:39:09+00:00","twitter_card":"summary_large_image","twitter_misc":{"Dur\u00e9e de lecture estim\u00e9e":"5 minutes"},"schema":{"@context":"https:\/\/schema.org","@graph":[{"@type":"WebPage","@id":"https:\/\/electro-test.be\/fr\/professionnels\/protection-contre-lincendie\/installations-sprinkler\/","url":"https:\/\/electro-test.be\/fr\/professionnels\/protection-contre-lincendie\/installations-sprinkler\/","name":"Contr\u00f4le des installations sprinkler | Electro-Test","isPartOf":{"@id":"https:\/\/electro-test.be\/fr\/#website"},"datePublished":"2022-06-21T13:25:31+00:00","dateModified":"2026-03-03T13:39:09+00:00","description":"Contr\u00f4le des installations sprinkler par un organisme agr\u00e9\u00e9. Une solution rapide, flexible, professionnelle et proche de chez vous. Contactez-nous pour le contr\u00f4le des installations sprinkler dans votre entreprise.","breadcrumb":{"@id":"https:\/\/electro-test.be\/fr\/professionnels\/protection-contre-lincendie\/installations-sprinkler\/#breadcrumb"},"inLanguage":"fr-FR","potentialAction":[{"@type":"ReadAction","target":["https:\/\/electro-test.be\/fr\/professionnels\/protection-contre-lincendie\/installations-sprinkler\/"]}]},{"@type":"BreadcrumbList","@id":"https:\/\/electro-test.be\/fr\/professionnels\/protection-contre-lincendie\/installations-sprinkler\/#breadcrumb","itemListElement":[{"@type":"ListItem","position":1,"name":"Professionnels","item":"https:\/\/electro-test.be\/fr\/professionnels\/"},{"@type":"ListItem","position":2,"name":"Protection contre l\u2019incendie","item":"https:\/\/electro-test.be\/fr\/professionnels\/protection-contre-lincendie\/"},{"@type":"ListItem","position":3,"name":"Installations sprinkler"}]},{"@type":"WebSite","@id":"https:\/\/electro-test.be\/fr\/#website","url":"https:\/\/electro-test.be\/fr\/","name":"Electro-Test","description":"","publisher":{"@id":"https:\/\/electro-test.be\/fr\/#organization"},"potentialAction":[{"@type":"SearchAction","target":{"@type":"EntryPoint","urlTemplate":"https:\/\/electro-test.be\/fr\/?s={search_term_string}"},"query-input":{"@type":"PropertyValueSpecification","valueRequired":true,"valueName":"search_term_string"}}],"inLanguage":"fr-FR"},{"@type":"Organization","@id":"https:\/\/electro-test.be\/fr\/#organization","name":"electroTEST","url":"https:\/\/electro-test.be\/fr\/","logo":{"@type":"ImageObject","inLanguage":"fr-FR","@id":"https:\/\/electro-test.be\/fr\/#\/schema\/logo\/image\/","url":"https:\/\/electro-test.be\/wp-content\/uploads\/2022\/06\/Logo_ET_NL-FR.svg","contentUrl":"https:\/\/electro-test.be\/wp-content\/uploads\/2022\/06\/Logo_ET_NL-FR.svg","width":"1024","height":"1024","caption":"electroTEST"},"image":{"@id":"https:\/\/electro-test.be\/fr\/#\/schema\/logo\/image\/"}}]}},"_links":{"self":[{"href":"https:\/\/electro-test.be\/fr\/wp-json\/wp\/v2\/pages\/2634","targetHints":{"allow":["GET"]}}],"collection":[{"href":"https:\/\/electro-test.be\/fr\/wp-json\/wp\/v2\/pages"}],"about":[{"href":"https:\/\/electro-test.be\/fr\/wp-json\/wp\/v2\/types\/page"}],"author":[{"embeddable":true,"href":"https:\/\/electro-test.be\/fr\/wp-json\/wp\/v2\/users\/1"}],"replies":[{"embeddable":true,"href":"https:\/\/electro-test.be\/fr\/wp-json\/wp\/v2\/comments?post=2634"}],"version-history":[{"count":4,"href":"https:\/\/electro-test.be\/fr\/wp-json\/wp\/v2\/pages\/2634\/revisions"}],"predecessor-version":[{"id":6159,"href":"https:\/\/electro-test.be\/fr\/wp-json\/wp\/v2\/pages\/2634\/revisions\/6159"}],"up":[{"embeddable":true,"href":"https:\/\/electro-test.be\/fr\/wp-json\/wp\/v2\/pages\/2609"}],"wp:attachment":[{"href":"https:\/\/electro-test.be\/fr\/wp-json\/wp\/v2\/media?parent=2634"}],"curies":[{"name":"wp","href":"https:\/\/api.w.org\/{rel}","templated":true}]}}