{"id":2649,"date":"2022-06-21T15:26:59","date_gmt":"2022-06-21T13:26:59","guid":{"rendered":"https:\/\/electro-test.be\/professionelen\/liften-hijs-en-hefwerktuigen\/personenliften\/"},"modified":"2026-03-03T11:52:46","modified_gmt":"2026-03-03T09:52:46","slug":"ascenseurs","status":"publish","type":"page","link":"https:\/\/electro-test.be\/fr\/professionnels\/ascenseurs-engins-de-hissage-et-levage\/ascenseurs\/","title":{"rendered":"Ascenseurs"},"content":{"rendered":"<section class=\"l-section wpb_row height_auto\"><div class=\"l-section-h i-cf\"><div class=\"g-cols vc_row via_flex valign_top type_default stacking_default\"><div class=\"vc_col-sm-1 wpb_column vc_column_container afterdriehoek2 m300 has_bg_color stretched\"><div class=\"vc_column-inner us_custom_5ce4ec5a\"><div class=\"wpb_wrapper\"><\/div><\/div><\/div><div class=\"vc_col-sm-1 wpb_column vc_column_container\"><div class=\"vc_column-inner\"><div class=\"wpb_wrapper\"><\/div><\/div><\/div><div class=\"vc_col-sm-8 wpb_column vc_column_container\"><div class=\"vc_column-inner\"><div class=\"wpb_wrapper\">[vc_raw_html el_class=\u00a0\u00bbbreadcrumb\u00a0\u00bb]JTVCd3BzZW9fYnJlYWRjcnVtYiU1RA==[\/vc_raw_html]<div class=\"w-separator size_small\"><\/div><div class=\"wpb_text_column us_custom_47e68cdb has_text_color\"><div class=\"wpb_wrapper\"><h1>Contr\u00f4le des ascenseurs<\/h1>\n<\/div><\/div><div class=\"w-separator size_small\"><\/div><div class=\"wpb_text_column\"><div class=\"wpb_wrapper\"><p>Votre entreprise compte un ou plusieurs ascenseur(s) utilis\u00e9(s) par vos collaborateurs et vous-m\u00eame\u202f? Vous devez dans ce cas veiller \u00e0 la s\u00e9curit\u00e9 et \u00e0 la fiabilit\u00e9 de ces ascenseurs. Pour assurer la s\u00e9curit\u00e9 de vos collaborateurs et \u00e9viter d\u2019\u00e9ventuels incidents, il est de la plus haute importance que les ascenseurs de votre entreprise soient contr\u00f4l\u00e9s de mani\u00e8re professionnelle et conform\u00e9ment aux obligations l\u00e9gales.<\/p>\n<p>Chez Electro-Test, nous sommes plus qualifi\u00e9s que quiconque pour le contr\u00f4le de vos ascenseurs. Nos inspecteurs chevronn\u00e9s inspectent votre\/vos ascenseur(s) conform\u00e9ment aux prescriptions de s\u00e9curit\u00e9 afin qu\u2019ils ne pr\u00e9sentent aucun danger.<\/p>\n<\/div><\/div><div class=\"w-separator size_small\"><\/div><div class=\"w-btn-wrapper align_none\"><a class=\"w-btn us-btn-style_5\" title=\"Demander un devis\" href=\"https:\/\/electro-test.be\/fr\/commander\/\"><span class=\"w-btn-label\">Demander un devis<\/span><\/a><\/div><\/div><\/div><\/div><\/div><\/div><\/section><section class=\"l-section wpb_row us_custom_c4da886a height_auto\"><div class=\"l-section-h i-cf\"><div class=\"g-cols vc_row via_flex valign_top type_default stacking_default\"><div class=\"vc_col-sm-12 wpb_column vc_column_container marginbottom0button\"><div class=\"vc_column-inner\"><div class=\"wpb_wrapper\"><div class=\"w-separator size_medium\"><\/div><div class=\"wpb_text_column us_custom_6df4bc3a has_text_color\"><div class=\"wpb_wrapper\"><h3>Besoin d\u2019un contr\u00f4le fiable des ascenseurs de votre entreprise\u202f?<\/h3>\n<\/div><\/div><div class=\"w-separator size_small\"><\/div><div class=\"w-btn-wrapper align_left\"><a class=\"w-btn us-btn-style_6 us_custom_0490361b\" title=\"N\u2019h\u00e9sitez pas \u00e0 nous contacter\" href=\"https:\/\/electro-test.be\/fr\/commander\/\"><span class=\"w-btn-label\">N\u2019h\u00e9sitez pas \u00e0 nous contacter<\/span><\/a><\/div><\/div><\/div><\/div><\/div><\/div><\/section><section class=\"l-section wpb_row height_auto\"><div class=\"l-section-h i-cf\"><div class=\"g-cols vc_row via_flex valign_top type_default stacking_default\"><div class=\"vc_col-sm-5 vc_col-lg-3 vc_col-md-4 vc_col-xs-12 wpb_column vc_column_container has_bg_color stretched\"><div class=\"vc_column-inner us_custom_bf287441\"><div class=\"wpb_wrapper\"><div class=\"w-image align_center\"><div class=\"w-image-h\"><img decoding=\"async\" src=\"https:\/\/electro-test.be\/wp-content\/uploads\/2022\/07\/Vraagteken-01-1.svg\" class=\"attachment-us_70_70 size-us_70_70\" alt=\"\" loading=\"lazy\" \/><\/div><\/div><div class=\"w-separator size_medium\"><\/div><div class=\"wpb_text_column us_custom_47e68cdb has_text_color\"><div class=\"wpb_wrapper\"><h2>Le contr\u00f4le p\u00e9riodique des ascenseurs de votre entreprise est-il obligatoire\u202f?<\/h2>\n<\/div><\/div><div class=\"w-separator size_small\"><\/div><div class=\"wpb_text_column listtype\"><div class=\"wpb_wrapper\"><p>Oui\u202f! Un contr\u00f4le professionnel et en temps en heure est n\u00e9cessaire et obligatoire afin que vos collaborateurs puissent utiliser l\u2019ascenseur de mani\u00e8re s\u00fbre. <\/p>\n<\/div><\/div><div class=\"w-separator size_small\"><\/div><\/div><\/div><\/div><div class=\"vc_col-sm-1 vc_col-lg-1 vc_hidden-md vc_hidden-sm vc_hidden-xs wpb_column vc_column_container\"><div class=\"vc_column-inner\"><div class=\"wpb_wrapper\"><\/div><\/div><\/div><div class=\"vc_col-sm-7 vc_col-lg-8 vc_col-md-8 vc_col-xs-12 wpb_column vc_column_container\"><div class=\"vc_column-inner\"><div class=\"wpb_wrapper\"><div class=\"wpb_text_column\"><div class=\"wpb_wrapper\"><h2>Quand faire contr\u00f4le les ascenseurs de votre entreprise\u202f?<\/h2>\n<\/div><\/div><div class=\"w-separator size_small\"><\/div><div class=\"wpb_text_column listtype\"><div class=\"wpb_wrapper\"><p><strong>Contr\u00f4le p\u00e9riodique des ascenseurs<\/strong><\/p>\n<p>Les ascenseurs de votre entreprise doivent faire l\u2019objet d\u2019un contr\u00f4le p\u00e9riodique. L\u2019intervalle entre ces contr\u00f4les p\u00e9riodiques d\u00e9pend de l\u2019entreprise de maintenance.<\/p>\n<ul>\n<li>Votre entreprise d\u2019entretienest certifi\u00e9e ISO9001\u202f? Dans ce cas, une inspection pr\u00e9ventive annuelle est suffisante, compl\u00e9t\u00e9e par une inspection semestrielle.<\/li>\n<li>Votre entreprise d\u2019entretien n\u2019est pas certifi\u00e9e ISO9001\u202f? Vous devez alors effectuer une inspection pr\u00e9ventive tous les trois mois.<\/li>\n<\/ul>\n<\/div><\/div><\/div><\/div><\/div><\/div><\/div><\/section><section class=\"l-section wpb_row us_custom_87af0d37 height_auto\"><div class=\"l-section-h i-cf\"><div class=\"g-cols vc_row via_flex valign_top type_default stacking_default\"><div class=\"vc_col-sm-5 wpb_column vc_column_container marginbottom0button\"><div class=\"vc_column-inner us_custom_e11ab399\"><div class=\"wpb_wrapper\"><div class=\"w-separator size_medium\"><\/div><div class=\"wpb_text_column us_custom_6df4bc3a has_text_color\"><div class=\"wpb_wrapper\"><h4>Besoin d\u2019un contr\u00f4le p\u00e9riodique fiable des ascenseurs de votre entreprise\u202f?<\/h4>\n<\/div><\/div><div class=\"w-separator size_small\"><\/div><div class=\"w-btn-wrapper align_none\"><a class=\"w-btn us-btn-style_1 marginbottom0button\" title=\"N\u2019h\u00e9sitez pas \u00e0 nous contacter \" href=\"https:\/\/electro-test.be\/fr\/commander\/\"><span class=\"w-btn-label\">N\u2019h\u00e9sitez pas \u00e0 nous contacter<\/span><\/a><\/div><\/div><\/div><\/div><div class=\"vc_col-sm-7 wpb_column vc_column_container m300 has_bg_color stretched\"><div class=\"vc_column-inner us_custom_962e3f15\"><div class=\"wpb_wrapper\"><\/div><\/div><\/div><\/div><\/div><\/section><section class=\"l-section wpb_row height_small\"><div class=\"l-section-h i-cf\"><div class=\"g-cols vc_row via_flex valign_top type_default stacking_default\"><div class=\"vc_col-sm-6 wpb_column vc_column_container\"><div class=\"vc_column-inner\"><div class=\"wpb_wrapper\"><div class=\"wpb_text_column\"><div class=\"wpb_wrapper\"><h2>Analyse des risques des ascenseurs<\/h2>\n<\/div><\/div><div class=\"w-separator size_small\"><\/div><div class=\"wpb_text_column listtype\"><div class=\"wpb_wrapper\"><p>En plus des contr\u00f4les p\u00e9riodiques de vos ascenseurs, vous devez proc\u00e9der \u00e0 une analyse des risques tous les quinze ans. Vous \u00eates ainsi inform\u00e9 de la s\u00e9curit\u00e9 de vos ascenseurs, mais aussi des \u00e9ventuels risques. De plus, si des modifications sont apport\u00e9es aux ascenseurs de votre entreprise, vous devez \u00e9galement proc\u00e9der par d\u00e9faut \u00e0 une analyse des risques.<\/p>\n<p>Notre inspecteur vous fournit un rapport apr\u00e8s l\u2019analyse des risques, dans lequel sont mentionn\u00e9s les risques qui n\u00e9cessitent une maintenance ou une r\u00e9paration et ceux qui n\u00e9cessitent une modernisation. Sur la base de ce rapport, vous pouvez alors contacter notre entreprise d\u2019entretienpour faire proc\u00e9der aux modifications et r\u00e9parations requises. <\/p>\n<\/div><\/div><\/div><\/div><\/div><div class=\"vc_col-sm-6 wpb_column vc_column_container\"><div class=\"vc_column-inner\"><div class=\"wpb_wrapper\"><div class=\"wpb_text_column\"><div class=\"wpb_wrapper\"><h2>Inspection de r\u00e9gularisation des ascenseurs<\/h2>\n<\/div><\/div><div class=\"w-separator size_small\"><\/div><div class=\"wpb_text_column listtype\"><div class=\"wpb_wrapper\"><p>Au plus tard trois ans apr\u00e8s l\u2019analyse des risques, vos ascenseurs doivent encore faire l\u2019objet d\u2019une inspection de r\u00e9gularisation. Durant cette inspection, nous v\u00e9rifions si toutes les recommandations ont \u00e9t\u00e9 correctement suivies par votre entreprise d\u2019entretien. Cela signifie que les \u00e9ventuels travaux de modernisation doivent avoir lieu entre les deux contr\u00f4les. <\/p>\n<\/div><\/div><\/div><\/div><\/div><\/div><\/div><\/section><section class=\"l-section wpb_row us_custom_c4da886a height_auto\"><div class=\"l-section-h i-cf\"><div class=\"g-cols vc_row via_flex valign_top type_default stacking_default\"><div class=\"vc_col-sm-12 wpb_column vc_column_container marginbottom0button\"><div class=\"vc_column-inner\"><div class=\"wpb_wrapper\"><div class=\"w-separator size_medium\"><\/div><div class=\"wpb_text_column us_custom_6df4bc3a has_text_color\"><div class=\"wpb_wrapper\"><h3>Besoin d\u2019une analyse des risques fiable, effectu\u00e9e par des inspecteurs chevronn\u00e9s, des ascenseurs de votre entreprise\u202f?<\/h3>\n<\/div><\/div><div class=\"w-separator size_small\"><\/div><div class=\"w-btn-wrapper align_left\"><a class=\"w-btn us-btn-style_6 us_custom_0490361b\" title=\"N\u2019h\u00e9sitez pas \u00e0 nous contacter \" href=\"https:\/\/electro-test.be\/fr\/commander\/\"><span class=\"w-btn-label\">N\u2019h\u00e9sitez pas \u00e0 nous contacter<\/span><\/a><\/div><\/div><\/div><\/div><\/div><\/div><\/section><section class=\"l-section wpb_row us_custom_0d15be52 height_medium\"><div class=\"l-section-h i-cf\"><div class=\"g-cols vc_row via_flex valign_top type_default stacking_default\"><div class=\"vc_col-sm-12 wpb_column vc_column_container\"><div class=\"vc_column-inner\"><div class=\"wpb_wrapper\"><div class=\"wpb_text_column us_custom_47e68cdb has_text_color\"><div class=\"wpb_wrapper\"><h2>Comment se passe le contr\u00f4le des ascenseurs dans votre entreprise\u202f?<\/h2>\n<\/div><\/div><div class=\"w-separator size_small\"><\/div><div class=\"wpb_text_column\"><div class=\"wpb_wrapper\"><p>Lors du contr\u00f4le des ascenseurs de votre entreprise, notre inspecteur v\u00e9rifiera si un dossier de s\u00e9curit\u00e9 est pr\u00e9sent et si toutes les mentions obligatoires sont pr\u00e9sentes. Il contr\u00f4lera par ailleurs les dispositifs de s\u00e9curit\u00e9 et de commande, ainsi que l\u2019acc\u00e8s \u00e0 l\u2019ascenseur. Enfin, il soumettra l\u2019ensemble de l\u2019installation \u00e0 un contr\u00f4le approfondi. <\/p>\n<\/div><\/div><\/div><\/div><\/div><\/div><\/div><\/section><section class=\"l-section wpb_row height_medium\"><div class=\"l-section-h i-cf\"><div class=\"g-cols vc_row via_flex valign_top type_default stacking_default\"><div class=\"vc_col-sm-6 wpb_column vc_column_container\"><div class=\"vc_column-inner\"><div class=\"wpb_wrapper\"><div class=\"wpb_text_column\"><div class=\"wpb_wrapper\"><h2>Contr\u00f4le des ascenseurs de votre entreprise par Electro-Test<\/h2>\n<p>Il est essentiel de faire contr\u00f4ler en temps utile les ascenseurs de votre entreprise par un professionnel. Nos inspecteurs sont plus qualifi\u00e9s que quiconque pour contr\u00f4ler votre\/vos ascenseur(s). Forts de leurs connaissances et de leur expertise, ils inspectent minutieusement tous les dispositifs de s\u00e9curit\u00e9 afin que vos collaborateurs et vous ayez la garantie d\u2019une s\u00e9curit\u00e9 absolue.<\/p>\n<\/div><\/div><\/div><\/div><\/div><div class=\"vc_col-sm-1 wpb_column vc_column_container\"><div class=\"vc_column-inner\"><div class=\"wpb_wrapper\"><\/div><\/div><\/div><div class=\"vc_col-sm-5 wpb_column vc_column_container m300 has_bg_color\"><div class=\"vc_column-inner us_custom_db40276f\"><div class=\"wpb_wrapper\"><\/div><\/div><\/div><\/div><\/div><\/section><section class=\"l-section wpb_row height_auto\"><div class=\"l-section-h i-cf\"><div class=\"g-cols vc_row via_flex valign_top type_default stacking_default\"><div class=\"vc_col-sm-12 wpb_column vc_column_container marginbottom0button has_bg_color\"><div class=\"vc_column-inner us_custom_7e653751\"><div class=\"wpb_wrapper\"><div class=\"w-separator size_medium\"><\/div><div class=\"wpb_text_column us_custom_6df4bc3a has_text_color\"><div class=\"wpb_wrapper\"><h3 style=\"text-align: center;\">Besoin d\u2019une analyse des risques fiable des ascenseurs de votre entreprise\u202f?<\/h3>\n<\/div><\/div><div class=\"w-separator size_small\"><\/div><div class=\"w-btn-wrapper align_center\"><a class=\"w-btn us-btn-style_6 us_custom_0490361b\" title=\"N\u2019h\u00e9sitez pas \u00e0 contacter nos inspecteurs \" href=\"https:\/\/electro-test.be\/fr\/commander\/\"><span class=\"w-btn-label\">N\u2019h\u00e9sitez pas \u00e0 contacter nos inspecteurs<\/span><\/a><\/div><\/div><\/div><\/div><\/div><\/div><\/section>\n","protected":false},"excerpt":{"rendered":"[vc_raw_html el_class=\"breadcrumb\"]JTVCd3BzZW9fYnJlYWRjcnVtYiU1RA==[\/vc_raw_html]Contr\u00f4le des ascenseurs Votre entreprise compte un ou plusieurs ascenseur(s) utilis\u00e9(s) par vos collaborateurs et vous-m\u00eame\u202f? Vous devez dans ce cas veiller \u00e0 la s\u00e9curit\u00e9 et \u00e0 la fiabilit\u00e9 de ces ascenseurs. Pour assurer la s\u00e9curit\u00e9 de vos collaborateurs et \u00e9viter d\u2019\u00e9ventuels incidents, il est de la plus haute importance que les ascenseurs de...","protected":false},"author":1,"featured_media":0,"parent":2646,"menu_order":0,"comment_status":"closed","ping_status":"closed","template":"","meta":{"_acf_changed":false,"footnotes":""},"class_list":["post-2649","page","type-page","status-publish","hentry"],"acf":[],"yoast_head":"<!-- This site is optimized with the Yoast SEO plugin v26.9 - https:\/\/yoast.com\/product\/yoast-seo-wordpress\/ -->\n<title>Contr\u00f4le des ascenseurs | Electro-Test<\/title>\n<meta name=\"description\" content=\"Contr\u00f4le des ascenseurs de votre entreprise par un organisme agr\u00e9\u00e9. Une solution rapide, flexible, professionnelle et proche de chez vous. Contactez-nous pour le contr\u00f4le des ascenseurs dans votre entreprise.\" \/>\n<meta name=\"robots\" content=\"index, follow, max-snippet:-1, max-image-preview:large, max-video-preview:-1\" \/>\n<link rel=\"canonical\" href=\"https:\/\/electro-test.be\/fr\/professionnels\/ascenseurs-engins-de-hissage-et-levage\/ascenseurs\/\" \/>\n<meta property=\"og:locale\" content=\"fr_FR\" \/>\n<meta property=\"og:type\" content=\"article\" \/>\n<meta property=\"og:title\" content=\"Contr\u00f4le des ascenseurs | Electro-Test\" \/>\n<meta property=\"og:description\" content=\"Contr\u00f4le des ascenseurs de votre entreprise par un organisme agr\u00e9\u00e9. Une solution rapide, flexible, professionnelle et proche de chez vous. Contactez-nous pour le contr\u00f4le des ascenseurs dans votre entreprise.\" \/>\n<meta property=\"og:url\" content=\"https:\/\/electro-test.be\/fr\/professionnels\/ascenseurs-engins-de-hissage-et-levage\/ascenseurs\/\" \/>\n<meta property=\"og:site_name\" content=\"Electro-Test\" \/>\n<meta property=\"article:modified_time\" content=\"2026-03-03T09:52:46+00:00\" \/>\n<meta name=\"twitter:card\" content=\"summary_large_image\" \/>\n<meta name=\"twitter:label1\" content=\"Dur\u00e9e de lecture estim\u00e9e\" \/>\n\t<meta name=\"twitter:data1\" content=\"4 minutes\" \/>\n<script type=\"application\/ld+json\" class=\"yoast-schema-graph\">{\"@context\":\"https:\/\/schema.org\",\"@graph\":[{\"@type\":\"WebPage\",\"@id\":\"https:\/\/electro-test.be\/fr\/professionnels\/ascenseurs-engins-de-hissage-et-levage\/ascenseurs\/\",\"url\":\"https:\/\/electro-test.be\/fr\/professionnels\/ascenseurs-engins-de-hissage-et-levage\/ascenseurs\/\",\"name\":\"Contr\u00f4le des ascenseurs | Electro-Test\",\"isPartOf\":{\"@id\":\"https:\/\/electro-test.be\/#website\"},\"datePublished\":\"2022-06-21T13:26:59+00:00\",\"dateModified\":\"2026-03-03T09:52:46+00:00\",\"description\":\"Contr\u00f4le des ascenseurs de votre entreprise par un organisme agr\u00e9\u00e9. Une solution rapide, flexible, professionnelle et proche de chez vous. Contactez-nous pour le contr\u00f4le des ascenseurs dans votre entreprise.\",\"breadcrumb\":{\"@id\":\"https:\/\/electro-test.be\/fr\/professionnels\/ascenseurs-engins-de-hissage-et-levage\/ascenseurs\/#breadcrumb\"},\"inLanguage\":\"fr-FR\",\"potentialAction\":[{\"@type\":\"ReadAction\",\"target\":[\"https:\/\/electro-test.be\/fr\/professionnels\/ascenseurs-engins-de-hissage-et-levage\/ascenseurs\/\"]}]},{\"@type\":\"BreadcrumbList\",\"@id\":\"https:\/\/electro-test.be\/fr\/professionnels\/ascenseurs-engins-de-hissage-et-levage\/ascenseurs\/#breadcrumb\",\"itemListElement\":[{\"@type\":\"ListItem\",\"position\":1,\"name\":\"Professionnels\",\"item\":\"https:\/\/electro-test.be\/fr\/professionnels\/\"},{\"@type\":\"ListItem\",\"position\":2,\"name\":\"Ascenseurs, engins de hissage et levage\",\"item\":\"https:\/\/electro-test.be\/fr\/professionnels\/ascenseurs-engins-de-hissage-et-levage\/\"},{\"@type\":\"ListItem\",\"position\":3,\"name\":\"Ascenseurs\"}]},{\"@type\":\"WebSite\",\"@id\":\"https:\/\/electro-test.be\/#website\",\"url\":\"https:\/\/electro-test.be\/\",\"name\":\"Electro-Test\",\"description\":\"\",\"publisher\":{\"@id\":\"https:\/\/electro-test.be\/#organization\"},\"potentialAction\":[{\"@type\":\"SearchAction\",\"target\":{\"@type\":\"EntryPoint\",\"urlTemplate\":\"https:\/\/electro-test.be\/?s={search_term_string}\"},\"query-input\":{\"@type\":\"PropertyValueSpecification\",\"valueRequired\":true,\"valueName\":\"search_term_string\"}}],\"inLanguage\":\"fr-FR\"},{\"@type\":\"Organization\",\"@id\":\"https:\/\/electro-test.be\/#organization\",\"name\":\"electroTEST\",\"url\":\"https:\/\/electro-test.be\/\",\"logo\":{\"@type\":\"ImageObject\",\"inLanguage\":\"fr-FR\",\"@id\":\"https:\/\/electro-test.be\/#\/schema\/logo\/image\/\",\"url\":\"https:\/\/electro-test.be\/wp-content\/uploads\/2022\/06\/Logo_ET_NL-FR.svg\",\"contentUrl\":\"https:\/\/electro-test.be\/wp-content\/uploads\/2022\/06\/Logo_ET_NL-FR.svg\",\"width\":\"1024\",\"height\":\"1024\",\"caption\":\"electroTEST\"},\"image\":{\"@id\":\"https:\/\/electro-test.be\/#\/schema\/logo\/image\/\"}}]}<\/script>\n<!-- \/ Yoast SEO plugin. -->","yoast_head_json":{"title":"Contr\u00f4le des ascenseurs | Electro-Test","description":"Contr\u00f4le des ascenseurs de votre entreprise par un organisme agr\u00e9\u00e9. Une solution rapide, flexible, professionnelle et proche de chez vous. Contactez-nous pour le contr\u00f4le des ascenseurs dans votre entreprise.","robots":{"index":"index","follow":"follow","max-snippet":"max-snippet:-1","max-image-preview":"max-image-preview:large","max-video-preview":"max-video-preview:-1"},"canonical":"https:\/\/electro-test.be\/fr\/professionnels\/ascenseurs-engins-de-hissage-et-levage\/ascenseurs\/","og_locale":"fr_FR","og_type":"article","og_title":"Contr\u00f4le des ascenseurs | Electro-Test","og_description":"Contr\u00f4le des ascenseurs de votre entreprise par un organisme agr\u00e9\u00e9. Une solution rapide, flexible, professionnelle et proche de chez vous. Contactez-nous pour le contr\u00f4le des ascenseurs dans votre entreprise.","og_url":"https:\/\/electro-test.be\/fr\/professionnels\/ascenseurs-engins-de-hissage-et-levage\/ascenseurs\/","og_site_name":"Electro-Test","article_modified_time":"2026-03-03T09:52:46+00:00","twitter_card":"summary_large_image","twitter_misc":{"Dur\u00e9e de lecture estim\u00e9e":"4 minutes"},"schema":{"@context":"https:\/\/schema.org","@graph":[{"@type":"WebPage","@id":"https:\/\/electro-test.be\/fr\/professionnels\/ascenseurs-engins-de-hissage-et-levage\/ascenseurs\/","url":"https:\/\/electro-test.be\/fr\/professionnels\/ascenseurs-engins-de-hissage-et-levage\/ascenseurs\/","name":"Contr\u00f4le des ascenseurs | Electro-Test","isPartOf":{"@id":"https:\/\/electro-test.be\/#website"},"datePublished":"2022-06-21T13:26:59+00:00","dateModified":"2026-03-03T09:52:46+00:00","description":"Contr\u00f4le des ascenseurs de votre entreprise par un organisme agr\u00e9\u00e9. Une solution rapide, flexible, professionnelle et proche de chez vous. Contactez-nous pour le contr\u00f4le des ascenseurs dans votre entreprise.","breadcrumb":{"@id":"https:\/\/electro-test.be\/fr\/professionnels\/ascenseurs-engins-de-hissage-et-levage\/ascenseurs\/#breadcrumb"},"inLanguage":"fr-FR","potentialAction":[{"@type":"ReadAction","target":["https:\/\/electro-test.be\/fr\/professionnels\/ascenseurs-engins-de-hissage-et-levage\/ascenseurs\/"]}]},{"@type":"BreadcrumbList","@id":"https:\/\/electro-test.be\/fr\/professionnels\/ascenseurs-engins-de-hissage-et-levage\/ascenseurs\/#breadcrumb","itemListElement":[{"@type":"ListItem","position":1,"name":"Professionnels","item":"https:\/\/electro-test.be\/fr\/professionnels\/"},{"@type":"ListItem","position":2,"name":"Ascenseurs, engins de hissage et levage","item":"https:\/\/electro-test.be\/fr\/professionnels\/ascenseurs-engins-de-hissage-et-levage\/"},{"@type":"ListItem","position":3,"name":"Ascenseurs"}]},{"@type":"WebSite","@id":"https:\/\/electro-test.be\/#website","url":"https:\/\/electro-test.be\/","name":"Electro-Test","description":"","publisher":{"@id":"https:\/\/electro-test.be\/#organization"},"potentialAction":[{"@type":"SearchAction","target":{"@type":"EntryPoint","urlTemplate":"https:\/\/electro-test.be\/?s={search_term_string}"},"query-input":{"@type":"PropertyValueSpecification","valueRequired":true,"valueName":"search_term_string"}}],"inLanguage":"fr-FR"},{"@type":"Organization","@id":"https:\/\/electro-test.be\/#organization","name":"electroTEST","url":"https:\/\/electro-test.be\/","logo":{"@type":"ImageObject","inLanguage":"fr-FR","@id":"https:\/\/electro-test.be\/#\/schema\/logo\/image\/","url":"https:\/\/electro-test.be\/wp-content\/uploads\/2022\/06\/Logo_ET_NL-FR.svg","contentUrl":"https:\/\/electro-test.be\/wp-content\/uploads\/2022\/06\/Logo_ET_NL-FR.svg","width":"1024","height":"1024","caption":"electroTEST"},"image":{"@id":"https:\/\/electro-test.be\/#\/schema\/logo\/image\/"}}]}},"_links":{"self":[{"href":"https:\/\/electro-test.be\/fr\/wp-json\/wp\/v2\/pages\/2649","targetHints":{"allow":["GET"]}}],"collection":[{"href":"https:\/\/electro-test.be\/fr\/wp-json\/wp\/v2\/pages"}],"about":[{"href":"https:\/\/electro-test.be\/fr\/wp-json\/wp\/v2\/types\/page"}],"author":[{"embeddable":true,"href":"https:\/\/electro-test.be\/fr\/wp-json\/wp\/v2\/users\/1"}],"replies":[{"embeddable":true,"href":"https:\/\/electro-test.be\/fr\/wp-json\/wp\/v2\/comments?post=2649"}],"version-history":[{"count":3,"href":"https:\/\/electro-test.be\/fr\/wp-json\/wp\/v2\/pages\/2649\/revisions"}],"predecessor-version":[{"id":6143,"href":"https:\/\/electro-test.be\/fr\/wp-json\/wp\/v2\/pages\/2649\/revisions\/6143"}],"up":[{"embeddable":true,"href":"https:\/\/electro-test.be\/fr\/wp-json\/wp\/v2\/pages\/2646"}],"wp:attachment":[{"href":"https:\/\/electro-test.be\/fr\/wp-json\/wp\/v2\/media?parent=2649"}],"curies":[{"name":"wp","href":"https:\/\/api.w.org\/{rel}","templated":true}]}}