{"id":2653,"date":"2022-06-21T15:26:59","date_gmt":"2022-06-21T13:26:59","guid":{"rendered":"https:\/\/electro-test.be\/professionelen\/liften-hijs-en-hefwerktuigen\/goederen-en-fabrieksliften\/"},"modified":"2026-03-03T16:14:40","modified_gmt":"2026-03-03T14:14:40","slug":"monte-charges-et-ascenseurs-industriels","status":"publish","type":"page","link":"https:\/\/electro-test.be\/fr\/professionnels\/ascenseurs-engins-de-hissage-et-levage\/monte-charges-et-ascenseurs-industriels\/","title":{"rendered":"Monte-charges et ascenseurs industriels"},"content":{"rendered":"<section class=\"l-section wpb_row height_auto\"><div class=\"l-section-h i-cf\"><div class=\"g-cols vc_row via_flex valign_top type_default stacking_default\"><div class=\"vc_col-sm-1 wpb_column vc_column_container afterdriehoek2 m300 has_bg_color stretched\"><div class=\"vc_column-inner us_custom_3103c8cb\"><div class=\"wpb_wrapper\"><\/div><\/div><\/div><div class=\"vc_col-sm-1 wpb_column vc_column_container\"><div class=\"vc_column-inner\"><div class=\"wpb_wrapper\"><\/div><\/div><\/div><div class=\"vc_col-sm-8 wpb_column vc_column_container\"><div class=\"vc_column-inner\"><div class=\"wpb_wrapper\">[vc_raw_html el_class=\u00a0\u00bbbreadcrumb\u00a0\u00bb]JTVCd3BzZW9fYnJlYWRjcnVtYiU1RA==[\/vc_raw_html]<div class=\"w-separator size_small\"><\/div><div class=\"wpb_text_column us_custom_47e68cdb has_text_color\"><div class=\"wpb_wrapper\"><h1>Contr\u00f4le des monte-charges et ascenseurs industriels<\/h1>\n<\/div><\/div><div class=\"w-separator size_small\"><\/div><div class=\"wpb_text_column\"><div class=\"wpb_wrapper\"><p>La construction des monte-charges et ascenseurs industriels doit respecter les directives de s\u00e9curit\u00e9 applicables, car des ascenseurs non conformes peuvent \u00eatre \u00e0 l\u2019origine de graves accidents. Vous disposez de monte-charges et d\u2019ascenseurs industriels dans votre entreprise\u202f? En tant que propri\u00e9taire ou gestionnaire, vous \u00eates responsable de leur gestion et de leur entretien. Un contr\u00f4le p\u00e9riodique est indispensable si vous voulez veiller \u00e0 ce que vos monte-charges et ascenseurs industriels continuent \u00e0 fonctionner en toute s\u00e9curit\u00e9.<\/p>\n<p>Chez Electro-Test, la s\u00e9curit\u00e9 a toujours la priorit\u00e9. Nos inspecteurs sont plus qualifi\u00e9s que quiconque pour contr\u00f4ler les monte-charges et ascenseurs industriels de votre entreprise conform\u00e9ment aux prescriptions l\u00e9gales de s\u00e9curit\u00e9, afin qu\u2019ils ne comportent aucun danger.<\/p>\n<\/div><\/div><div class=\"w-separator size_small\"><\/div><div class=\"w-btn-wrapper align_none\"><a class=\"w-btn us-btn-style_5\" title=\"Demander un devis\" href=\"https:\/\/electro-test.be\/fr\/commander\/\"><span class=\"w-btn-label\">Demander un devis<\/span><\/a><\/div><\/div><\/div><\/div><\/div><\/div><\/section><section class=\"l-section wpb_row us_custom_c4da886a height_auto\"><div class=\"l-section-h i-cf\"><div class=\"g-cols vc_row via_flex valign_top type_default stacking_default\"><div class=\"vc_col-sm-12 wpb_column vc_column_container marginbottom0button\"><div class=\"vc_column-inner\"><div class=\"wpb_wrapper\"><div class=\"w-separator size_medium\"><\/div><div class=\"wpb_text_column us_custom_6df4bc3a has_text_color\"><div class=\"wpb_wrapper\"><h3>Besoin du contr\u00f4le fiable d\u2019un expert pour vos monte-charges et ascenseurs industriels\u202f?<\/h3>\n<\/div><\/div><div class=\"w-separator size_small\"><\/div><div class=\"w-btn-wrapper align_left\"><a class=\"w-btn us-btn-style_6 us_custom_0490361b\" title=\"Contactez-nous \" href=\"https:\/\/electro-test.be\/fr\/commander\/\"><span class=\"w-btn-label\">Contactez-nous<\/span><\/a><\/div><\/div><\/div><\/div><\/div><\/div><\/section><section class=\"l-section wpb_row us_custom_0d15be52 height_medium\"><div class=\"l-section-h i-cf\"><div class=\"g-cols vc_row via_flex valign_top type_default stacking_default\"><div class=\"vc_col-sm-12 wpb_column vc_column_container\"><div class=\"vc_column-inner\"><div class=\"wpb_wrapper\"><div class=\"wpb_text_column us_custom_47e68cdb has_text_color\"><div class=\"wpb_wrapper\"><h2>Le contr\u00f4le des monte-charges et ascenseurs industriels est-il obligatoire et quand a-t-il lieu\u202f?<\/h2>\n<\/div><\/div><div class=\"w-separator size_small\"><\/div><div class=\"wpb_text_column\"><div class=\"wpb_wrapper\"><p>Un contr\u00f4le des monte-charges et ascenseurs industriels dans votre entreprise assure une d\u00e9tection pr\u00e9coce des \u00e9ventuels probl\u00e8mes. Pour garantir en permanence la s\u00e9curit\u00e9 et la fiabilit\u00e9 des monte-charges et ascenseurs industriels dans votre entreprise, vous \u00eates tenu(e) de les faire contr\u00f4ler avant la mise en service et de les soumettre ensuite \u00e0 un contr\u00f4le p\u00e9riodique tous les trois mois. Un nouveau contr\u00f4le est \u00e9galement n\u00e9cessaire apr\u00e8s des travaux d\u2019adaptation. <\/p>\n<\/div><\/div><\/div><\/div><\/div><\/div><\/div><\/section><section class=\"l-section wpb_row height_medium\"><div class=\"l-section-h i-cf\"><div class=\"g-cols vc_row via_flex valign_top type_default stacking_default\"><div class=\"vc_col-sm-6 wpb_column vc_column_container\"><div class=\"vc_column-inner\"><div class=\"wpb_wrapper\"><div class=\"wpb_text_column\"><div class=\"wpb_wrapper\"><h2>Contr\u00f4le des monte-charges et ascenseurs industriels par Electro-Test<\/h2>\n<p>Il est essentiel de faire contr\u00f4ler en temps utile les monte-charges et ascenseurs industriels de votre entreprise par un professionnel afin d\u2019\u00e9viter des situations dangereuses. Vous pouvez faire appel \u00e0 Electro-Test pour assurer la s\u00e9curit\u00e9 de vos monte-charges et ascenseurs industriels. Nous nous chargeons aussi bien des contr\u00f4les requis avant la mise en service que des contr\u00f4les p\u00e9riodiques. La longue exp\u00e9rience de nos inspecteurs est gage d\u2019une remarquable expertise et d\u2019une approche personnalis\u00e9e.<\/p>\n<\/div><\/div><\/div><\/div><\/div><div class=\"vc_col-sm-1 wpb_column vc_column_container\"><div class=\"vc_column-inner\"><div class=\"wpb_wrapper\"><\/div><\/div><\/div><div class=\"vc_col-sm-5 wpb_column vc_column_container m300 has_bg_color\"><div class=\"vc_column-inner us_custom_47bdc167\"><div class=\"wpb_wrapper\"><\/div><\/div><\/div><\/div><\/div><\/section><section class=\"l-section wpb_row height_auto\"><div class=\"l-section-h i-cf\"><div class=\"g-cols vc_row via_flex valign_top type_default stacking_default\"><div class=\"vc_col-sm-12 wpb_column vc_column_container marginbottom0button has_bg_color\"><div class=\"vc_column-inner us_custom_7e653751\"><div class=\"wpb_wrapper\"><div class=\"w-separator size_medium\"><\/div><div class=\"wpb_text_column us_custom_6df4bc3a has_text_color\"><div class=\"wpb_wrapper\"><h3 style=\"text-align: center;\">Contactez-nous pour le contr\u00f4le de vos monte-charges et ascenseurs industriels.<\/h3>\n<\/div><\/div><div class=\"w-separator size_small\"><\/div><div class=\"w-btn-wrapper align_center\"><a class=\"w-btn us-btn-style_6 us_custom_0490361b\" title=\"Demander un devis\" href=\"https:\/\/electro-test.be\/fr\/commander\/\"><span class=\"w-btn-label\">Demander un devis<\/span><\/a><\/div><\/div><\/div><\/div><\/div><\/div><\/section>\n","protected":false},"excerpt":{"rendered":"[vc_raw_html el_class=\"breadcrumb\"]JTVCd3BzZW9fYnJlYWRjcnVtYiU1RA==[\/vc_raw_html]Contr\u00f4le des monte-charges et ascenseurs industriels La construction des monte-charges et ascenseurs industriels doit respecter les directives de s\u00e9curit\u00e9 applicables, car des ascenseurs non conformes peuvent \u00eatre \u00e0 l\u2019origine de graves accidents. Vous disposez de monte-charges et d\u2019ascenseurs industriels dans votre entreprise\u202f? En tant que propri\u00e9taire ou gestionnaire, vous \u00eates responsable de leur gestion...","protected":false},"author":1,"featured_media":0,"parent":2646,"menu_order":1,"comment_status":"closed","ping_status":"closed","template":"","meta":{"_acf_changed":false,"footnotes":""},"class_list":["post-2653","page","type-page","status-publish","hentry"],"acf":[],"yoast_head":"<!-- This site is optimized with the Yoast SEO plugin v27.4 - https:\/\/yoast.com\/product\/yoast-seo-wordpress\/ -->\n<title>Contr\u00f4le des monte-charges et ascenseurs industriels<\/title>\n<meta name=\"description\" content=\"Contr\u00f4le des monte-charges et ascenseurs industriels de votre entreprise par un organisme agr\u00e9\u00e9. Une solution rapide, flexible, professionnelle et proche de chez vous. Contactez-nous pour le contr\u00f4le des monte-charges et ascenseurs industriels dans votre entreprise.\" \/>\n<meta name=\"robots\" content=\"index, follow, max-snippet:-1, max-image-preview:large, max-video-preview:-1\" \/>\n<link rel=\"canonical\" href=\"https:\/\/electro-test.be\/fr\/professionnels\/ascenseurs-engins-de-hissage-et-levage\/monte-charges-et-ascenseurs-industriels\/\" \/>\n<meta property=\"og:locale\" content=\"fr_FR\" \/>\n<meta property=\"og:type\" content=\"article\" \/>\n<meta property=\"og:title\" content=\"Contr\u00f4le des monte-charges et ascenseurs industriels\" \/>\n<meta property=\"og:description\" content=\"Contr\u00f4le des monte-charges et ascenseurs industriels de votre entreprise par un organisme agr\u00e9\u00e9. Une solution rapide, flexible, professionnelle et proche de chez vous. Contactez-nous pour le contr\u00f4le des monte-charges et ascenseurs industriels dans votre entreprise.\" \/>\n<meta property=\"og:url\" content=\"https:\/\/electro-test.be\/fr\/professionnels\/ascenseurs-engins-de-hissage-et-levage\/monte-charges-et-ascenseurs-industriels\/\" \/>\n<meta property=\"og:site_name\" content=\"Electro-Test\" \/>\n<meta property=\"article:modified_time\" content=\"2026-03-03T14:14:40+00:00\" \/>\n<meta name=\"twitter:card\" content=\"summary_large_image\" \/>\n<meta name=\"twitter:label1\" content=\"Dur\u00e9e de lecture estim\u00e9e\" \/>\n\t<meta name=\"twitter:data1\" content=\"2 minutes\" \/>\n<script type=\"application\/ld+json\" class=\"yoast-schema-graph\">{\"@context\":\"https:\\\/\\\/schema.org\",\"@graph\":[{\"@type\":\"WebPage\",\"@id\":\"https:\\\/\\\/electro-test.be\\\/fr\\\/professionnels\\\/ascenseurs-engins-de-hissage-et-levage\\\/monte-charges-et-ascenseurs-industriels\\\/\",\"url\":\"https:\\\/\\\/electro-test.be\\\/fr\\\/professionnels\\\/ascenseurs-engins-de-hissage-et-levage\\\/monte-charges-et-ascenseurs-industriels\\\/\",\"name\":\"Contr\u00f4le des monte-charges et ascenseurs industriels\",\"isPartOf\":{\"@id\":\"https:\\\/\\\/electro-test.be\\\/fr\\\/#website\"},\"datePublished\":\"2022-06-21T13:26:59+00:00\",\"dateModified\":\"2026-03-03T14:14:40+00:00\",\"description\":\"Contr\u00f4le des monte-charges et ascenseurs industriels de votre entreprise par un organisme agr\u00e9\u00e9. Une solution rapide, flexible, professionnelle et proche de chez vous. Contactez-nous pour le contr\u00f4le des monte-charges et ascenseurs industriels dans votre entreprise.\",\"breadcrumb\":{\"@id\":\"https:\\\/\\\/electro-test.be\\\/fr\\\/professionnels\\\/ascenseurs-engins-de-hissage-et-levage\\\/monte-charges-et-ascenseurs-industriels\\\/#breadcrumb\"},\"inLanguage\":\"fr-FR\",\"potentialAction\":[{\"@type\":\"ReadAction\",\"target\":[\"https:\\\/\\\/electro-test.be\\\/fr\\\/professionnels\\\/ascenseurs-engins-de-hissage-et-levage\\\/monte-charges-et-ascenseurs-industriels\\\/\"]}]},{\"@type\":\"BreadcrumbList\",\"@id\":\"https:\\\/\\\/electro-test.be\\\/fr\\\/professionnels\\\/ascenseurs-engins-de-hissage-et-levage\\\/monte-charges-et-ascenseurs-industriels\\\/#breadcrumb\",\"itemListElement\":[{\"@type\":\"ListItem\",\"position\":1,\"name\":\"Professionnels\",\"item\":\"https:\\\/\\\/electro-test.be\\\/fr\\\/professionnels\\\/\"},{\"@type\":\"ListItem\",\"position\":2,\"name\":\"Ascenseurs, engins de hissage et levage\",\"item\":\"https:\\\/\\\/electro-test.be\\\/fr\\\/professionnels\\\/ascenseurs-engins-de-hissage-et-levage\\\/\"},{\"@type\":\"ListItem\",\"position\":3,\"name\":\"Monte-charges et ascenseurs industriels\"}]},{\"@type\":\"WebSite\",\"@id\":\"https:\\\/\\\/electro-test.be\\\/fr\\\/#website\",\"url\":\"https:\\\/\\\/electro-test.be\\\/fr\\\/\",\"name\":\"Electro-Test\",\"description\":\"\",\"publisher\":{\"@id\":\"https:\\\/\\\/electro-test.be\\\/fr\\\/#organization\"},\"potentialAction\":[{\"@type\":\"SearchAction\",\"target\":{\"@type\":\"EntryPoint\",\"urlTemplate\":\"https:\\\/\\\/electro-test.be\\\/fr\\\/?s={search_term_string}\"},\"query-input\":{\"@type\":\"PropertyValueSpecification\",\"valueRequired\":true,\"valueName\":\"search_term_string\"}}],\"inLanguage\":\"fr-FR\"},{\"@type\":\"Organization\",\"@id\":\"https:\\\/\\\/electro-test.be\\\/fr\\\/#organization\",\"name\":\"electroTEST\",\"url\":\"https:\\\/\\\/electro-test.be\\\/fr\\\/\",\"logo\":{\"@type\":\"ImageObject\",\"inLanguage\":\"fr-FR\",\"@id\":\"https:\\\/\\\/electro-test.be\\\/fr\\\/#\\\/schema\\\/logo\\\/image\\\/\",\"url\":\"https:\\\/\\\/electro-test.be\\\/wp-content\\\/uploads\\\/2022\\\/06\\\/Logo_ET_NL-FR.svg\",\"contentUrl\":\"https:\\\/\\\/electro-test.be\\\/wp-content\\\/uploads\\\/2022\\\/06\\\/Logo_ET_NL-FR.svg\",\"width\":\"1024\",\"height\":\"1024\",\"caption\":\"electroTEST\"},\"image\":{\"@id\":\"https:\\\/\\\/electro-test.be\\\/fr\\\/#\\\/schema\\\/logo\\\/image\\\/\"}}]}<\/script>\n<!-- \/ Yoast SEO plugin. -->","yoast_head_json":{"title":"Contr\u00f4le des monte-charges et ascenseurs industriels","description":"Contr\u00f4le des monte-charges et ascenseurs industriels de votre entreprise par un organisme agr\u00e9\u00e9. Une solution rapide, flexible, professionnelle et proche de chez vous. Contactez-nous pour le contr\u00f4le des monte-charges et ascenseurs industriels dans votre entreprise.","robots":{"index":"index","follow":"follow","max-snippet":"max-snippet:-1","max-image-preview":"max-image-preview:large","max-video-preview":"max-video-preview:-1"},"canonical":"https:\/\/electro-test.be\/fr\/professionnels\/ascenseurs-engins-de-hissage-et-levage\/monte-charges-et-ascenseurs-industriels\/","og_locale":"fr_FR","og_type":"article","og_title":"Contr\u00f4le des monte-charges et ascenseurs industriels","og_description":"Contr\u00f4le des monte-charges et ascenseurs industriels de votre entreprise par un organisme agr\u00e9\u00e9. Une solution rapide, flexible, professionnelle et proche de chez vous. Contactez-nous pour le contr\u00f4le des monte-charges et ascenseurs industriels dans votre entreprise.","og_url":"https:\/\/electro-test.be\/fr\/professionnels\/ascenseurs-engins-de-hissage-et-levage\/monte-charges-et-ascenseurs-industriels\/","og_site_name":"Electro-Test","article_modified_time":"2026-03-03T14:14:40+00:00","twitter_card":"summary_large_image","twitter_misc":{"Dur\u00e9e de lecture estim\u00e9e":"2 minutes"},"schema":{"@context":"https:\/\/schema.org","@graph":[{"@type":"WebPage","@id":"https:\/\/electro-test.be\/fr\/professionnels\/ascenseurs-engins-de-hissage-et-levage\/monte-charges-et-ascenseurs-industriels\/","url":"https:\/\/electro-test.be\/fr\/professionnels\/ascenseurs-engins-de-hissage-et-levage\/monte-charges-et-ascenseurs-industriels\/","name":"Contr\u00f4le des monte-charges et ascenseurs industriels","isPartOf":{"@id":"https:\/\/electro-test.be\/fr\/#website"},"datePublished":"2022-06-21T13:26:59+00:00","dateModified":"2026-03-03T14:14:40+00:00","description":"Contr\u00f4le des monte-charges et ascenseurs industriels de votre entreprise par un organisme agr\u00e9\u00e9. Une solution rapide, flexible, professionnelle et proche de chez vous. Contactez-nous pour le contr\u00f4le des monte-charges et ascenseurs industriels dans votre entreprise.","breadcrumb":{"@id":"https:\/\/electro-test.be\/fr\/professionnels\/ascenseurs-engins-de-hissage-et-levage\/monte-charges-et-ascenseurs-industriels\/#breadcrumb"},"inLanguage":"fr-FR","potentialAction":[{"@type":"ReadAction","target":["https:\/\/electro-test.be\/fr\/professionnels\/ascenseurs-engins-de-hissage-et-levage\/monte-charges-et-ascenseurs-industriels\/"]}]},{"@type":"BreadcrumbList","@id":"https:\/\/electro-test.be\/fr\/professionnels\/ascenseurs-engins-de-hissage-et-levage\/monte-charges-et-ascenseurs-industriels\/#breadcrumb","itemListElement":[{"@type":"ListItem","position":1,"name":"Professionnels","item":"https:\/\/electro-test.be\/fr\/professionnels\/"},{"@type":"ListItem","position":2,"name":"Ascenseurs, engins de hissage et levage","item":"https:\/\/electro-test.be\/fr\/professionnels\/ascenseurs-engins-de-hissage-et-levage\/"},{"@type":"ListItem","position":3,"name":"Monte-charges et ascenseurs industriels"}]},{"@type":"WebSite","@id":"https:\/\/electro-test.be\/fr\/#website","url":"https:\/\/electro-test.be\/fr\/","name":"Electro-Test","description":"","publisher":{"@id":"https:\/\/electro-test.be\/fr\/#organization"},"potentialAction":[{"@type":"SearchAction","target":{"@type":"EntryPoint","urlTemplate":"https:\/\/electro-test.be\/fr\/?s={search_term_string}"},"query-input":{"@type":"PropertyValueSpecification","valueRequired":true,"valueName":"search_term_string"}}],"inLanguage":"fr-FR"},{"@type":"Organization","@id":"https:\/\/electro-test.be\/fr\/#organization","name":"electroTEST","url":"https:\/\/electro-test.be\/fr\/","logo":{"@type":"ImageObject","inLanguage":"fr-FR","@id":"https:\/\/electro-test.be\/fr\/#\/schema\/logo\/image\/","url":"https:\/\/electro-test.be\/wp-content\/uploads\/2022\/06\/Logo_ET_NL-FR.svg","contentUrl":"https:\/\/electro-test.be\/wp-content\/uploads\/2022\/06\/Logo_ET_NL-FR.svg","width":"1024","height":"1024","caption":"electroTEST"},"image":{"@id":"https:\/\/electro-test.be\/fr\/#\/schema\/logo\/image\/"}}]}},"_links":{"self":[{"href":"https:\/\/electro-test.be\/fr\/wp-json\/wp\/v2\/pages\/2653","targetHints":{"allow":["GET"]}}],"collection":[{"href":"https:\/\/electro-test.be\/fr\/wp-json\/wp\/v2\/pages"}],"about":[{"href":"https:\/\/electro-test.be\/fr\/wp-json\/wp\/v2\/types\/page"}],"author":[{"embeddable":true,"href":"https:\/\/electro-test.be\/fr\/wp-json\/wp\/v2\/users\/1"}],"replies":[{"embeddable":true,"href":"https:\/\/electro-test.be\/fr\/wp-json\/wp\/v2\/comments?post=2653"}],"version-history":[{"count":3,"href":"https:\/\/electro-test.be\/fr\/wp-json\/wp\/v2\/pages\/2653\/revisions"}],"predecessor-version":[{"id":6170,"href":"https:\/\/electro-test.be\/fr\/wp-json\/wp\/v2\/pages\/2653\/revisions\/6170"}],"up":[{"embeddable":true,"href":"https:\/\/electro-test.be\/fr\/wp-json\/wp\/v2\/pages\/2646"}],"wp:attachment":[{"href":"https:\/\/electro-test.be\/fr\/wp-json\/wp\/v2\/media?parent=2653"}],"curies":[{"name":"wp","href":"https:\/\/api.w.org\/{rel}","templated":true}]}}