{"id":2774,"date":"2022-06-21T12:57:52","date_gmt":"2022-06-21T10:57:52","guid":{"rendered":"https:\/\/electro-test.be\/opleidingen\/"},"modified":"2022-10-13T15:44:33","modified_gmt":"2022-10-13T13:44:33","slug":"formations","status":"publish","type":"page","link":"https:\/\/electro-test.be\/fr\/formations\/","title":{"rendered":"Formations"},"content":{"rendered":"<section class=\"l-section wpb_row height_auto\"><div class=\"l-section-h i-cf\"><div class=\"g-cols vc_row via_flex valign_top type_default stacking_default\"><div class=\"vc_col-sm-1 wpb_column vc_column_container afterdriehoek2 m300 has_bg_color stretched\"><div class=\"vc_column-inner us_custom_94e94e4b\"><div class=\"wpb_wrapper\"><\/div><\/div><\/div><div class=\"vc_col-sm-1 wpb_column vc_column_container\"><div class=\"vc_column-inner\"><div class=\"wpb_wrapper\"><\/div><\/div><\/div><div class=\"vc_col-sm-8 wpb_column vc_column_container\"><div class=\"vc_column-inner\"><div class=\"wpb_wrapper\">[vc_raw_html el_class=\u00a0\u00bbbreadcrumb\u00a0\u00bb]JTVCd3BzZW9fYnJlYWRjcnVtYiU1RA==[\/vc_raw_html]<div class=\"w-separator size_small\"><\/div><div class=\"wpb_text_column us_custom_47e68cdb has_text_color\"><div class=\"wpb_wrapper\"><h1>Formations<\/h1>\n<\/div><\/div><div class=\"w-separator size_small\"><\/div><div class=\"wpb_text_column\"><div class=\"wpb_wrapper\"><p>Nos sp\u00e9cialistes techniques sont agr\u00e9\u00e9s pour pouvoir donner aussi bien des\u00a0<strong>formations ouvertes<\/strong>\u00a0que des formations et des\u00a0<strong>workshops en entreprise<\/strong>. \u00c0 Bruxelles, en Flandre et en Wallonie.<\/p>\n<\/div><\/div><div class=\"w-separator size_small\"><\/div><div class=\"w-separator size_medium\"><\/div><div class=\"w-btn-wrapper align_none\"><a class=\"w-btn us-btn-style_1\" title=\"Offre de formations\" href=\"https:\/\/electro-test.be\/fr\/formations\/offre-de-formations\/\"><span class=\"w-btn-label\">D\u00c9COUVREZ NOTRE OFFRE<\/span><\/a><\/div><\/div><\/div><\/div><\/div><\/div><\/section>\n","protected":false},"excerpt":{"rendered":"[vc_raw_html el_class=\"breadcrumb\"]JTVCd3BzZW9fYnJlYWRjcnVtYiU1RA==[\/vc_raw_html]Formations Nos sp\u00e9cialistes techniques sont agr\u00e9\u00e9s pour pouvoir donner aussi bien des\u00a0formations ouvertes\u00a0que des formations et des\u00a0workshops en entreprise. \u00c0 Bruxelles, en Flandre et en Wallonie. D\u00c9COUVREZ NOTRE OFFRE","protected":false},"author":1,"featured_media":0,"parent":0,"menu_order":13,"comment_status":"closed","ping_status":"closed","template":"","meta":{"_acf_changed":false,"footnotes":""},"class_list":["post-2774","page","type-page","status-publish","hentry"],"acf":[],"yoast_head":"<!-- This site is optimized with the Yoast SEO plugin v26.9 - https:\/\/yoast.com\/product\/yoast-seo-wordpress\/ -->\n<title>Formations - Electro-Test<\/title>\n<meta name=\"description\" content=\"Electro Test biedt u open technische opleidingen, in company trainingen en workshops aan waarvoor u via de kmo portefeuille subsidies kan aanvragen\" \/>\n<meta name=\"robots\" content=\"index, follow, max-snippet:-1, max-image-preview:large, max-video-preview:-1\" \/>\n<link rel=\"canonical\" href=\"https:\/\/electro-test.be\/fr\/formations\/\" \/>\n<meta property=\"og:locale\" content=\"fr_FR\" \/>\n<meta property=\"og:type\" content=\"article\" \/>\n<meta property=\"og:title\" content=\"Formations - Electro-Test\" \/>\n<meta property=\"og:description\" content=\"Electro Test biedt u open technische opleidingen, in company trainingen en workshops aan waarvoor u via de kmo portefeuille subsidies kan aanvragen\" \/>\n<meta property=\"og:url\" content=\"https:\/\/electro-test.be\/fr\/formations\/\" \/>\n<meta property=\"og:site_name\" content=\"Electro-Test\" \/>\n<meta property=\"article:modified_time\" content=\"2022-10-13T13:44:33+00:00\" \/>\n<meta name=\"twitter:card\" content=\"summary_large_image\" \/>\n<meta name=\"twitter:label1\" content=\"Dur\u00e9e de lecture estim\u00e9e\" \/>\n\t<meta name=\"twitter:data1\" content=\"1 minute\" \/>\n<script type=\"application\/ld+json\" class=\"yoast-schema-graph\">{\"@context\":\"https:\/\/schema.org\",\"@graph\":[{\"@type\":\"WebPage\",\"@id\":\"https:\/\/electro-test.be\/fr\/formations\/\",\"url\":\"https:\/\/electro-test.be\/fr\/formations\/\",\"name\":\"Formations - Electro-Test\",\"isPartOf\":{\"@id\":\"https:\/\/electro-test.be\/#website\"},\"datePublished\":\"2022-06-21T10:57:52+00:00\",\"dateModified\":\"2022-10-13T13:44:33+00:00\",\"description\":\"Electro Test biedt u open technische opleidingen, in company trainingen en workshops aan waarvoor u via de kmo portefeuille subsidies kan aanvragen\",\"inLanguage\":\"fr-FR\",\"potentialAction\":[{\"@type\":\"ReadAction\",\"target\":[\"https:\/\/electro-test.be\/fr\/formations\/\"]}]},{\"@type\":\"WebSite\",\"@id\":\"https:\/\/electro-test.be\/#website\",\"url\":\"https:\/\/electro-test.be\/\",\"name\":\"Electro-Test\",\"description\":\"\",\"publisher\":{\"@id\":\"https:\/\/electro-test.be\/#organization\"},\"potentialAction\":[{\"@type\":\"SearchAction\",\"target\":{\"@type\":\"EntryPoint\",\"urlTemplate\":\"https:\/\/electro-test.be\/?s={search_term_string}\"},\"query-input\":{\"@type\":\"PropertyValueSpecification\",\"valueRequired\":true,\"valueName\":\"search_term_string\"}}],\"inLanguage\":\"fr-FR\"},{\"@type\":\"Organization\",\"@id\":\"https:\/\/electro-test.be\/#organization\",\"name\":\"electroTEST\",\"url\":\"https:\/\/electro-test.be\/\",\"logo\":{\"@type\":\"ImageObject\",\"inLanguage\":\"fr-FR\",\"@id\":\"https:\/\/electro-test.be\/#\/schema\/logo\/image\/\",\"url\":\"https:\/\/electro-test.be\/wp-content\/uploads\/2022\/06\/Logo_ET_NL-FR.svg\",\"contentUrl\":\"https:\/\/electro-test.be\/wp-content\/uploads\/2022\/06\/Logo_ET_NL-FR.svg\",\"width\":\"1024\",\"height\":\"1024\",\"caption\":\"electroTEST\"},\"image\":{\"@id\":\"https:\/\/electro-test.be\/#\/schema\/logo\/image\/\"}}]}<\/script>\n<!-- \/ Yoast SEO plugin. -->","yoast_head_json":{"title":"Formations - Electro-Test","description":"Electro Test biedt u open technische opleidingen, in company trainingen en workshops aan waarvoor u via de kmo portefeuille subsidies kan aanvragen","robots":{"index":"index","follow":"follow","max-snippet":"max-snippet:-1","max-image-preview":"max-image-preview:large","max-video-preview":"max-video-preview:-1"},"canonical":"https:\/\/electro-test.be\/fr\/formations\/","og_locale":"fr_FR","og_type":"article","og_title":"Formations - Electro-Test","og_description":"Electro Test biedt u open technische opleidingen, in company trainingen en workshops aan waarvoor u via de kmo portefeuille subsidies kan aanvragen","og_url":"https:\/\/electro-test.be\/fr\/formations\/","og_site_name":"Electro-Test","article_modified_time":"2022-10-13T13:44:33+00:00","twitter_card":"summary_large_image","twitter_misc":{"Dur\u00e9e de lecture estim\u00e9e":"1 minute"},"schema":{"@context":"https:\/\/schema.org","@graph":[{"@type":"WebPage","@id":"https:\/\/electro-test.be\/fr\/formations\/","url":"https:\/\/electro-test.be\/fr\/formations\/","name":"Formations - Electro-Test","isPartOf":{"@id":"https:\/\/electro-test.be\/#website"},"datePublished":"2022-06-21T10:57:52+00:00","dateModified":"2022-10-13T13:44:33+00:00","description":"Electro Test biedt u open technische opleidingen, in company trainingen en workshops aan waarvoor u via de kmo portefeuille subsidies kan aanvragen","inLanguage":"fr-FR","potentialAction":[{"@type":"ReadAction","target":["https:\/\/electro-test.be\/fr\/formations\/"]}]},{"@type":"WebSite","@id":"https:\/\/electro-test.be\/#website","url":"https:\/\/electro-test.be\/","name":"Electro-Test","description":"","publisher":{"@id":"https:\/\/electro-test.be\/#organization"},"potentialAction":[{"@type":"SearchAction","target":{"@type":"EntryPoint","urlTemplate":"https:\/\/electro-test.be\/?s={search_term_string}"},"query-input":{"@type":"PropertyValueSpecification","valueRequired":true,"valueName":"search_term_string"}}],"inLanguage":"fr-FR"},{"@type":"Organization","@id":"https:\/\/electro-test.be\/#organization","name":"electroTEST","url":"https:\/\/electro-test.be\/","logo":{"@type":"ImageObject","inLanguage":"fr-FR","@id":"https:\/\/electro-test.be\/#\/schema\/logo\/image\/","url":"https:\/\/electro-test.be\/wp-content\/uploads\/2022\/06\/Logo_ET_NL-FR.svg","contentUrl":"https:\/\/electro-test.be\/wp-content\/uploads\/2022\/06\/Logo_ET_NL-FR.svg","width":"1024","height":"1024","caption":"electroTEST"},"image":{"@id":"https:\/\/electro-test.be\/#\/schema\/logo\/image\/"}}]}},"_links":{"self":[{"href":"https:\/\/electro-test.be\/fr\/wp-json\/wp\/v2\/pages\/2774","targetHints":{"allow":["GET"]}}],"collection":[{"href":"https:\/\/electro-test.be\/fr\/wp-json\/wp\/v2\/pages"}],"about":[{"href":"https:\/\/electro-test.be\/fr\/wp-json\/wp\/v2\/types\/page"}],"author":[{"embeddable":true,"href":"https:\/\/electro-test.be\/fr\/wp-json\/wp\/v2\/users\/1"}],"replies":[{"embeddable":true,"href":"https:\/\/electro-test.be\/fr\/wp-json\/wp\/v2\/comments?post=2774"}],"version-history":[{"count":5,"href":"https:\/\/electro-test.be\/fr\/wp-json\/wp\/v2\/pages\/2774\/revisions"}],"predecessor-version":[{"id":2830,"href":"https:\/\/electro-test.be\/fr\/wp-json\/wp\/v2\/pages\/2774\/revisions\/2830"}],"wp:attachment":[{"href":"https:\/\/electro-test.be\/fr\/wp-json\/wp\/v2\/media?parent=2774"}],"curies":[{"name":"wp","href":"https:\/\/api.w.org\/{rel}","templated":true}]}}