{"id":2780,"date":"2022-08-02T09:08:28","date_gmt":"2022-08-02T07:08:28","guid":{"rendered":"https:\/\/electro-test.be\/opleidingen\/studiedagen\/"},"modified":"2022-10-20T14:34:12","modified_gmt":"2022-10-20T12:34:12","slug":"journees-detude","status":"publish","type":"page","link":"https:\/\/electro-test.be\/fr\/formations\/journees-detude\/","title":{"rendered":"Journ\u00e9es d&rsquo;\u00e9tude"},"content":{"rendered":"<section class=\"l-section wpb_row height_auto\"><div class=\"l-section-h i-cf\"><div class=\"g-cols vc_row via_flex valign_top type_default stacking_default\"><div class=\"vc_col-sm-1 wpb_column vc_column_container afterdriehoek2 m300 has_bg_color stretched\"><div class=\"vc_column-inner us_custom_94e94e4b\"><div class=\"wpb_wrapper\"><\/div><\/div><\/div><div class=\"vc_col-sm-1 wpb_column vc_column_container\"><div class=\"vc_column-inner\"><div class=\"wpb_wrapper\"><\/div><\/div><\/div><div class=\"vc_col-sm-8 wpb_column vc_column_container\"><div class=\"vc_column-inner\"><div class=\"wpb_wrapper\">[vc_raw_html el_class=\u00a0\u00bbbreadcrumb\u00a0\u00bb]JTVCd3BzZW9fYnJlYWRjcnVtYiU1RA==[\/vc_raw_html]<div class=\"w-separator size_small\"><\/div><div class=\"wpb_text_column us_custom_47e68cdb has_text_color\"><div class=\"wpb_wrapper\"><h1>Journ\u00e9es d&rsquo;\u00e9tude<\/h1>\n<\/div><\/div><div class=\"w-separator size_small\"><\/div><div class=\"wpb_text_column\"><div class=\"wpb_wrapper\"><p>Vous trouverez ci-dessous notre gamme de journ\u00e9es d&rsquo;\u00e9tude. Cliquez sur les liens ci-dessous pour le contenu, le groupe cible et l&rsquo;objectif de chaque journ\u00e9e d&rsquo;\u00e9tude sp\u00e9cifique.<\/p>\n<\/div><\/div><div class=\"w-separator size_medium\"><\/div><div class=\"w-btn-wrapper align_none\"><a class=\"w-btn us-btn-style_1\" href=\"#offre\"><span class=\"w-btn-label\">D\u00c9COUVREZ NOTRE OFFRE<\/span><\/a><\/div><\/div><\/div><\/div><\/div><\/div><\/section><section class=\"l-section wpb_row height_auto\"><div class=\"l-section-h i-cf\"><div class=\"g-cols vc_row via_flex valign_top type_default stacking_default\"><div class=\"vc_col-sm-12 wpb_column vc_column_container\"><div class=\"vc_column-inner\"><div class=\"wpb_wrapper\"><div class=\"w-separator size_medium\"><\/div><\/div><\/div><\/div><\/div><\/div><\/section><section class=\"l-section wpb_row us_custom_0ba95ac2 height_medium\" id=\"offre\"><div class=\"l-section-h i-cf\"><div class=\"g-cols vc_row via_flex valign_top type_default stacking_default\"><div class=\"vc_col-sm-12 wpb_column vc_column_container\"><div class=\"vc_column-inner\"><div class=\"wpb_wrapper\"><div class=\"wpb_text_column us_custom_47e68cdb has_text_color\"><div class=\"wpb_wrapper\"><h2>Prochaines journ\u00e9es d&rsquo;\u00e9tude<\/h2>\n<\/div><\/div><div class=\"w-separator size_small\"><\/div><div class=\"g-cols wpb_row nodigblocksrow via_flex valign_top type_default stacking_default\" style=\"--additional-gap:10px;\"><div class=\"vc_col-sm-12 wpb_column vc_column_container has_bg_color\"><div class=\"vc_column-inner us_custom_20fe09e2\"><div class=\"wpb_wrapper\"><div class=\"w-separator size_medium\"><\/div><div class=\"w-grid type_grid layout_1191 hidden cols_2 preload_style_spinner\" id=\"us_grid_1\" style=\"--columns:2;--gap:1.5rem;\" data-filterable=\"true\"><style>@media (max-width:768px){#us_grid_1{--columns:1!important}}.layout_1191 .w-grid-item-h{}.layout_1191 .usg_image_1{width:20px!important;height:20px!important;max-width:20px!important;min-width:20px!important}<\/style><div class=\"w-grid-list\"><\/div><div class=\"w-grid-preloader\">\t<div class=\"g-preloader type_1\">\r\n\t\t<div><\/div>\r\n\t<\/div>\r\n\t<\/div>\t<div class=\"w-grid-json hidden\" onclick='return {&quot;action&quot;:&quot;us_ajax_grid&quot;,&quot;infinite_scroll&quot;:0,&quot;max_num_pages&quot;:0,&quot;pagination&quot;:&quot;none&quot;,&quot;template_vars&quot;:{&quot;columns&quot;:&quot;2&quot;,&quot;exclude_items&quot;:&quot;none&quot;,&quot;img_size&quot;:&quot;default&quot;,&quot;ignore_items_size&quot;:0,&quot;items_layout&quot;:&quot;1191&quot;,&quot;items_offset&quot;:&quot;1&quot;,&quot;load_animation&quot;:&quot;none&quot;,&quot;overriding_link&quot;:&quot;{\\&quot;url\\&quot;:\\&quot;\\&quot;}&quot;,&quot;post_id&quot;:0,&quot;query_args&quot;:{&quot;post_type&quot;:[&quot;opleiding&quot;],&quot;tax_query&quot;:[{&quot;taxonomy&quot;:&quot;tag_opleiding&quot;,&quot;field&quot;:&quot;slug&quot;,&quot;terms&quot;:[&quot;journees-d-etude&quot;]}],&quot;post_status&quot;:[&quot;publish&quot;,&quot;acf-disabled&quot;],&quot;posts_per_page&quot;:&quot;100&quot;},&quot;orderby_query_args&quot;:{&quot;orderby&quot;:{&quot;date&quot;:&quot;ASC&quot;}},&quot;type&quot;:&quot;grid&quot;,&quot;us_grid_post_type&quot;:&quot;opleiding&quot;,&quot;us_grid_ajax_index&quot;:1,&quot;us_grid_filter_query_string&quot;:null,&quot;us_grid_index&quot;:1,&quot;page_args&quot;:[],&quot;lang&quot;:&quot;fr&quot;}}'><\/div>\r\n\t<\/div><div class=\"w-grid-none type_message\">Pas de journ\u00e9es d'\u00e9tude<\/div><div class=\"w-separator size_medium\"><\/div><\/div><\/div><\/div><\/div><\/div><\/div><\/div><\/div><\/div><\/section><section class=\"l-section wpb_row height_auto\"><div class=\"l-section-h i-cf\"><div class=\"g-cols vc_row via_flex valign_top type_default stacking_default\"><div class=\"vc_col-sm-12 wpb_column vc_column_container\"><div class=\"vc_column-inner\"><div class=\"wpb_wrapper\"><div class=\"w-separator size_medium\"><\/div><\/div><\/div><\/div><\/div><\/div><\/section><section class=\"l-section wpb_row height_auto\"><div class=\"l-section-h i-cf\"><div class=\"g-cols vc_row via_flex valign_top type_default stacking_default\"><div class=\"vc_col-sm-9 wpb_column vc_column_container has_bg_color\"><div class=\"vc_column-inner us_custom_823c6531\"><div class=\"wpb_wrapper\"><div class=\"w-separator size_large\"><\/div><div class=\"wpb_text_column us_custom_6745946f has_text_color\"><div class=\"wpb_wrapper\"><h2>MESURES DE SECURITE<\/h2>\n<\/div><\/div><div class=\"w-separator size_small\"><\/div><div class=\"wpb_text_column\"><div class=\"wpb_wrapper\"><p>Electro-Test fait tout son possible pour rendre les journ\u00e9es d&rsquo;\u00e9tude pr\u00e9vues aussi s\u00fbres que possible:<\/p>\n<\/div><\/div><div class=\"w-separator size_small\"><\/div><div class=\"g-cols wpb_row via_flex valign_top type_default stacking_default\"><div class=\"vc_col-sm-6 wpb_column vc_column_container\"><div class=\"vc_column-inner\"><div class=\"wpb_wrapper\"><div class=\"wpb_text_column\"><div class=\"wpb_wrapper\"><ul>\n<li>Les participants maintiennent \u00e0 tout moment une distance de 1,5 m\u00e8tre;<\/li>\n<li>Chaque participant apporte son propre masque. Pendant la formation, le port du masque est recommand\u00e9, lors des pauses, il est obligatoire;<\/li>\n<li>Une bonne hygi\u00e8ne des mains est essentielle. Dans le b\u00e2timent, du d\u00e9sinfectant pour les mains est disponible un peu partout;<\/li>\n<li>Le local de formation est suffisamment grand pour accueillir le nombre maximum de participants;<\/li>\n<\/ul>\n<\/div><\/div><\/div><\/div><\/div><div class=\"vc_col-sm-6 wpb_column vc_column_container\"><div class=\"vc_column-inner\"><div class=\"wpb_wrapper\"><div class=\"wpb_text_column\"><div class=\"wpb_wrapper\"><ul>\n<li>Les locaux sont suffisamment a\u00e9r\u00e9s (\u00e0 l\u2019aide des fen\u00eatres et d\u2019un syst\u00e8me de ventilation);<\/li>\n<li>La temp\u00e9rature corporelle des participants sera mesur\u00e9e au d\u00e9but de la formation;<\/li>\n<li>Si un collaborateur pr\u00e9sente des sympt\u00f4mes indiquant une infection au COVID-19, il ne sera pas autoris\u00e9 \u00e0 participer \u00e0 la formation.<\/li>\n<\/ul>\n<\/div><\/div><\/div><\/div><\/div><\/div><div class=\"w-separator size_small\"><\/div><div class=\"wpb_text_column\"><div class=\"wpb_wrapper\"><p>\u00c9videmment, nous ne savons pas ce que l&rsquo;avenir nous r\u00e9serve. Toutefois, nous pouvons garantir que si une nouvelle fermeture ou d&rsquo;autres mesures gouvernementales sont annonc\u00e9es, les factures d\u00e9j\u00e0 pay\u00e9es seront rembours\u00e9es.<\/p>\n<\/div><\/div><div class=\"w-separator size_large\"><\/div><\/div><\/div><\/div><div class=\"vc_col-sm-3 wpb_column vc_column_container m300 has_bg_color stretched\"><div class=\"vc_column-inner us_custom_8b370c61\"><div class=\"wpb_wrapper\"><\/div><\/div><\/div><\/div><\/div><\/section><section class=\"l-section wpb_row height_auto\"><div class=\"l-section-h i-cf\"><div class=\"g-cols vc_row via_flex valign_top type_default stacking_default\"><div class=\"vc_col-sm-12 wpb_column vc_column_container\"><div class=\"vc_column-inner\"><div class=\"wpb_wrapper\"><div class=\"w-separator size_medium\"><\/div><\/div><\/div><\/div><\/div><\/div><\/section><section class=\"l-section wpb_row height_auto\"><div class=\"l-section-h i-cf\"><div class=\"g-cols vc_row via_flex valign_top type_default stacking_default\"><div class=\"vc_col-sm-12 wpb_column vc_column_container marginbottom0button has_bg_color\"><div class=\"vc_column-inner us_custom_7e653751\"><div class=\"wpb_wrapper\"><div class=\"w-separator size_medium\"><\/div><div class=\"wpb_text_column us_custom_6df4bc3a has_text_color\"><div class=\"wpb_wrapper\"><h3 style=\"text-align: center;\">Des questions sur nos formations ?<\/h3>\n<p style=\"text-align: center;\">Pour plus d\u2019informations sur nos formations internes et en entreprise, veuillez nous contacter via le formulaire ci-dessous. Nous vous contacterons dans les jours \u00e0 venir.<\/p>\n<\/div><\/div><div class=\"w-separator size_small\"><\/div><div class=\"w-btn-wrapper align_center\"><a class=\"w-btn us-btn-style_6 us_custom_0490361b\" title=\"Contact\" href=\"#footer\"><span class=\"w-btn-label\">Contactez-nous<\/span><\/a><\/div><\/div><\/div><\/div><\/div><\/div><\/section>\n","protected":false},"excerpt":{"rendered":"[vc_raw_html el_class=\"breadcrumb\"]JTVCd3BzZW9fYnJlYWRjcnVtYiU1RA==[\/vc_raw_html]Journ\u00e9es d&rsquo;\u00e9tude Vous trouverez ci-dessous notre gamme de journ\u00e9es d&rsquo;\u00e9tude. Cliquez sur les liens ci-dessous pour le contenu, le groupe cible et l&rsquo;objectif de chaque journ\u00e9e d&rsquo;\u00e9tude sp\u00e9cifique. D\u00c9COUVREZ NOTRE OFFREProchaines journ\u00e9es d&rsquo;\u00e9tude Pas de journ\u00e9es d'\u00e9tudeMESURES DE SECURITE Electro-Test fait tout son possible pour rendre les journ\u00e9es d&rsquo;\u00e9tude pr\u00e9vues aussi s\u00fbres que possible:...","protected":false},"author":1,"featured_media":0,"parent":2774,"menu_order":1,"comment_status":"closed","ping_status":"closed","template":"","meta":{"_acf_changed":false,"footnotes":""},"class_list":["post-2780","page","type-page","status-publish","hentry"],"acf":[],"yoast_head":"<!-- This site is optimized with the Yoast SEO plugin v26.9 - https:\/\/yoast.com\/product\/yoast-seo-wordpress\/ -->\n<title>Journ\u00e9es d&#039;\u00e9tude - Electro-Test<\/title>\n<meta name=\"robots\" content=\"index, follow, max-snippet:-1, max-image-preview:large, max-video-preview:-1\" \/>\n<link rel=\"canonical\" href=\"https:\/\/electro-test.be\/fr\/formations\/journees-detude\/\" \/>\n<meta property=\"og:locale\" content=\"fr_FR\" \/>\n<meta property=\"og:type\" content=\"article\" \/>\n<meta property=\"og:title\" content=\"Journ\u00e9es d&#039;\u00e9tude - Electro-Test\" \/>\n<meta property=\"og:url\" content=\"https:\/\/electro-test.be\/fr\/formations\/journees-detude\/\" \/>\n<meta property=\"og:site_name\" content=\"Electro-Test\" \/>\n<meta property=\"article:modified_time\" content=\"2022-10-20T12:34:12+00:00\" \/>\n<meta name=\"twitter:card\" content=\"summary_large_image\" \/>\n<meta name=\"twitter:label1\" content=\"Dur\u00e9e de lecture estim\u00e9e\" \/>\n\t<meta name=\"twitter:data1\" content=\"2 minutes\" \/>\n<script type=\"application\/ld+json\" class=\"yoast-schema-graph\">{\"@context\":\"https:\/\/schema.org\",\"@graph\":[{\"@type\":\"WebPage\",\"@id\":\"https:\/\/electro-test.be\/fr\/formations\/journees-detude\/\",\"url\":\"https:\/\/electro-test.be\/fr\/formations\/journees-detude\/\",\"name\":\"Journ\u00e9es d'\u00e9tude - Electro-Test\",\"isPartOf\":{\"@id\":\"https:\/\/electro-test.be\/#website\"},\"datePublished\":\"2022-08-02T07:08:28+00:00\",\"dateModified\":\"2022-10-20T12:34:12+00:00\",\"breadcrumb\":{\"@id\":\"https:\/\/electro-test.be\/fr\/formations\/journees-detude\/#breadcrumb\"},\"inLanguage\":\"fr-FR\",\"potentialAction\":[{\"@type\":\"ReadAction\",\"target\":[\"https:\/\/electro-test.be\/fr\/formations\/journees-detude\/\"]}]},{\"@type\":\"BreadcrumbList\",\"@id\":\"https:\/\/electro-test.be\/fr\/formations\/journees-detude\/#breadcrumb\",\"itemListElement\":[{\"@type\":\"ListItem\",\"position\":1,\"name\":\"Formations\",\"item\":\"https:\/\/electro-test.be\/fr\/formations\/\"},{\"@type\":\"ListItem\",\"position\":2,\"name\":\"Journ\u00e9es d&#8217;\u00e9tude\"}]},{\"@type\":\"WebSite\",\"@id\":\"https:\/\/electro-test.be\/#website\",\"url\":\"https:\/\/electro-test.be\/\",\"name\":\"Electro-Test\",\"description\":\"\",\"publisher\":{\"@id\":\"https:\/\/electro-test.be\/#organization\"},\"potentialAction\":[{\"@type\":\"SearchAction\",\"target\":{\"@type\":\"EntryPoint\",\"urlTemplate\":\"https:\/\/electro-test.be\/?s={search_term_string}\"},\"query-input\":{\"@type\":\"PropertyValueSpecification\",\"valueRequired\":true,\"valueName\":\"search_term_string\"}}],\"inLanguage\":\"fr-FR\"},{\"@type\":\"Organization\",\"@id\":\"https:\/\/electro-test.be\/#organization\",\"name\":\"electroTEST\",\"url\":\"https:\/\/electro-test.be\/\",\"logo\":{\"@type\":\"ImageObject\",\"inLanguage\":\"fr-FR\",\"@id\":\"https:\/\/electro-test.be\/#\/schema\/logo\/image\/\",\"url\":\"https:\/\/electro-test.be\/wp-content\/uploads\/2022\/06\/Logo_ET_NL-FR.svg\",\"contentUrl\":\"https:\/\/electro-test.be\/wp-content\/uploads\/2022\/06\/Logo_ET_NL-FR.svg\",\"width\":\"1024\",\"height\":\"1024\",\"caption\":\"electroTEST\"},\"image\":{\"@id\":\"https:\/\/electro-test.be\/#\/schema\/logo\/image\/\"}}]}<\/script>\n<!-- \/ Yoast SEO plugin. -->","yoast_head_json":{"title":"Journ\u00e9es d'\u00e9tude - Electro-Test","robots":{"index":"index","follow":"follow","max-snippet":"max-snippet:-1","max-image-preview":"max-image-preview:large","max-video-preview":"max-video-preview:-1"},"canonical":"https:\/\/electro-test.be\/fr\/formations\/journees-detude\/","og_locale":"fr_FR","og_type":"article","og_title":"Journ\u00e9es d'\u00e9tude - Electro-Test","og_url":"https:\/\/electro-test.be\/fr\/formations\/journees-detude\/","og_site_name":"Electro-Test","article_modified_time":"2022-10-20T12:34:12+00:00","twitter_card":"summary_large_image","twitter_misc":{"Dur\u00e9e de lecture estim\u00e9e":"2 minutes"},"schema":{"@context":"https:\/\/schema.org","@graph":[{"@type":"WebPage","@id":"https:\/\/electro-test.be\/fr\/formations\/journees-detude\/","url":"https:\/\/electro-test.be\/fr\/formations\/journees-detude\/","name":"Journ\u00e9es d'\u00e9tude - Electro-Test","isPartOf":{"@id":"https:\/\/electro-test.be\/#website"},"datePublished":"2022-08-02T07:08:28+00:00","dateModified":"2022-10-20T12:34:12+00:00","breadcrumb":{"@id":"https:\/\/electro-test.be\/fr\/formations\/journees-detude\/#breadcrumb"},"inLanguage":"fr-FR","potentialAction":[{"@type":"ReadAction","target":["https:\/\/electro-test.be\/fr\/formations\/journees-detude\/"]}]},{"@type":"BreadcrumbList","@id":"https:\/\/electro-test.be\/fr\/formations\/journees-detude\/#breadcrumb","itemListElement":[{"@type":"ListItem","position":1,"name":"Formations","item":"https:\/\/electro-test.be\/fr\/formations\/"},{"@type":"ListItem","position":2,"name":"Journ\u00e9es d&#8217;\u00e9tude"}]},{"@type":"WebSite","@id":"https:\/\/electro-test.be\/#website","url":"https:\/\/electro-test.be\/","name":"Electro-Test","description":"","publisher":{"@id":"https:\/\/electro-test.be\/#organization"},"potentialAction":[{"@type":"SearchAction","target":{"@type":"EntryPoint","urlTemplate":"https:\/\/electro-test.be\/?s={search_term_string}"},"query-input":{"@type":"PropertyValueSpecification","valueRequired":true,"valueName":"search_term_string"}}],"inLanguage":"fr-FR"},{"@type":"Organization","@id":"https:\/\/electro-test.be\/#organization","name":"electroTEST","url":"https:\/\/electro-test.be\/","logo":{"@type":"ImageObject","inLanguage":"fr-FR","@id":"https:\/\/electro-test.be\/#\/schema\/logo\/image\/","url":"https:\/\/electro-test.be\/wp-content\/uploads\/2022\/06\/Logo_ET_NL-FR.svg","contentUrl":"https:\/\/electro-test.be\/wp-content\/uploads\/2022\/06\/Logo_ET_NL-FR.svg","width":"1024","height":"1024","caption":"electroTEST"},"image":{"@id":"https:\/\/electro-test.be\/#\/schema\/logo\/image\/"}}]}},"_links":{"self":[{"href":"https:\/\/electro-test.be\/fr\/wp-json\/wp\/v2\/pages\/2780","targetHints":{"allow":["GET"]}}],"collection":[{"href":"https:\/\/electro-test.be\/fr\/wp-json\/wp\/v2\/pages"}],"about":[{"href":"https:\/\/electro-test.be\/fr\/wp-json\/wp\/v2\/types\/page"}],"author":[{"embeddable":true,"href":"https:\/\/electro-test.be\/fr\/wp-json\/wp\/v2\/users\/1"}],"replies":[{"embeddable":true,"href":"https:\/\/electro-test.be\/fr\/wp-json\/wp\/v2\/comments?post=2780"}],"version-history":[{"count":7,"href":"https:\/\/electro-test.be\/fr\/wp-json\/wp\/v2\/pages\/2780\/revisions"}],"predecessor-version":[{"id":3225,"href":"https:\/\/electro-test.be\/fr\/wp-json\/wp\/v2\/pages\/2780\/revisions\/3225"}],"up":[{"embeddable":true,"href":"https:\/\/electro-test.be\/fr\/wp-json\/wp\/v2\/pages\/2774"}],"wp:attachment":[{"href":"https:\/\/electro-test.be\/fr\/wp-json\/wp\/v2\/media?parent=2780"}],"curies":[{"name":"wp","href":"https:\/\/api.w.org\/{rel}","templated":true}]}}