{"id":2783,"date":"2022-06-21T12:57:52","date_gmt":"2022-06-21T10:57:52","guid":{"rendered":"https:\/\/electro-test.be\/jobs\/"},"modified":"2026-04-20T14:58:21","modified_gmt":"2026-04-20T12:58:21","slug":"jobs","status":"publish","type":"page","link":"https:\/\/electro-test.be\/fr\/jobs\/","title":{"rendered":"Jobs"},"content":{"rendered":"<section class=\"l-section wpb_row height_medium\" id=\"aanbod\"><div class=\"l-section-h i-cf\"><div class=\"g-cols vc_row via_flex valign_top type_default stacking_default\"><div class=\"vc_col-sm-12 wpb_column vc_column_container\"><div class=\"vc_column-inner\"><div class=\"wpb_wrapper\"><div class=\"wpb_text_column us_custom_47e68cdb has_text_color\"><div class=\"wpb_wrapper\"><h2>Nos vacatures<\/h2>\n<\/div><\/div><div class=\"w-separator size_small\"><\/div><div class=\"wpb_text_column\"><div class=\"wpb_wrapper\"><p>Vous trouverez ci-dessous notre offre de postes vacants. Cliquez sur les liens ci-dessous pour le contenu\u00a0:<\/p>\n<\/div><\/div><div class=\"w-separator size_small\"><\/div><div class=\"w-grid us_post_list apply_url_params type_grid layout_1790 cols_2 preload_style_spinner\" id=\"us_post_list_s521\" style=\"--columns:2;--gap:1.5rem;\"><style>@media (max-width:768px){#us_post_list_s521{--columns:1!important}}.layout_1790 .w-grid-item-h{}.layout_1790 .usg_image_1{width:70px!important;height:70px!important;max-width:70px!important;min-width:70px!important}.layout_1790 .usg_post_title_1{color:var(--color-content-primary)!important;font-weight:700!important}.layout_1790 .usg_hwrapper_1{background:#f5f5f5!important;padding:20px 20px 0px 20px!important}.layout_1790 .usg_post_custom_field_1{font-size:14px!important}.layout_1790 .usg_post_custom_field_2{font-size:14px!important}<\/style><div class=\"w-grid-list\">\t<article class=\"w-grid-item size_1x1 post-5641 vacatures type-vacatures status-publish has-post-thumbnail hentry\" data-id=\"5641\">\r\n\t\t<div class=\"w-grid-item-h\">\r\n\t\t\t\t\t\t<div class=\"w-hwrapper usg_hwrapper_1 align_none valign_top\" style=\"--hwrapper-gap:1.20rem\"><div class=\"w-image usg_image_1 has_height has_ratio\"><a href=\"https:\/\/electro-test.be\/fr\/vacatures\/inspecteur-electricite-installations-residentielles-bruxelles\/\" aria-label=\"Helm-01\" class=\"w-image-h\"><div style=\"padding-bottom:100%\"><\/div><img decoding=\"async\" src=\"https:\/\/electro-test.be\/wp-content\/uploads\/2022\/06\/Helm-01.svg\" class=\"attachment-us_70_70 size-us_70_70\" alt=\"\" loading=\"lazy\" \/><\/a><\/div><div class=\"w-vwrapper usg_vwrapper_1 align_none valign_top\"><p class=\"w-post-elm post_title usg_post_title_1 has_text_color entry-title color_link_inherit\"><a href=\"https:\/\/electro-test.be\/fr\/vacatures\/inspecteur-electricite-installations-residentielles-bruxelles\/\">Inspecteur \u00c9lectricit\u00e9 \u2013 Installations R\u00e9sidentielles \u2013 Bruxelles<\/a><\/p><div class=\"w-hwrapper usg_hwrapper_2 align_none valign_top\"><p class=\"w-post-elm post_custom_field usg_post_custom_field_1 type_text regio\"><span class=\"w-post-elm-before\">R\u00e9gion : <\/span><span class=\"w-post-elm-value\">Bruxelles<\/span><\/p><p class=\"w-post-elm post_custom_field usg_post_custom_field_2 type_text type\"><span class=\"w-post-elm-before\">Type : <\/span><span class=\"w-post-elm-value\">Technique<\/span><\/p><\/div><\/div><\/div>\t\t<\/div>\r\n\t\t\t<\/article>\r\n\t<article class=\"w-grid-item size_1x1 post-5643 vacatures type-vacatures status-publish has-post-thumbnail hentry\" data-id=\"5643\">\r\n\t\t<div class=\"w-grid-item-h\">\r\n\t\t\t\t\t\t<div class=\"w-hwrapper usg_hwrapper_1 align_none valign_top\" style=\"--hwrapper-gap:1.20rem\"><div class=\"w-image usg_image_1 has_height has_ratio\"><a href=\"https:\/\/electro-test.be\/fr\/vacatures\/inspecteur-electricite-industrie-bruxelles\/\" aria-label=\"Helm-01\" class=\"w-image-h\"><div style=\"padding-bottom:100%\"><\/div><img decoding=\"async\" src=\"https:\/\/electro-test.be\/wp-content\/uploads\/2022\/06\/Helm-01.svg\" class=\"attachment-us_70_70 size-us_70_70\" alt=\"\" loading=\"lazy\" \/><\/a><\/div><div class=\"w-vwrapper usg_vwrapper_1 align_none valign_top\"><p class=\"w-post-elm post_title usg_post_title_1 has_text_color entry-title color_link_inherit\"><a href=\"https:\/\/electro-test.be\/fr\/vacatures\/inspecteur-electricite-industrie-bruxelles\/\">Inspecteur \u00c9lectricit\u00e9 \u2013 Industrie \u2013 Bruxelles<\/a><\/p><div class=\"w-hwrapper usg_hwrapper_2 align_none valign_top\"><p class=\"w-post-elm post_custom_field usg_post_custom_field_1 type_text regio\"><span class=\"w-post-elm-before\">R\u00e9gion : <\/span><span class=\"w-post-elm-value\">Bruxelles<\/span><\/p><p class=\"w-post-elm post_custom_field usg_post_custom_field_2 type_text type\"><span class=\"w-post-elm-before\">Type : <\/span><span class=\"w-post-elm-value\">Technique<\/span><\/p><\/div><\/div><\/div>\t\t<\/div>\r\n\t\t\t<\/article>\r\n\t<article class=\"w-grid-item size_1x1 post-5744 vacatures type-vacatures status-publish has-post-thumbnail hentry\" data-id=\"5744\">\r\n\t\t<div class=\"w-grid-item-h\">\r\n\t\t\t\t\t\t<div class=\"w-hwrapper usg_hwrapper_1 align_none valign_top\" style=\"--hwrapper-gap:1.20rem\"><div class=\"w-image usg_image_1 has_height has_ratio\"><a href=\"https:\/\/electro-test.be\/fr\/vacatures\/inspecteur-electricite-installations-residentielles-liege\/\" aria-label=\"Helm-01\" class=\"w-image-h\"><div style=\"padding-bottom:100%\"><\/div><img decoding=\"async\" src=\"https:\/\/electro-test.be\/wp-content\/uploads\/2022\/06\/Helm-01.svg\" class=\"attachment-us_70_70 size-us_70_70\" alt=\"\" loading=\"lazy\" \/><\/a><\/div><div class=\"w-vwrapper usg_vwrapper_1 align_none valign_top\"><p class=\"w-post-elm post_title usg_post_title_1 has_text_color entry-title color_link_inherit\"><a href=\"https:\/\/electro-test.be\/fr\/vacatures\/inspecteur-electricite-installations-residentielles-liege\/\">Inspecteur \u00c9lectricit\u00e9 \u2013 Installations R\u00e9sidentielles &#038; Industrielles \u2013 Li\u00e8ge<\/a><\/p><div class=\"w-hwrapper usg_hwrapper_2 align_none valign_top\"><p class=\"w-post-elm post_custom_field usg_post_custom_field_1 type_text regio\"><span class=\"w-post-elm-before\">R\u00e9gion : <\/span><span class=\"w-post-elm-value\">Li\u00e8ge<\/span><\/p><p class=\"w-post-elm post_custom_field usg_post_custom_field_2 type_text type\"><span class=\"w-post-elm-before\">Type : <\/span><span class=\"w-post-elm-value\">Technique<\/span><\/p><\/div><\/div><\/div>\t\t<\/div>\r\n\t\t\t<\/article>\r\n\t<article class=\"w-grid-item size_1x1 post-5868 vacatures type-vacatures status-publish has-post-thumbnail hentry\" data-id=\"5868\">\r\n\t\t<div class=\"w-grid-item-h\">\r\n\t\t\t\t\t\t<div class=\"w-hwrapper usg_hwrapper_1 align_none valign_top\" style=\"--hwrapper-gap:1.20rem\"><div class=\"w-image usg_image_1 has_height has_ratio\"><a href=\"https:\/\/electro-test.be\/fr\/vacatures\/inspecteur-hoisting-et-lifting-brabant-wallon-namur\/\" aria-label=\"Helm-01\" class=\"w-image-h\"><div style=\"padding-bottom:100%\"><\/div><img decoding=\"async\" src=\"https:\/\/electro-test.be\/wp-content\/uploads\/2022\/06\/Helm-01.svg\" class=\"attachment-us_70_70 size-us_70_70\" alt=\"\" loading=\"lazy\" \/><\/a><\/div><div class=\"w-vwrapper usg_vwrapper_1 align_none valign_top\"><p class=\"w-post-elm post_title usg_post_title_1 has_text_color entry-title color_link_inherit\"><a href=\"https:\/\/electro-test.be\/fr\/vacatures\/inspecteur-hoisting-et-lifting-brabant-wallon-namur\/\">Inspecteurs Hoisting et Lifting | Brabant Wallon &#038; Namur<\/a><\/p><div class=\"w-hwrapper usg_hwrapper_2 align_none valign_top\"><p class=\"w-post-elm post_custom_field usg_post_custom_field_1 type_text regio\"><span class=\"w-post-elm-before\">R\u00e9gion : <\/span><span class=\"w-post-elm-value\">Brabant Wallon & Namur<\/span><\/p><p class=\"w-post-elm post_custom_field usg_post_custom_field_2 type_text type\"><span class=\"w-post-elm-before\">Type : <\/span><span class=\"w-post-elm-value\">Technique<\/span><\/p><\/div><\/div><\/div>\t\t<\/div>\r\n\t\t\t<\/article>\r\n\t<article class=\"w-grid-item size_1x1 post-5873 vacatures type-vacatures status-publish has-post-thumbnail hentry\" data-id=\"5873\">\r\n\t\t<div class=\"w-grid-item-h\">\r\n\t\t\t\t\t\t<div class=\"w-hwrapper usg_hwrapper_1 align_none valign_top\" style=\"--hwrapper-gap:1.20rem\"><div class=\"w-image usg_image_1 has_height has_ratio\"><a href=\"https:\/\/electro-test.be\/fr\/vacatures\/inspecteur-hoisting-et-lifiting-bruxelles\/\" aria-label=\"Helm-01\" class=\"w-image-h\"><div style=\"padding-bottom:100%\"><\/div><img decoding=\"async\" src=\"https:\/\/electro-test.be\/wp-content\/uploads\/2022\/06\/Helm-01.svg\" class=\"attachment-us_70_70 size-us_70_70\" alt=\"\" loading=\"lazy\" \/><\/a><\/div><div class=\"w-vwrapper usg_vwrapper_1 align_none valign_top\"><p class=\"w-post-elm post_title usg_post_title_1 has_text_color entry-title color_link_inherit\"><a href=\"https:\/\/electro-test.be\/fr\/vacatures\/inspecteur-hoisting-et-lifiting-bruxelles\/\">Inspecteur Hoisting et Lifting &#8211; Bruxelles<\/a><\/p><div class=\"w-hwrapper usg_hwrapper_2 align_none valign_top\"><p class=\"w-post-elm post_custom_field usg_post_custom_field_1 type_text regio\"><span class=\"w-post-elm-before\">R\u00e9gion : <\/span><span class=\"w-post-elm-value\">Bruxelles<\/span><\/p><p class=\"w-post-elm post_custom_field usg_post_custom_field_2 type_text type\"><span class=\"w-post-elm-before\">Type : <\/span><span class=\"w-post-elm-value\">Technique<\/span><\/p><\/div><\/div><\/div>\t\t<\/div>\r\n\t\t\t<\/article>\r\n\t<article class=\"w-grid-item size_1x1 post-6013 vacatures type-vacatures status-publish has-post-thumbnail hentry\" data-id=\"6013\">\r\n\t\t<div class=\"w-grid-item-h\">\r\n\t\t\t\t\t\t<div class=\"w-hwrapper usg_hwrapper_1 align_none valign_top\" style=\"--hwrapper-gap:1.20rem\"><div class=\"w-image usg_image_1 has_height has_ratio\"><a href=\"https:\/\/electro-test.be\/fr\/vacatures\/inspecteur-electricite-installations-residentielles-industrielles-namur\/\" aria-label=\"Helm-01\" class=\"w-image-h\"><div style=\"padding-bottom:100%\"><\/div><img decoding=\"async\" src=\"https:\/\/electro-test.be\/wp-content\/uploads\/2022\/06\/Helm-01.svg\" class=\"attachment-us_70_70 size-us_70_70\" alt=\"\" loading=\"lazy\" \/><\/a><\/div><div class=\"w-vwrapper usg_vwrapper_1 align_none valign_top\"><p class=\"w-post-elm post_title usg_post_title_1 has_text_color entry-title color_link_inherit\"><a href=\"https:\/\/electro-test.be\/fr\/vacatures\/inspecteur-electricite-installations-residentielles-industrielles-namur\/\">Inspecteur \u00c9lectricit\u00e9 \u2013 Installations R\u00e9sidentielles &#038; Industrielles \u2013 Namur<\/a><\/p><div class=\"w-hwrapper usg_hwrapper_2 align_none valign_top\"><p class=\"w-post-elm post_custom_field usg_post_custom_field_1 type_text regio\"><span class=\"w-post-elm-before\">R\u00e9gion : <\/span><span class=\"w-post-elm-value\">Namur<\/span><\/p><p class=\"w-post-elm post_custom_field usg_post_custom_field_2 type_text type\"><span class=\"w-post-elm-before\">Type : <\/span><span class=\"w-post-elm-value\">Technique<\/span><\/p><\/div><\/div><\/div>\t\t<\/div>\r\n\t\t\t<\/article>\r\n\t<article class=\"w-grid-item size_1x1 post-6014 vacatures type-vacatures status-publish has-post-thumbnail hentry\" data-id=\"6014\">\r\n\t\t<div class=\"w-grid-item-h\">\r\n\t\t\t\t\t\t<div class=\"w-hwrapper usg_hwrapper_1 align_none valign_top\" style=\"--hwrapper-gap:1.20rem\"><div class=\"w-image usg_image_1 has_height has_ratio\"><a href=\"https:\/\/electro-test.be\/fr\/vacatures\/inspecteur-electricite-installations-residentielles-industrielles-hainaut\/\" aria-label=\"Helm-01\" class=\"w-image-h\"><div style=\"padding-bottom:100%\"><\/div><img decoding=\"async\" src=\"https:\/\/electro-test.be\/wp-content\/uploads\/2022\/06\/Helm-01.svg\" class=\"attachment-us_70_70 size-us_70_70\" alt=\"\" loading=\"lazy\" \/><\/a><\/div><div class=\"w-vwrapper usg_vwrapper_1 align_none valign_top\"><p class=\"w-post-elm post_title usg_post_title_1 has_text_color entry-title color_link_inherit\"><a href=\"https:\/\/electro-test.be\/fr\/vacatures\/inspecteur-electricite-installations-residentielles-industrielles-hainaut\/\">Inspecteur \u00c9lectricit\u00e9 \u2013 Installations R\u00e9sidentielles &#038; Industrielles \u2013 Hainaut<\/a><\/p><div class=\"w-hwrapper usg_hwrapper_2 align_none valign_top\"><p class=\"w-post-elm post_custom_field usg_post_custom_field_1 type_text regio\"><span class=\"w-post-elm-before\">R\u00e9gion : <\/span><span class=\"w-post-elm-value\">Hainaut<\/span><\/p><p class=\"w-post-elm post_custom_field usg_post_custom_field_2 type_text type\"><span class=\"w-post-elm-before\">Type : <\/span><span class=\"w-post-elm-value\">Technique<\/span><\/p><\/div><\/div><\/div>\t\t<\/div>\r\n\t\t\t<\/article>\r\n<\/div><div class=\"g-loadmore hidden\"><div class=\"g-preloader type_1\"><div><\/div><\/div><\/div><div class=\"w-grid-list-json hidden\" onclick='return {&quot;max_num_pages&quot;:0,&quot;paginationBase&quot;:&quot;page&quot;,&quot;pagination&quot;:&quot;none&quot;,&quot;paged&quot;:1,&quot;ajaxData&quot;:{&quot;action&quot;:&quot;us_ajax_post_list&quot;,&quot;meta_type&quot;:&quot;post&quot;,&quot;object_id&quot;:0,&quot;template_vars&quot;:{&quot;shortcode_base&quot;:&quot;us_post_list&quot;,&quot;paged&quot;:1,&quot;max_num_pages&quot;:0,&quot;no_results&quot;:false,&quot;us_post_content_design_css&quot;:[],&quot;found_posts&quot;:0,&quot;per_page&quot;:100,&quot;items_count&quot;:7,&quot;orderby_random_seed&quot;:null,&quot;source&quot;:&quot;all&quot;,&quot;custom_field_name&quot;:&quot;&quot;,&quot;ids&quot;:&quot;&quot;,&quot;post_type&quot;:&quot;vacatures&quot;,&quot;attachment_ids&quot;:null,&quot;include_post_thumbnail&quot;:0,&quot;post_author&quot;:&quot;any&quot;,&quot;post_author_ids&quot;:&quot;&quot;,&quot;apply_url_params&quot;:&quot;1&quot;,&quot;ignore_sticky_posts&quot;:&quot;0&quot;,&quot;exclude_children&quot;:0,&quot;exclude_current_post&quot;:1,&quot;exclude_prev_posts&quot;:0,&quot;exclude_past_events&quot;:&quot;1&quot;,&quot;enable_items_offset&quot;:0,&quot;items_offset&quot;:&quot;1&quot;,&quot;tax_query_relation&quot;:&quot;none&quot;,&quot;tax_query&quot;:[{&quot;operator&quot;:&quot;IN&quot;,&quot;taxonomy&quot;:&quot;category&quot;,&quot;terms&quot;:&quot;&quot;,&quot;include_children&quot;:0}],&quot;meta_query_relation&quot;:&quot;none&quot;,&quot;meta_query&quot;:[{&quot;key&quot;:&quot;custom_field_name&quot;,&quot;compare&quot;:&quot;=&quot;,&quot;value&quot;:&quot;&quot;}],&quot;orderby&quot;:&quot;date&quot;,&quot;orderby_custom_field&quot;:&quot;&quot;,&quot;orderby_custom_type&quot;:0,&quot;order_invert&quot;:&quot;0&quot;,&quot;show_all&quot;:0,&quot;quantity&quot;:&quot;100&quot;,&quot;posts_per_archive_page&quot;:0,&quot;no_items_action&quot;:&quot;message&quot;,&quot;no_items_message&quot;:&quot;Aucun r\\u00e9sultat.&quot;,&quot;no_items_page_block&quot;:&quot;&quot;,&quot;pagination&quot;:&quot;none&quot;,&quot;pagination_style&quot;:&quot;&quot;,&quot;pagination_btn_text&quot;:&quot;Charger plus&quot;,&quot;pagination_btn_size&quot;:&quot;&quot;,&quot;pagination_btn_style&quot;:&quot;1&quot;,&quot;pagination_btn_fullwidth&quot;:0,&quot;items_layout&quot;:&quot;1790&quot;,&quot;type&quot;:&quot;grid&quot;,&quot;items_valign&quot;:0,&quot;ignore_items_size&quot;:0,&quot;columns&quot;:&quot;2&quot;,&quot;items_gap&quot;:&quot;1.5rem&quot;,&quot;load_animation&quot;:&quot;none&quot;,&quot;items_preload_style&quot;:&quot;spinner&quot;,&quot;img_size&quot;:&quot;default&quot;,&quot;title_size&quot;:&quot;&quot;,&quot;items_ratio&quot;:&quot;default&quot;,&quot;items_ratio_width&quot;:&quot;21&quot;,&quot;items_ratio_height&quot;:&quot;9&quot;,&quot;overriding_link&quot;:&quot;{\\&quot;url\\&quot;:\\&quot;\\&quot;}&quot;,&quot;popup_page_template&quot;:&quot;0&quot;,&quot;popup_width&quot;:&quot;&quot;,&quot;popup_arrows&quot;:1,&quot;breakpoint_1_width&quot;:&quot;1281px&quot;,&quot;breakpoint_1_cols&quot;:&quot;3&quot;,&quot;breakpoint_1_quantity&quot;:&quot;&quot;,&quot;breakpoint_1_gap&quot;:&quot;&quot;,&quot;breakpoint_2_width&quot;:&quot;901px&quot;,&quot;breakpoint_2_cols&quot;:&quot;2&quot;,&quot;breakpoint_2_quantity&quot;:&quot;&quot;,&quot;breakpoint_2_gap&quot;:&quot;&quot;,&quot;breakpoint_3_width&quot;:&quot;769px&quot;,&quot;breakpoint_3_cols&quot;:&quot;1&quot;,&quot;breakpoint_3_quantity&quot;:&quot;&quot;,&quot;breakpoint_3_gap&quot;:&quot;&quot;,&quot;conditions_operator&quot;:&quot;always&quot;,&quot;conditions&quot;:[],&quot;css&quot;:null,&quot;el_class&quot;:&quot;&quot;,&quot;el_id&quot;:&quot;&quot;,&quot;enable_custom_html_atts&quot;:0,&quot;custom_html_atts&quot;:null,&quot;hide_on_states&quot;:&quot;&quot;,&quot;hide_for_sticky&quot;:0,&quot;hide_for_not_sticky&quot;:0,&quot;hide_below&quot;:&quot;0px&quot;,&quot;hide_above&quot;:&quot;0px&quot;,&quot;classes&quot;:&quot;&quot;},&quot;found_posts&quot;:0,&quot;per_page&quot;:100,&quot;list_filters&quot;:&quot;[]&quot;},&quot;facetedFilter&quot;:{&quot;query_args_unfiltered&quot;:&quot;{\\&quot;ignore_sticky_posts\\&quot;:false,\\&quot;post__not_in\\&quot;:[],\\&quot;tax_query\\&quot;:[],\\&quot;meta_query\\&quot;:[],\\&quot;posts_per_page\\&quot;:100,\\&quot;paged\\&quot;:1,\\&quot;apply_list_url_params\\&quot;:true,\\&quot;post_type\\&quot;:[\\&quot;vacatures\\&quot;],\\&quot;no_found_rows\\&quot;:true,\\&quot;post_status\\&quot;:\\&quot;publish\\&quot;}&quot;}}'><\/div><\/div><div class=\"w-separator size_small\"><\/div><\/div><\/div><\/div><\/div><\/div><\/section><section class=\"l-section wpb_row height_auto\"><div class=\"l-section-h i-cf\"><div class=\"g-cols vc_row via_flex valign_top type_default stacking_default\"><div class=\"vc_col-sm-12 wpb_column vc_column_container marginbottom0button has_bg_color\"><div class=\"vc_column-inner us_custom_7e653751\"><div class=\"wpb_wrapper\"><div class=\"w-separator size_medium\"><\/div><div class=\"wpb_text_column us_custom_6df4bc3a has_text_color\"><div class=\"wpb_wrapper\"><h3 style=\"text-align: center;\">Cette fonction ne correspond pas \u00e0 ce que vous recherchez?<\/h3>\n<p style=\"text-align: center;\">Vous pouvez toujours envoyer votre lettre de motivation et votre CV<\/p>\n<\/div><\/div><div class=\"w-separator size_small\"><\/div><div class=\"w-btn-wrapper align_center\"><a class=\"w-btn us-btn-style_6 us_custom_0490361b\" title=\"Contact\" href=\"#footer\"><span class=\"w-btn-label\">Contactez-nous<\/span><\/a><\/div><\/div><\/div><\/div><\/div><\/div><\/section>\n","protected":false},"excerpt":{"rendered":"Gr\u00e2ce \u00e0 une forte croissance, nous sommes \u00e0 la recherche d\u2019un inspecteur en installations r\u00e9sidentielles afin de renforcer notre \u00e9quipe.En tant qu\u2019inspecteur \u00e9lectricit\u00e9, vous effectuez, apr\u00e8s avoir suivi une formation interne, des contr\u00f4les d\u2019installations \u00e9lectriques domestiques ainsi que de petites installations non domestiques. VOTRE PROFIL : Vous \u00eates un\u00a0profil dynamique, avec au moins 5 ans...","protected":false},"author":1,"featured_media":0,"parent":0,"menu_order":15,"comment_status":"closed","ping_status":"closed","template":"","meta":{"_acf_changed":false,"footnotes":""},"class_list":["post-2783","page","type-page","status-publish","hentry"],"acf":[],"yoast_head":"<!-- This site is optimized with the Yoast SEO plugin v27.4 - https:\/\/yoast.com\/product\/yoast-seo-wordpress\/ -->\n<title>Jobs - Electro-Test<\/title>\n<meta name=\"description\" content=\"Electro Test est un organisme agr\u00e9\u00e9 pour des contr\u00f4les techniques d installations \u00e9lectriques, au gaz, d\u2019eau, d appareils de levage et d ascenseurs\" \/>\n<meta name=\"robots\" content=\"index, follow, max-snippet:-1, max-image-preview:large, max-video-preview:-1\" \/>\n<link rel=\"canonical\" href=\"https:\/\/electro-test.be\/fr\/jobs\/\" \/>\n<meta property=\"og:locale\" content=\"fr_FR\" \/>\n<meta property=\"og:type\" content=\"article\" \/>\n<meta property=\"og:title\" content=\"Jobs - Electro-Test\" \/>\n<meta property=\"og:description\" content=\"Electro Test est un organisme agr\u00e9\u00e9 pour des contr\u00f4les techniques d installations \u00e9lectriques, au gaz, d\u2019eau, d appareils de levage et d ascenseurs\" \/>\n<meta property=\"og:url\" content=\"https:\/\/electro-test.be\/fr\/jobs\/\" \/>\n<meta property=\"og:site_name\" content=\"Electro-Test\" \/>\n<meta property=\"article:modified_time\" content=\"2026-04-20T12:58:21+00:00\" \/>\n<meta name=\"twitter:card\" content=\"summary_large_image\" \/>\n<meta name=\"twitter:label1\" content=\"Dur\u00e9e de lecture estim\u00e9e\" \/>\n\t<meta name=\"twitter:data1\" content=\"1 minute\" \/>\n<script type=\"application\/ld+json\" class=\"yoast-schema-graph\">{\"@context\":\"https:\\\/\\\/schema.org\",\"@graph\":[{\"@type\":\"WebPage\",\"@id\":\"https:\\\/\\\/electro-test.be\\\/fr\\\/jobs\\\/\",\"url\":\"https:\\\/\\\/electro-test.be\\\/fr\\\/jobs\\\/\",\"name\":\"Jobs - Electro-Test\",\"isPartOf\":{\"@id\":\"https:\\\/\\\/electro-test.be\\\/fr\\\/#website\"},\"datePublished\":\"2022-06-21T10:57:52+00:00\",\"dateModified\":\"2026-04-20T12:58:21+00:00\",\"description\":\"Electro Test est un organisme agr\u00e9\u00e9 pour des contr\u00f4les techniques d installations \u00e9lectriques, au gaz, d\u2019eau, d appareils de levage et d ascenseurs\",\"inLanguage\":\"fr-FR\",\"potentialAction\":[{\"@type\":\"ReadAction\",\"target\":[\"https:\\\/\\\/electro-test.be\\\/fr\\\/jobs\\\/\"]}]},{\"@type\":\"WebSite\",\"@id\":\"https:\\\/\\\/electro-test.be\\\/fr\\\/#website\",\"url\":\"https:\\\/\\\/electro-test.be\\\/fr\\\/\",\"name\":\"Electro-Test\",\"description\":\"\",\"publisher\":{\"@id\":\"https:\\\/\\\/electro-test.be\\\/fr\\\/#organization\"},\"potentialAction\":[{\"@type\":\"SearchAction\",\"target\":{\"@type\":\"EntryPoint\",\"urlTemplate\":\"https:\\\/\\\/electro-test.be\\\/fr\\\/?s={search_term_string}\"},\"query-input\":{\"@type\":\"PropertyValueSpecification\",\"valueRequired\":true,\"valueName\":\"search_term_string\"}}],\"inLanguage\":\"fr-FR\"},{\"@type\":\"Organization\",\"@id\":\"https:\\\/\\\/electro-test.be\\\/fr\\\/#organization\",\"name\":\"electroTEST\",\"url\":\"https:\\\/\\\/electro-test.be\\\/fr\\\/\",\"logo\":{\"@type\":\"ImageObject\",\"inLanguage\":\"fr-FR\",\"@id\":\"https:\\\/\\\/electro-test.be\\\/fr\\\/#\\\/schema\\\/logo\\\/image\\\/\",\"url\":\"https:\\\/\\\/electro-test.be\\\/wp-content\\\/uploads\\\/2022\\\/06\\\/Logo_ET_NL-FR.svg\",\"contentUrl\":\"https:\\\/\\\/electro-test.be\\\/wp-content\\\/uploads\\\/2022\\\/06\\\/Logo_ET_NL-FR.svg\",\"width\":\"1024\",\"height\":\"1024\",\"caption\":\"electroTEST\"},\"image\":{\"@id\":\"https:\\\/\\\/electro-test.be\\\/fr\\\/#\\\/schema\\\/logo\\\/image\\\/\"}}]}<\/script>\n<!-- \/ Yoast SEO plugin. -->","yoast_head_json":{"title":"Jobs - Electro-Test","description":"Electro Test est un organisme agr\u00e9\u00e9 pour des contr\u00f4les techniques d installations \u00e9lectriques, au gaz, d\u2019eau, d appareils de levage et d ascenseurs","robots":{"index":"index","follow":"follow","max-snippet":"max-snippet:-1","max-image-preview":"max-image-preview:large","max-video-preview":"max-video-preview:-1"},"canonical":"https:\/\/electro-test.be\/fr\/jobs\/","og_locale":"fr_FR","og_type":"article","og_title":"Jobs - Electro-Test","og_description":"Electro Test est un organisme agr\u00e9\u00e9 pour des contr\u00f4les techniques d installations \u00e9lectriques, au gaz, d\u2019eau, d appareils de levage et d ascenseurs","og_url":"https:\/\/electro-test.be\/fr\/jobs\/","og_site_name":"Electro-Test","article_modified_time":"2026-04-20T12:58:21+00:00","twitter_card":"summary_large_image","twitter_misc":{"Dur\u00e9e de lecture estim\u00e9e":"1 minute"},"schema":{"@context":"https:\/\/schema.org","@graph":[{"@type":"WebPage","@id":"https:\/\/electro-test.be\/fr\/jobs\/","url":"https:\/\/electro-test.be\/fr\/jobs\/","name":"Jobs - Electro-Test","isPartOf":{"@id":"https:\/\/electro-test.be\/fr\/#website"},"datePublished":"2022-06-21T10:57:52+00:00","dateModified":"2026-04-20T12:58:21+00:00","description":"Electro Test est un organisme agr\u00e9\u00e9 pour des contr\u00f4les techniques d installations \u00e9lectriques, au gaz, d\u2019eau, d appareils de levage et d ascenseurs","inLanguage":"fr-FR","potentialAction":[{"@type":"ReadAction","target":["https:\/\/electro-test.be\/fr\/jobs\/"]}]},{"@type":"WebSite","@id":"https:\/\/electro-test.be\/fr\/#website","url":"https:\/\/electro-test.be\/fr\/","name":"Electro-Test","description":"","publisher":{"@id":"https:\/\/electro-test.be\/fr\/#organization"},"potentialAction":[{"@type":"SearchAction","target":{"@type":"EntryPoint","urlTemplate":"https:\/\/electro-test.be\/fr\/?s={search_term_string}"},"query-input":{"@type":"PropertyValueSpecification","valueRequired":true,"valueName":"search_term_string"}}],"inLanguage":"fr-FR"},{"@type":"Organization","@id":"https:\/\/electro-test.be\/fr\/#organization","name":"electroTEST","url":"https:\/\/electro-test.be\/fr\/","logo":{"@type":"ImageObject","inLanguage":"fr-FR","@id":"https:\/\/electro-test.be\/fr\/#\/schema\/logo\/image\/","url":"https:\/\/electro-test.be\/wp-content\/uploads\/2022\/06\/Logo_ET_NL-FR.svg","contentUrl":"https:\/\/electro-test.be\/wp-content\/uploads\/2022\/06\/Logo_ET_NL-FR.svg","width":"1024","height":"1024","caption":"electroTEST"},"image":{"@id":"https:\/\/electro-test.be\/fr\/#\/schema\/logo\/image\/"}}]}},"_links":{"self":[{"href":"https:\/\/electro-test.be\/fr\/wp-json\/wp\/v2\/pages\/2783","targetHints":{"allow":["GET"]}}],"collection":[{"href":"https:\/\/electro-test.be\/fr\/wp-json\/wp\/v2\/pages"}],"about":[{"href":"https:\/\/electro-test.be\/fr\/wp-json\/wp\/v2\/types\/page"}],"author":[{"embeddable":true,"href":"https:\/\/electro-test.be\/fr\/wp-json\/wp\/v2\/users\/1"}],"replies":[{"embeddable":true,"href":"https:\/\/electro-test.be\/fr\/wp-json\/wp\/v2\/comments?post=2783"}],"version-history":[{"count":5,"href":"https:\/\/electro-test.be\/fr\/wp-json\/wp\/v2\/pages\/2783\/revisions"}],"predecessor-version":[{"id":6303,"href":"https:\/\/electro-test.be\/fr\/wp-json\/wp\/v2\/pages\/2783\/revisions\/6303"}],"wp:attachment":[{"href":"https:\/\/electro-test.be\/fr\/wp-json\/wp\/v2\/media?parent=2783"}],"curies":[{"name":"wp","href":"https:\/\/api.w.org\/{rel}","templated":true}]}}