{"id":2786,"date":"2022-06-10T08:34:52","date_gmt":"2022-06-10T06:34:52","guid":{"rendered":"https:\/\/electro-test.be\/disclaimer-privacy\/"},"modified":"2026-03-06T15:40:26","modified_gmt":"2026-03-06T13:40:26","slug":"disclaimer-privacy","status":"publish","type":"page","link":"https:\/\/electro-test.be\/fr\/disclaimer-privacy\/","title":{"rendered":"Disclaimer &#038; privacy"},"content":{"rendered":"<section class=\"l-section wpb_row height_auto\"><div class=\"l-section-h i-cf\"><div class=\"g-cols vc_row via_flex valign_top type_default stacking_default\"><div class=\"vc_col-sm-12 wpb_column vc_column_container\"><div class=\"vc_column-inner\"><div class=\"wpb_wrapper\"><div class=\"w-separator size_medium\"><\/div><div class=\"wpb_text_column\"><div class=\"wpb_wrapper\"><h1 style=\"color: #de2233;\"><strong>D\u00e9claration de confidentialit\u00e9<\/strong><\/h1>\n<p>Cette D\u00e9claration de confidentialit\u00e9 est d\u2019application pour le site web et les services de Vin\u00e7otte asbl Division Electro-Test (ci-apr\u00e8s d\u00e9nomm\u00e9 \u00ab nous \u00bb).<\/p>\n<p>Nous attachons une importance \u00e9norme \u00e0 la confidentialit\u00e9 des donn\u00e9es de nos clients et des visiteurs de notre site web. Pour cette raison, nous ne traiterons vos donn\u00e9es que d\u2019une fa\u00e7on conforme au R\u00e8glement G\u00e9n\u00e9ral sur la Protection des Donn\u00e9es (RGPD \/ GDPR).<\/p>\n<h2>Donn\u00e9es personnelles que nous collectons<\/h2>\n<p>Nous collectons des donn\u00e9es pour pouvoir travailler de fa\u00e7on efficace et vous offrir les meilleures exp\u00e9riences possibles avec nos produits et services. Vous nous fournissez directement un certain nombre de ces donn\u00e9es (optionnellement), par exemple lorsque vous demandez plus d\u2019informations par le biais du site web, ou lorsque vous vous inscrivez \u00e0 notre bulletin d\u2019information, \u2026<\/p>\n<h2>Donn\u00e9es que nous collectons via le site web :<\/h2>\n<p>Donn\u00e9es de contact : Nom, adresse, e-mail, num\u00e9ro de t\u00e9l\u00e9phone.<\/p>\n<h2>Donn\u00e9es que nous collectons par contacts personnels :<\/h2>\n<p>Donn\u00e9es de contact : Nom, adresse, e-mail, num\u00e9ro de t\u00e9l\u00e9phone, num\u00e9ro de registre national (en cas de personne de droit moral \u00e9galement num\u00e9ro de TVA, secteur d\u2019activit\u00e9).<\/p>\n<h2>\u00c0 quel effet utilisons-nous ces donn\u00e9es personnelles ?<\/h2>\n<p>L\u2019information personnelle que vous nous communiquez, peut \u00eatre utilis\u00e9e pour g\u00e9rer notre relation avec vous ou pour adapter ou am\u00e9liorer le site web et les services qui vous sont li\u00e9s. Par ailleurs, nous traitons vos donn\u00e9es aussi pour g\u00e9rer correctement vos achats.<br \/>\nNous pouvons aussi utiliser vos donn\u00e9es personnelles \u00e0 des fins marketing, pour vous envoyer du mat\u00e9riel de promotion ou des communications concernant les services que nous livrons ou des bulletins informatifs contenant des conseils que nous pensons pouvoir \u00eatre int\u00e9ressants pour vous.<br \/>\nVous pouvez \u00e0 tout moment nous demander de cesser de vous envoyer des communications, des e-mails ou toute autre communication. Ceci est possible sans motivation et gratuitement en cliquant par exemple sur le lien de d\u00e9sinscription pr\u00e9vu \u00e0 cet effet en bas de chaque courriel ou en prenant simplement contact avec nous par e-mail ou t\u00e9l\u00e9phone.<\/p>\n<h2>Aper\u00e7u des activit\u00e9s de traitement<\/h2>\n<ul>\n<li>Envoi de bulletins d\u2019information<\/li>\n<li>Gestion de comptes sur le site web<\/li>\n<li>Gestion de vos achats via le site web<\/li>\n<li>Am\u00e9lioration du service<\/li>\n<li>Prestation de service \u00e0 la client\u00e8le<\/li>\n<li>Gestion des plaintes<\/li>\n<li>R\u00e9agir \u00e0 des candidatures<\/li>\n<\/ul>\n<h2>Combien de temps conservons-nous vos donn\u00e9es personnelles ?<\/h2>\n<p>Nous ne conservons vos donn\u00e9es personnelles que le temps n\u00e9cessaire \u00e0 la r\u00e9alisation des objectifs repris dans cette D\u00e9claration de confidentialit\u00e9.<\/p>\n<h2>Transfert des donn\u00e9es \u00e0 des tiers<\/h2>\n<p>Vos donn\u00e9es ne sont pas transmises \u00e0 des tierces parties. Elles sont par contre, conserv\u00e9es dans une base de donn\u00e9es. Les donn\u00e9es que vous nous fournissez dans le cadre de votre candidature ne sont en aucun cas transmises \u00e0 des tiers.<\/p>\n<h2>Responsabilit\u00e9s de traitement et personnes effectuant le traitement<\/h2>\n<p>Vos donn\u00e9es peuvent \u00eatre trait\u00e9es par tous les collaborateurs de notre bureau dans le cadre de l\u2019exercice de leur fonction. La responsabilit\u00e9 de traitement repose sur les g\u00e9rants statutaires de la soci\u00e9t\u00e9.<\/p>\n<h2>S\u00e9curit\u00e9 de vos donn\u00e9es personnelles<\/h2>\n<p>Nous mettons tout en \u0153uvre pour prot\u00e9ger la s\u00e9curit\u00e9 et la confidentialit\u00e9 de vos donn\u00e9es personnelles. Nous appliquons des mesures techniques et organisationnelles appropri\u00e9es afin que le traitement soit conforme aux exigences des r\u00e8glementations nationales et europ\u00e9ennes.<\/p>\n<h2>Vos droits<\/h2>\n<h3>Droit d\u2019acc\u00e8s et de consultation<\/h3>\n<p>Vous avez le droit de prendre connaissance \u00e0 tout moment et gratuitement de vos donn\u00e9es personnelles, ainsi que de l\u2019usage que nous faisons de vos donn\u00e9es personnelles.<\/p>\n<h3>Droit de rectification, d\u2019effacement et de limitation<\/h3>\n<p>Vous avez toujours le droit de nous demander de corriger, de compl\u00e9ter ou d\u2019effacer vos donn\u00e9es personnelles. Vous pouvez \u00e9galement le faire vous-m\u00eame par le biais des configurations personnelles de votre compte. Vous reconnaissez qu\u2019en cas de refus de communication ou de demande d\u2019effacement de donn\u00e9es personnelles, certains services et produits ne sont pas disponibles. Vous pouvez \u00e9galement demander \u00e0 limiter le traitement de vos donn\u00e9es personnelles.<\/p>\n<h3>Droit d\u2019opposition<\/h3>\n<p>Vous disposez \u00e9galement du droit de vous opposer au traitement de vos donn\u00e9es personnelles pour des raisons s\u00e9rieuses et l\u00e9gitimes. Vous disposez en outre, du droit de vous opposer \u00e0 l\u2019utilisation de vos donn\u00e9es personnelles \u00e0 des fins de marketing direct, dans un cas pareil, aucune motivation ne doit \u00eatre fournie.<\/p>\n<h3>Droit \u00e0 la portabilit\u00e9<\/h3>\n<p>Vous disposez du droit de r\u00e9cup\u00e9rer vos donn\u00e9es personnelles trait\u00e9es par nos soins dans un format structur\u00e9, couramment utilis\u00e9 et lisible par machine et \/ ou de les transf\u00e9rer \u00e0 d\u2019autres responsables.<\/p>\n<h3>Droit de retrait de l\u2019autorisation<\/h3>\n<p>Lorsque le traitement de vos donn\u00e9es personnelles est fond\u00e9 sur une autorisation pr\u00e9c\u00e9dente, vous disposez du droit de retrait de cette autorisation.<\/p>\n<h3>Droit de porter plainte<\/h3>\n<p>Vous disposez du droit de porter plainte aupr\u00e8s de la Commission de la protection de la vie priv\u00e9e belge : Rue de la Presse 35, 1000 Bruxelles, T\u00e9l. : +32 (0)2 274 48 00, Fax : +32 (0)2 274 48 35, E-mail : commission@privacycommission.be .<\/p>\n<h2>Modifications<\/h2>\n<p>Cette D\u00e9claration de confidentialit\u00e9 est adapt\u00e9e \u00e0 l&rsquo;utilisation et aux possibilit\u00e9s de ce site web et de nos services. Nous nous r\u00e9servons le droit de la modifier ou de l\u2019actualiser \u00e0 tout moment.<\/p>\n<h2>Questions et r\u00e9actions<\/h2>\n<p>Si vous avez des questions concernant cette D\u00e9claration de confidentialit\u00e9, vous pouvez prendre contact avec nous : Electro-Test, Chauss\u00e9e de Haacht \u00e0 1820 Melsbroek &#8211; T. +32 (0) 2 751 98 39.<\/p>\n<h1 style=\"color: #de2233;\"><strong>Cookies<\/strong><\/h1>\n<p>Notre site Internet utilise des cookies et des technologies similaires pour distinguer vos pr\u00e9f\u00e9rences d\u2019utilisation de celles des autres utilisateurs de notre site Internet. Cela nous aide \u00e0 vous offrir une meilleure exp\u00e9rience lors de votre visite de notre site Internet et nous permet d\u2019optimaliser ce dernier. Les cookies et technologies similaires ne nous permettent toutefois pas de collecter syst\u00e9matiquement des donn\u00e9es qui pourraient identifier les utilisateurs de notre site Internet. Ils nous aident par contre \u00e0 am\u00e9liorer le fonctionnement de notre site Internet, \u00e0 mieux r\u00e9pondre aux int\u00e9r\u00eats de nos utilisateurs et \u00e0 \u00e9valuer la pertinence du contenu de notre site Internet.<\/p>\n<p>Nous tenons \u00e0 demander votre consentement pour l\u2019utilisation ou le stockage des cookies et technologies similaires sur vos ordinateurs ou p\u00e9riph\u00e9riques mobiles. Le pr\u00e9sent document sur les cookies a pour but de vous donner des informations claires et compl\u00e8tes sur les cookies que nous utilisons et leur finalit\u00e9.<\/p>\n<h2>Qu\u2019est-ce qu\u2019un cookie ?<\/h2>\n<p>Un \u00ab cookie \u00bb est un petit fichier compos\u00e9 de lettres et de chiffres que nous sauvegardons sur votre navigateur ou sur le disque dur de votre ordinateur. Ainsi nous pouvons nous rappeler de vos pr\u00e9f\u00e9rences lors de l&rsquo;utilisation de notre site Internet.<\/p>\n<p>Sauf si vous avez choisi de ne pas accepter des cookies dans les param\u00e8tres de votre navigateur, notre syst\u00e8me placera des cookies automatiquement lors de votre visite \u00e0 notre site Internet.<\/p>\n<h2>Types de cookies<\/h2>\n<p>Les cookies peuvent \u00eatre subdivis\u00e9s en cat\u00e9gories selon leur origine, leur fonction et leur dur\u00e9e de vie.<br \/>\nLes \u00ab first party cookies \u00bb sont plac\u00e9s par le nom de domaine du site que vous visitez.<br \/>\nLes \u00ab third party cookies \u00bb sont plac\u00e9s par un autre nom de domaine que celui du site Internet que vous visitez. Il s\u2019agit notamment de cookies cr\u00e9\u00e9s par une entreprise sp\u00e9cialis\u00e9e dans l\u2019analyse des sites Internet ou par des sites Internet que le propri\u00e9taire du site Internet visite pour \u00e9valuer la fr\u00e9quence des visiteurs sur son site.<\/p>\n<h3>Cookies fonctionnels<\/h3>\n<p>Les cookies fonctionnels veillent au fonctionnement correct du site Internet (ex : cookies de login, d\u2019enregistrement, pr\u00e9f\u00e9rences de langue). Les cookies fonctionnels sont logiquement des first party cookies. Les cookies non-fonctionnels sont plac\u00e9s sur le site Internet \u00e0 des fins statistiques, sociales, de ciblage ou commerciales. Ils ne sont pas li\u00e9s au simple support du site Internet. Les cookies plac\u00e9s \u00e0 des fins statistiques permettent de v\u00e9rifier quelles pages du site Internet sont visit\u00e9es, de localiser l\u2019ordinateur, etc. Les cookies plac\u00e9s \u00e0 des fins sociales permettent aux utilisateurs de partager le contenu du site Internet visit\u00e9 directement sur les r\u00e9seaux sociaux. Les cookies poursuivant un but de ciblage permettent de dresser le profil des utilisateurs sur base de leur comportement de navigation, de mani\u00e8re \u00e0 leur montrer des publicit\u00e9s adapt\u00e9es \u00e0 leurs centres d\u2019int\u00e9r\u00eat. Les cookies poursuivant des objectifs commerciaux enregistrent \u00e0 quelle fr\u00e9quence et quelles publicit\u00e9s sont montr\u00e9es \u00e0 un utilisateur. Les cookies non-fonctionnels peuvent \u00eatre des first party ou third party cookies.<\/p>\n<h3>Cookies permanents<\/h3>\n<p>Les cookies permanents restent pr\u00e9sents sur votre disque dur pour la dur\u00e9e d\u00e9termin\u00e9e par le cookie et donc \u00e9galement apr\u00e8s avoir ferm\u00e9 votre navigateur. Ils sont activ\u00e9s \u00e0 chaque fois que l\u2019utilisateur visite le site Internet qui a plac\u00e9 ce cookie (ex: cookies plac\u00e9s par les r\u00e9seaux sociaux tels que Twitter, Facebook, Google Analytics, etc.). Les cookies permanents sont g\u00e9n\u00e9ralement des cookies non-fonctionnels.<\/p>\n<h3>Cookies de session<\/h3>\n<p>Les cookies de session nous permettent de simplifier les manipulations de l\u2019utilisateur et de les relier l\u2019une \u00e0 l\u2019autre pendant une session de navigation. Une session de navigation commence quand l\u2019utilisateur ouvre l\u2019\u00e9cran du navigateur et se termine quand il ferme l\u2019\u00e9cran de ce navigateur. Les cookies de session sont temporaires. D\u00e8s que vous fermez votre navigateur, tous les cookies de session sont supprim\u00e9s. Les cookies de session sont g\u00e9n\u00e9ralement des cookies fonctionnels.<\/p>\n<h3>Cookies analytiques<\/h3>\n<p>Nous utilisons des cookies de performance pour recueillir des informations sur l\u2019utilisation des visiteurs de notre site Internet, dans le but d\u2019am\u00e9liorer le fonctionnement de notre site Internet, de l\u2019adapter aux souhaits des visiteurs et d\u2019augmenter la facilit\u00e9 d\u2019utilisation de notre site Internet.<\/p>\n<p>Des cookies analytiques permettent notamment de d\u00e9nombrer les visiteurs uniques ou d\u2019identifier les pages les plus populaires du site Internet. En vue d\u2019analyser l\u2019utilisation de notre site Internet, nous faisons \u00e9galement \u00e0 Adobe Analytics, Google Analytics et Hotjar qui utilisent eux aussi des cookies.<\/p>\n<h3>Cookies de reciblage publicitaire<\/h3>\n<p>Afin d\u2019encore mieux vous informer de nos produits et de nos services, nous utilisons des cookies qui nous fournissent des informations sur les pages que vous avez visit\u00e9es sur notre site Internet ou sur les produits ou les services qui pourraient vous int\u00e9resser.<\/p>\n<p>Nous utilisons ces donn\u00e9es \u00e9galement pour nos campagnes publicitaires sur des sites web de tiers. Si n\u00e9cessaire, nous pouvons obtenir \u00e9galement des donn\u00e9es \u00e0 propos des sites web de nos partenaires publicitaires sur lesquels vous avez vu nos publicit\u00e9s. Nous utilisons \u00e0 cette fin \u00ab DoubleClick \u00bb, qui fait partie de Google et Group M. Pour de plus amples informations concernant l\u2019utilisation des cookies de Google et Group M, vous pouvez demander la politique de confidentialit\u00e9 de Google et Group M.<br \/>\nCes cookies ne contiennent pas de donn\u00e9es \u00e0 caract\u00e8re personnel.<\/p>\n<h3>Cookies pour m\u00e9dias sociaux<\/h3>\n<p>Lorsque nous vous proposons de partager le contenu de notre site web sur des r\u00e9seaux sociaux, par ex. Facebook, ceux-ci peuvent alors placer un cookie sur votre appareil. Pour plus d\u2019informations, nous vous revoyons \u00e0 la politique de confidentialit\u00e9 de l\u2019organisation en question.<\/p>\n<p>Pour nos campagnes de marketing sur Facebook, nous utilisons l\u2019outil \u00ab Pixel \u00bb, par lequel un cookie qui est cr\u00e9\u00e9 par Facebook se retrouve int\u00e9gr\u00e9 dans certaines de nos pages web. Avec ces pixels, Facebook peut suivre le comportement de ses utilisateurs \u00e0 partir d\u2019une annonce sur le r\u00e9seau social vers une page web de notre site web. Par la suite, Facebook pourra reconna\u00eetre l\u2019utilisateur qui a visit\u00e9 la page web en question sur sa plateforme, fournir des services sur mesure et placer des publicit\u00e9s cibl\u00e9es. Par ailleurs, ce traitement de donn\u00e9es ne vaut pas pour celui qui n\u2019est pas sur Facebook. Pour en savoir plus sur la mani\u00e8re dont Facebook collecte, traite et utilise les donn\u00e9es et sur les param\u00e8tres \u00e9ventuels pour prot\u00e9ger votre vie priv\u00e9e, consultez la politique de Facebook en mati\u00e8re de donn\u00e9es d\u2019utilisateurs.<\/p>\n<h2>Votre consentement<\/h2>\n<p>En utilisant notre site Internet, vous acceptez l\u2019usage de cookies. Pour pouvoir utiliser notre site web de mani\u00e8re optimale, vous devez accepter ces cookies. Cela peut se faire par les param\u00e8tres du navigateur ou en acceptant explicitement notre \u00ab Politique de confidentialit\u00e9 et cookies \u00bb lors de l\u2019enregistrement, ou en continuant \u00e0 naviguer sur le site web apr\u00e8s que vous ayez vu un \u00ab avertissement cookie \u00bb sur la page d\u2019accueil lors de votre premi\u00e8re visite du site Internet.<\/p>\n<p>Vous bloquez les cookies en activant les param\u00e8tres du navigateur qui permettent de refuser le placement de cookies. Cependant, lorsque vous utilisez les param\u00e8tres du navigateur pour bloquer les cookies, il se peut que n\u2019ayez pas acc\u00e8s \u00e0 (certaines parties de) notre site Internet. Lisez attentivement cette politique de cookie pour plus d\u2019informations \u00e0 ce sujet.<\/p>\n<p>Si vous voulez retirer votre autorisation (ce que vous pouvez faire \u00e0 tout moment), vous pouvez supprimer les cookies au moyen de vos param\u00e8tres du navigateur.<\/p>\n<p>Nous vous rappelons que les navigateurs internet vous permettent de modifier vos param\u00e8tres de cookies. Ces param\u00e8tres se retrouvent pour la plupart dans le menu \u00ab Options \u00bb ou \u00ab Pr\u00e9f\u00e9rences \u00bb de votre serveur internet. Les liens suivants peuvent \u00eatre utiles pour mieux comprendre ces param\u00e8tres. Si ce n\u2019est pas le cas, vous pouvez consulter la fonction \u00ab Aide \u00bb dans votre serveur navigateur internet pour plus de d\u00e9tails.<\/p>\n<\/div><\/div><\/div><\/div><\/div><\/div><\/div><\/section>\n","protected":false},"excerpt":{"rendered":"D\u00e9claration de confidentialit\u00e9 Cette D\u00e9claration de confidentialit\u00e9 est d\u2019application pour le site web et les services de Vin\u00e7otte asbl Division Electro-Test (ci-apr\u00e8s d\u00e9nomm\u00e9 \u00ab nous \u00bb). Nous attachons une importance \u00e9norme \u00e0 la confidentialit\u00e9 des donn\u00e9es de nos clients et des visiteurs de notre site web. Pour cette raison, nous ne traiterons vos donn\u00e9es que...","protected":false},"author":1,"featured_media":0,"parent":0,"menu_order":0,"comment_status":"closed","ping_status":"open","template":"","meta":{"_acf_changed":false,"footnotes":""},"class_list":["post-2786","page","type-page","status-publish","hentry"],"acf":[],"yoast_head":"<!-- This site is optimized with the Yoast SEO plugin v27.4 - https:\/\/yoast.com\/product\/yoast-seo-wordpress\/ -->\n<title>Disclaimer &amp; privacy | Electro-Test<\/title>\n<meta name=\"description\" content=\"Electro Test est un organisme agr\u00e9\u00e9 pour des contr\u00f4les techniques d installations \u00e9lectriques, au gaz, d\u2019eau, d appareils de levage et d ascenseurs\" \/>\n<meta name=\"robots\" content=\"index, follow, max-snippet:-1, max-image-preview:large, max-video-preview:-1\" \/>\n<link rel=\"canonical\" href=\"https:\/\/electro-test.be\/fr\/disclaimer-privacy\/\" \/>\n<meta property=\"og:locale\" content=\"fr_FR\" \/>\n<meta property=\"og:type\" content=\"article\" \/>\n<meta property=\"og:title\" content=\"Disclaimer &amp; privacy | Electro-Test\" \/>\n<meta property=\"og:description\" content=\"Electro Test est un organisme agr\u00e9\u00e9 pour des contr\u00f4les techniques d installations \u00e9lectriques, au gaz, d\u2019eau, d appareils de levage et d ascenseurs\" \/>\n<meta property=\"og:url\" content=\"https:\/\/electro-test.be\/fr\/disclaimer-privacy\/\" \/>\n<meta property=\"og:site_name\" content=\"Electro-Test\" \/>\n<meta property=\"article:modified_time\" content=\"2026-03-06T13:40:26+00:00\" \/>\n<meta name=\"twitter:card\" content=\"summary_large_image\" \/>\n<meta name=\"twitter:label1\" content=\"Dur\u00e9e de lecture estim\u00e9e\" \/>\n\t<meta name=\"twitter:data1\" content=\"11 minutes\" \/>\n<script type=\"application\/ld+json\" class=\"yoast-schema-graph\">{\"@context\":\"https:\\\/\\\/schema.org\",\"@graph\":[{\"@type\":\"WebPage\",\"@id\":\"https:\\\/\\\/electro-test.be\\\/fr\\\/disclaimer-privacy\\\/\",\"url\":\"https:\\\/\\\/electro-test.be\\\/fr\\\/disclaimer-privacy\\\/\",\"name\":\"Disclaimer & privacy | Electro-Test\",\"isPartOf\":{\"@id\":\"https:\\\/\\\/electro-test.be\\\/fr\\\/#website\"},\"datePublished\":\"2022-06-10T06:34:52+00:00\",\"dateModified\":\"2026-03-06T13:40:26+00:00\",\"description\":\"Electro Test est un organisme agr\u00e9\u00e9 pour des contr\u00f4les techniques d installations \u00e9lectriques, au gaz, d\u2019eau, d appareils de levage et d ascenseurs\",\"inLanguage\":\"fr-FR\",\"potentialAction\":[{\"@type\":\"ReadAction\",\"target\":[\"https:\\\/\\\/electro-test.be\\\/fr\\\/disclaimer-privacy\\\/\"]}]},{\"@type\":\"WebSite\",\"@id\":\"https:\\\/\\\/electro-test.be\\\/fr\\\/#website\",\"url\":\"https:\\\/\\\/electro-test.be\\\/fr\\\/\",\"name\":\"Electro-Test\",\"description\":\"\",\"publisher\":{\"@id\":\"https:\\\/\\\/electro-test.be\\\/fr\\\/#organization\"},\"potentialAction\":[{\"@type\":\"SearchAction\",\"target\":{\"@type\":\"EntryPoint\",\"urlTemplate\":\"https:\\\/\\\/electro-test.be\\\/fr\\\/?s={search_term_string}\"},\"query-input\":{\"@type\":\"PropertyValueSpecification\",\"valueRequired\":true,\"valueName\":\"search_term_string\"}}],\"inLanguage\":\"fr-FR\"},{\"@type\":\"Organization\",\"@id\":\"https:\\\/\\\/electro-test.be\\\/fr\\\/#organization\",\"name\":\"electroTEST\",\"url\":\"https:\\\/\\\/electro-test.be\\\/fr\\\/\",\"logo\":{\"@type\":\"ImageObject\",\"inLanguage\":\"fr-FR\",\"@id\":\"https:\\\/\\\/electro-test.be\\\/fr\\\/#\\\/schema\\\/logo\\\/image\\\/\",\"url\":\"https:\\\/\\\/electro-test.be\\\/wp-content\\\/uploads\\\/2022\\\/06\\\/Logo_ET_NL-FR.svg\",\"contentUrl\":\"https:\\\/\\\/electro-test.be\\\/wp-content\\\/uploads\\\/2022\\\/06\\\/Logo_ET_NL-FR.svg\",\"width\":\"1024\",\"height\":\"1024\",\"caption\":\"electroTEST\"},\"image\":{\"@id\":\"https:\\\/\\\/electro-test.be\\\/fr\\\/#\\\/schema\\\/logo\\\/image\\\/\"}}]}<\/script>\n<!-- \/ Yoast SEO plugin. -->","yoast_head_json":{"title":"Disclaimer & privacy | Electro-Test","description":"Electro Test est un organisme agr\u00e9\u00e9 pour des contr\u00f4les techniques d installations \u00e9lectriques, au gaz, d\u2019eau, d appareils de levage et d ascenseurs","robots":{"index":"index","follow":"follow","max-snippet":"max-snippet:-1","max-image-preview":"max-image-preview:large","max-video-preview":"max-video-preview:-1"},"canonical":"https:\/\/electro-test.be\/fr\/disclaimer-privacy\/","og_locale":"fr_FR","og_type":"article","og_title":"Disclaimer & privacy | Electro-Test","og_description":"Electro Test est un organisme agr\u00e9\u00e9 pour des contr\u00f4les techniques d installations \u00e9lectriques, au gaz, d\u2019eau, d appareils de levage et d ascenseurs","og_url":"https:\/\/electro-test.be\/fr\/disclaimer-privacy\/","og_site_name":"Electro-Test","article_modified_time":"2026-03-06T13:40:26+00:00","twitter_card":"summary_large_image","twitter_misc":{"Dur\u00e9e de lecture estim\u00e9e":"11 minutes"},"schema":{"@context":"https:\/\/schema.org","@graph":[{"@type":"WebPage","@id":"https:\/\/electro-test.be\/fr\/disclaimer-privacy\/","url":"https:\/\/electro-test.be\/fr\/disclaimer-privacy\/","name":"Disclaimer & privacy | Electro-Test","isPartOf":{"@id":"https:\/\/electro-test.be\/fr\/#website"},"datePublished":"2022-06-10T06:34:52+00:00","dateModified":"2026-03-06T13:40:26+00:00","description":"Electro Test est un organisme agr\u00e9\u00e9 pour des contr\u00f4les techniques d installations \u00e9lectriques, au gaz, d\u2019eau, d appareils de levage et d ascenseurs","inLanguage":"fr-FR","potentialAction":[{"@type":"ReadAction","target":["https:\/\/electro-test.be\/fr\/disclaimer-privacy\/"]}]},{"@type":"WebSite","@id":"https:\/\/electro-test.be\/fr\/#website","url":"https:\/\/electro-test.be\/fr\/","name":"Electro-Test","description":"","publisher":{"@id":"https:\/\/electro-test.be\/fr\/#organization"},"potentialAction":[{"@type":"SearchAction","target":{"@type":"EntryPoint","urlTemplate":"https:\/\/electro-test.be\/fr\/?s={search_term_string}"},"query-input":{"@type":"PropertyValueSpecification","valueRequired":true,"valueName":"search_term_string"}}],"inLanguage":"fr-FR"},{"@type":"Organization","@id":"https:\/\/electro-test.be\/fr\/#organization","name":"electroTEST","url":"https:\/\/electro-test.be\/fr\/","logo":{"@type":"ImageObject","inLanguage":"fr-FR","@id":"https:\/\/electro-test.be\/fr\/#\/schema\/logo\/image\/","url":"https:\/\/electro-test.be\/wp-content\/uploads\/2022\/06\/Logo_ET_NL-FR.svg","contentUrl":"https:\/\/electro-test.be\/wp-content\/uploads\/2022\/06\/Logo_ET_NL-FR.svg","width":"1024","height":"1024","caption":"electroTEST"},"image":{"@id":"https:\/\/electro-test.be\/fr\/#\/schema\/logo\/image\/"}}]}},"_links":{"self":[{"href":"https:\/\/electro-test.be\/fr\/wp-json\/wp\/v2\/pages\/2786","targetHints":{"allow":["GET"]}}],"collection":[{"href":"https:\/\/electro-test.be\/fr\/wp-json\/wp\/v2\/pages"}],"about":[{"href":"https:\/\/electro-test.be\/fr\/wp-json\/wp\/v2\/types\/page"}],"author":[{"embeddable":true,"href":"https:\/\/electro-test.be\/fr\/wp-json\/wp\/v2\/users\/1"}],"replies":[{"embeddable":true,"href":"https:\/\/electro-test.be\/fr\/wp-json\/wp\/v2\/comments?post=2786"}],"version-history":[{"count":5,"href":"https:\/\/electro-test.be\/fr\/wp-json\/wp\/v2\/pages\/2786\/revisions"}],"predecessor-version":[{"id":6210,"href":"https:\/\/electro-test.be\/fr\/wp-json\/wp\/v2\/pages\/2786\/revisions\/6210"}],"wp:attachment":[{"href":"https:\/\/electro-test.be\/fr\/wp-json\/wp\/v2\/media?parent=2786"}],"curies":[{"name":"wp","href":"https:\/\/api.w.org\/{rel}","templated":true}]}}