{"id":3991,"date":"2024-03-12T13:51:32","date_gmt":"2024-03-12T11:51:32","guid":{"rendered":"https:\/\/electro-test.be\/?page_id=3991"},"modified":"2024-08-22T11:23:29","modified_gmt":"2024-08-22T09:23:29","slug":"peb-chauffage-gaz","status":"publish","type":"page","link":"https:\/\/electro-test.be\/fr\/combinez-vous-meme-vos-controles-et-economisez\/peb-chauffage-gaz\/","title":{"rendered":"PEB chauffage + Gaz"},"content":{"rendered":"","protected":false},"excerpt":{"rendered":"","protected":false},"author":1,"featured_media":0,"parent":2414,"menu_order":0,"comment_status":"closed","ping_status":"closed","template":"","meta":{"_acf_changed":false,"footnotes":""},"class_list":["post-3991","page","type-page","status-publish","hentry"],"acf":[],"yoast_head":"<!-- This site is optimized with the Yoast SEO plugin v27.4 - https:\/\/yoast.com\/product\/yoast-seo-wordpress\/ -->\n<title>PEB chauffage + Gaz - Electro-Test<\/title>\n<meta name=\"robots\" content=\"noindex, follow\" \/>\n<meta property=\"og:locale\" content=\"fr_FR\" \/>\n<meta property=\"og:type\" content=\"article\" \/>\n<meta property=\"og:title\" content=\"PEB chauffage + Gaz - Electro-Test\" \/>\n<meta property=\"og:url\" content=\"https:\/\/electro-test.be\/fr\/combinez-vous-meme-vos-controles-et-economisez\/peb-chauffage-gaz\/\" \/>\n<meta property=\"og:site_name\" content=\"Electro-Test\" \/>\n<meta property=\"article:modified_time\" content=\"2024-08-22T09:23:29+00:00\" \/>\n<meta name=\"twitter:card\" content=\"summary_large_image\" \/>\n<script type=\"application\/ld+json\" class=\"yoast-schema-graph\">{\"@context\":\"https:\\\/\\\/schema.org\",\"@graph\":[{\"@type\":\"WebPage\",\"@id\":\"https:\\\/\\\/electro-test.be\\\/fr\\\/combinez-vous-meme-vos-controles-et-economisez\\\/peb-chauffage-gaz\\\/\",\"url\":\"https:\\\/\\\/electro-test.be\\\/fr\\\/combinez-vous-meme-vos-controles-et-economisez\\\/peb-chauffage-gaz\\\/\",\"name\":\"PEB chauffage + Gaz - Electro-Test\",\"isPartOf\":{\"@id\":\"https:\\\/\\\/electro-test.be\\\/fr\\\/#website\"},\"datePublished\":\"2024-03-12T11:51:32+00:00\",\"dateModified\":\"2024-08-22T09:23:29+00:00\",\"breadcrumb\":{\"@id\":\"https:\\\/\\\/electro-test.be\\\/fr\\\/combinez-vous-meme-vos-controles-et-economisez\\\/peb-chauffage-gaz\\\/#breadcrumb\"},\"inLanguage\":\"fr-FR\",\"potentialAction\":[{\"@type\":\"ReadAction\",\"target\":[\"https:\\\/\\\/electro-test.be\\\/fr\\\/combinez-vous-meme-vos-controles-et-economisez\\\/peb-chauffage-gaz\\\/\"]}]},{\"@type\":\"BreadcrumbList\",\"@id\":\"https:\\\/\\\/electro-test.be\\\/fr\\\/combinez-vous-meme-vos-controles-et-economisez\\\/peb-chauffage-gaz\\\/#breadcrumb\",\"itemListElement\":[{\"@type\":\"ListItem\",\"position\":1,\"name\":\"Combinez vous-m\u00eame vos contr\u00f4les et \u00e9conomisez\",\"item\":\"https:\\\/\\\/electro-test.be\\\/fr\\\/combinez-vous-meme-vos-controles-et-economisez\\\/\"},{\"@type\":\"ListItem\",\"position\":2,\"name\":\"PEB chauffage + Gaz\"}]},{\"@type\":\"WebSite\",\"@id\":\"https:\\\/\\\/electro-test.be\\\/fr\\\/#website\",\"url\":\"https:\\\/\\\/electro-test.be\\\/fr\\\/\",\"name\":\"Electro-Test\",\"description\":\"\",\"publisher\":{\"@id\":\"https:\\\/\\\/electro-test.be\\\/fr\\\/#organization\"},\"potentialAction\":[{\"@type\":\"SearchAction\",\"target\":{\"@type\":\"EntryPoint\",\"urlTemplate\":\"https:\\\/\\\/electro-test.be\\\/fr\\\/?s={search_term_string}\"},\"query-input\":{\"@type\":\"PropertyValueSpecification\",\"valueRequired\":true,\"valueName\":\"search_term_string\"}}],\"inLanguage\":\"fr-FR\"},{\"@type\":\"Organization\",\"@id\":\"https:\\\/\\\/electro-test.be\\\/fr\\\/#organization\",\"name\":\"electroTEST\",\"url\":\"https:\\\/\\\/electro-test.be\\\/fr\\\/\",\"logo\":{\"@type\":\"ImageObject\",\"inLanguage\":\"fr-FR\",\"@id\":\"https:\\\/\\\/electro-test.be\\\/fr\\\/#\\\/schema\\\/logo\\\/image\\\/\",\"url\":\"https:\\\/\\\/electro-test.be\\\/wp-content\\\/uploads\\\/2022\\\/06\\\/Logo_ET_NL-FR.svg\",\"contentUrl\":\"https:\\\/\\\/electro-test.be\\\/wp-content\\\/uploads\\\/2022\\\/06\\\/Logo_ET_NL-FR.svg\",\"width\":\"1024\",\"height\":\"1024\",\"caption\":\"electroTEST\"},\"image\":{\"@id\":\"https:\\\/\\\/electro-test.be\\\/fr\\\/#\\\/schema\\\/logo\\\/image\\\/\"}}]}<\/script>\n<!-- \/ Yoast SEO plugin. -->","yoast_head_json":{"title":"PEB chauffage + Gaz - Electro-Test","robots":{"index":"noindex","follow":"follow"},"og_locale":"fr_FR","og_type":"article","og_title":"PEB chauffage + Gaz - Electro-Test","og_url":"https:\/\/electro-test.be\/fr\/combinez-vous-meme-vos-controles-et-economisez\/peb-chauffage-gaz\/","og_site_name":"Electro-Test","article_modified_time":"2024-08-22T09:23:29+00:00","twitter_card":"summary_large_image","schema":{"@context":"https:\/\/schema.org","@graph":[{"@type":"WebPage","@id":"https:\/\/electro-test.be\/fr\/combinez-vous-meme-vos-controles-et-economisez\/peb-chauffage-gaz\/","url":"https:\/\/electro-test.be\/fr\/combinez-vous-meme-vos-controles-et-economisez\/peb-chauffage-gaz\/","name":"PEB chauffage + Gaz - Electro-Test","isPartOf":{"@id":"https:\/\/electro-test.be\/fr\/#website"},"datePublished":"2024-03-12T11:51:32+00:00","dateModified":"2024-08-22T09:23:29+00:00","breadcrumb":{"@id":"https:\/\/electro-test.be\/fr\/combinez-vous-meme-vos-controles-et-economisez\/peb-chauffage-gaz\/#breadcrumb"},"inLanguage":"fr-FR","potentialAction":[{"@type":"ReadAction","target":["https:\/\/electro-test.be\/fr\/combinez-vous-meme-vos-controles-et-economisez\/peb-chauffage-gaz\/"]}]},{"@type":"BreadcrumbList","@id":"https:\/\/electro-test.be\/fr\/combinez-vous-meme-vos-controles-et-economisez\/peb-chauffage-gaz\/#breadcrumb","itemListElement":[{"@type":"ListItem","position":1,"name":"Combinez vous-m\u00eame vos contr\u00f4les et \u00e9conomisez","item":"https:\/\/electro-test.be\/fr\/combinez-vous-meme-vos-controles-et-economisez\/"},{"@type":"ListItem","position":2,"name":"PEB chauffage + Gaz"}]},{"@type":"WebSite","@id":"https:\/\/electro-test.be\/fr\/#website","url":"https:\/\/electro-test.be\/fr\/","name":"Electro-Test","description":"","publisher":{"@id":"https:\/\/electro-test.be\/fr\/#organization"},"potentialAction":[{"@type":"SearchAction","target":{"@type":"EntryPoint","urlTemplate":"https:\/\/electro-test.be\/fr\/?s={search_term_string}"},"query-input":{"@type":"PropertyValueSpecification","valueRequired":true,"valueName":"search_term_string"}}],"inLanguage":"fr-FR"},{"@type":"Organization","@id":"https:\/\/electro-test.be\/fr\/#organization","name":"electroTEST","url":"https:\/\/electro-test.be\/fr\/","logo":{"@type":"ImageObject","inLanguage":"fr-FR","@id":"https:\/\/electro-test.be\/fr\/#\/schema\/logo\/image\/","url":"https:\/\/electro-test.be\/wp-content\/uploads\/2022\/06\/Logo_ET_NL-FR.svg","contentUrl":"https:\/\/electro-test.be\/wp-content\/uploads\/2022\/06\/Logo_ET_NL-FR.svg","width":"1024","height":"1024","caption":"electroTEST"},"image":{"@id":"https:\/\/electro-test.be\/fr\/#\/schema\/logo\/image\/"}}]}},"_links":{"self":[{"href":"https:\/\/electro-test.be\/fr\/wp-json\/wp\/v2\/pages\/3991","targetHints":{"allow":["GET"]}}],"collection":[{"href":"https:\/\/electro-test.be\/fr\/wp-json\/wp\/v2\/pages"}],"about":[{"href":"https:\/\/electro-test.be\/fr\/wp-json\/wp\/v2\/types\/page"}],"author":[{"embeddable":true,"href":"https:\/\/electro-test.be\/fr\/wp-json\/wp\/v2\/users\/1"}],"replies":[{"embeddable":true,"href":"https:\/\/electro-test.be\/fr\/wp-json\/wp\/v2\/comments?post=3991"}],"version-history":[{"count":9,"href":"https:\/\/electro-test.be\/fr\/wp-json\/wp\/v2\/pages\/3991\/revisions"}],"predecessor-version":[{"id":4649,"href":"https:\/\/electro-test.be\/fr\/wp-json\/wp\/v2\/pages\/3991\/revisions\/4649"}],"up":[{"embeddable":true,"href":"https:\/\/electro-test.be\/fr\/wp-json\/wp\/v2\/pages\/2414"}],"wp:attachment":[{"href":"https:\/\/electro-test.be\/fr\/wp-json\/wp\/v2\/media?parent=3991"}],"curies":[{"name":"wp","href":"https:\/\/api.w.org\/{rel}","templated":true}]}}