{"id":5322,"date":"2025-02-17T15:48:03","date_gmt":"2025-02-17T13:48:03","guid":{"rendered":"https:\/\/electro-test.be\/?page_id=5322"},"modified":"2026-01-05T14:03:45","modified_gmt":"2026-01-05T12:03:45","slug":"et-drive","status":"publish","type":"page","link":"https:\/\/electro-test.be\/fr\/professionnels\/autres\/et-drive\/","title":{"rendered":"ET DRIVE"},"content":{"rendered":"<section class=\"l-section wpb_row us_custom_d839d835 headerimagerow height_auto\"><div class=\"l-section-h i-cf\"><div class=\"g-cols vc_row via_flex valign_top type_default stacking_default\"><div class=\"vc_col-sm-12 wpb_column vc_column_container stretched\"><div class=\"vc_column-inner\"><div class=\"wpb_wrapper\"><div class=\"w-btn-wrapper align_right\"><a class=\"w-btn us-btn-style_1 special\" href=\"#\"><span class=\"w-btn-label\">DRIVE-IN<\/span><\/a><\/div><\/div><\/div><\/div><\/div><\/div><\/section><section class=\"l-section wpb_row us_custom_e560f9bb afterhoek height_medium\"><div class=\"l-section-h i-cf\"><div class=\"g-cols vc_row via_flex valign_top type_default stacking_default\"><div class=\"vc_col-sm-2 wpb_column vc_column_container\"><div class=\"vc_column-inner\"><div class=\"wpb_wrapper\"><\/div><\/div><\/div><div class=\"vc_col-sm-8 wpb_column vc_column_container\"><div class=\"vc_column-inner\"><div class=\"wpb_wrapper\"><div class=\"wpb_text_column us_custom_6df4bc3a has_text_color\"><div class=\"wpb_wrapper\"><h1>Le Drive-In d\u2019Electrotest\u2009?<\/h1>\n<\/div><\/div><div class=\"wpb_text_column us_custom_6df4bc3a has_text_color\"><div class=\"wpb_wrapper\"><h2>La solution id\u00e9ale pour vos contr\u00f4les l\u00e9gaux\u2009!<\/h2>\n<\/div><\/div><div class=\"w-separator size_small\"><\/div><div class=\"w-btn-wrapper align_none\"><a class=\"w-btn us-btn-style_1\" href=\"https:\/\/electro-test.be\/fr\/contact\/\"><span class=\"w-btn-label\">PLUS D\u2019INFO<\/span><\/a><\/div><\/div><\/div><\/div><div class=\"vc_col-sm-2 wpb_column vc_column_container\"><div class=\"vc_column-inner\"><div class=\"wpb_wrapper\"><\/div><\/div><\/div><\/div><\/div><\/section><section class=\"l-section wpb_row height_large\" id=\"info\"><div class=\"l-section-h i-cf\"><div class=\"g-cols vc_row via_flex valign_top type_default stacking_default\"><div class=\"vc_col-sm-7 wpb_column vc_column_container\"><div class=\"vc_column-inner\"><div class=\"wpb_wrapper\"><div class=\"wpb_text_column\"><div class=\"wpb_wrapper\"><h3>Faites contr\u00f4ler vos \u00e9quipements<br \/>\nen deux temps, trois mouvements\u2009!<\/h3>\n<\/div><\/div><div class=\"w-separator size_small\"><\/div><div class=\"wpb_text_column\"><div class=\"wpb_wrapper\"><p>Id\u00e9alement situ\u00e9e et facilement accessible, notre succursale Electrotest de Fl\u00e9malle innove avec un nouveau concept unique en son genre : un <strong>DRIVE-IN<\/strong> qui prend en charge \u00e0 la fois vos contr\u00f4les de mat\u00e9riel de levage, vos \u00e9quipements de protection individuelle et votre petit mat\u00e9riel \u00e9lectrique. En plus d\u2019un acc\u00e8s rapide et de l\u2019obtention d\u2019un rapport imm\u00e9diat, passer par notre <strong>DRIVE-IN<\/strong>\u00a0est \u00e9galement la promesse de b\u00e9n\u00e9ficier de nos tarifs r\u00e9duits. Gain de temps et d\u2019argent garantis\u2009! Ce nouveau concept de <strong>DRIVE-IN<\/strong> facile et flexible est d\u00e8s maintenant accessible avec ou sans rendez-vous.<\/p>\n<\/div><\/div><div class=\"w-separator size_small\"><\/div><div class=\"w-btn-wrapper align_none\"><a class=\"w-btn us-btn-style_4\" href=\"#form\"><span class=\"w-btn-label\">Prenez rendez-vous<\/span><\/a><\/div><\/div><\/div><\/div><div class=\"vc_col-sm-5 wpb_column vc_column_container\"><div class=\"vc_column-inner\"><div class=\"wpb_wrapper\"><\/div><\/div><\/div><\/div><\/div><\/section><section class=\"l-section wpb_row us_custom_7e653751 height_small\"><div class=\"l-section-h i-cf\"><div class=\"g-cols vc_row via_flex valign_top type_default stacking_default\"><div class=\"vc_col-sm-12 wpb_column vc_column_container\"><div class=\"vc_column-inner\"><div class=\"wpb_wrapper\"><div class=\"wpb_text_column us_custom_6d0333e1 has_text_color\"><div class=\"wpb_wrapper\"><h2>Facilement accessible &#8211; Acc\u00e8s rapide &#8211; Gain de temps et d\u2019argent<\/h2>\n<\/div><\/div><\/div><\/div><\/div><\/div><\/div><\/section><section class=\"l-section wpb_row us_custom_0ba95ac2 height_auto\"><div class=\"l-section-h i-cf\"><div class=\"g-cols vc_row via_flex valign_top type_default stacking_default\"><div class=\"vc_col-sm-8 wpb_column vc_column_container\"><div class=\"vc_column-inner\"><div class=\"wpb_wrapper\"><div class=\"w-separator size_huge\"><\/div><div class=\"wpb_text_column\"><div class=\"wpb_wrapper\"><h3>Que pouvez-vous faire contr\u00f4ler dans notre drive-in\u2009?<\/h3>\n<\/div><\/div><div class=\"w-separator size_small\"><\/div><div class=\"wpb_text_column\"><div class=\"wpb_wrapper\"><p>Tout ce que vous pouvez d\u00e9placer peut \u00eatre contr\u00f4l\u00e9 :<\/p>\n<\/div><\/div><div class=\"w-separator size_small\"><\/div><div class=\"g-cols wpb_row via_flex valign_top type_default stacking_default\"><div class=\"vc_col-sm-6 wpb_column vc_column_container\"><div class=\"vc_column-inner\"><div class=\"wpb_wrapper\"><div class=\"wpb_text_column specdots\"><div class=\"wpb_wrapper\"><ul>\n<li>Accessoires de levage<\/li>\n<li>Treuils et palans<\/li>\n<li>\u00c9quipements de protection individuelle (EPI)<\/li>\n<li>Nacelle<\/li>\n<li>Chariot \u00e9l\u00e9vateur<\/li>\n<li>Chariot t\u00e9lescopique<\/li>\n<\/ul>\n<\/div><\/div><\/div><\/div><\/div><div class=\"vc_col-sm-6 wpb_column vc_column_container\"><div class=\"vc_column-inner us_custom_f424601b\"><div class=\"wpb_wrapper\"><div class=\"wpb_text_column specdots\"><div class=\"wpb_wrapper\"><ul>\n<li>Camion grue<\/li>\n<li>Excavatrice<\/li>\n<li>Echelles, escabelles et \u00e9chafaudages mobiles<\/li>\n<li>Postes \u00e0 souder<\/li>\n<li>Mat\u00e9riel \u00e9lectroportatif<\/li>\n<li>Examens techniques divers\u2009 \u2026<\/li>\n<\/ul>\n<\/div><\/div><\/div><\/div><\/div><\/div><div class=\"w-separator size_huge\"><\/div><\/div><\/div><\/div><div class=\"vc_col-sm-1 wpb_column vc_column_container has_bg_color stretched\"><div class=\"vc_column-inner us_custom_a399d3ed\"><div class=\"wpb_wrapper\"><\/div><\/div><\/div><\/div><\/div><\/section><section class=\"l-section wpb_row height_large\" id=\"form\"><div class=\"l-section-h i-cf\"><div class=\"g-cols vc_row via_flex valign_top type_default stacking_default\"><div class=\"vc_col-sm-12 wpb_column vc_column_container\"><div class=\"vc_column-inner\"><div class=\"wpb_wrapper\"><div class=\"wpb_text_column\"><div class=\"wpb_wrapper\"><h3>Notre nouveau drive-in est \u00e0 votre<br \/>\ndisposition. Choisissez ce qui vous convient<br \/>\nle mieux<\/h3>\n<\/div><\/div><div class=\"w-separator size_medium\"><\/div><div class=\"g-cols wpb_row bordercolrow via_flex valign_top type_default stacking_default\"><div class=\"vc_col-sm-12 wpb_column vc_column_container\"><div class=\"vc_column-inner\"><div class=\"wpb_wrapper\"><div class=\"w-vwrapper align_none valign_top\" style=\"--vwrapper-gap:\"><div class=\"wpb_text_column txtmarge\"><div class=\"wpb_wrapper\"><p><strong>Venez sans rendez-vous<\/strong><br \/>\n<span>Accessible uniquement les lundis de 7h30 \u00e0 12h sans rendez-vous.<\/span><br \/>\nNos \u00e9quipes sont \u00e0 votre service<\/p>\n<\/div><\/div><div class=\"w-separator size_medium\"><\/div><\/div><\/div><\/div><\/div><\/div><div class=\"g-cols wpb_row via_flex valign_top type_default stacking_default\"><div class=\"vc_col-sm-4 wpb_column vc_column_container\"><div class=\"vc_column-inner\"><div class=\"wpb_wrapper\"><div class=\"wpb_text_column us_custom_9bea3936 has_text_color\"><div class=\"wpb_wrapper\"><h2>Adresse<\/h2>\n<\/div><\/div><div class=\"w-separator size_medium\"><\/div><div class=\"w-btn-wrapper align_justify\"><a class=\"w-btn us-btn-style_1 us_custom_1f257949\" target=\"_blank\" rel=\"nofollow\" href=\"https:\/\/goo.gl\/maps\/c5nKwCTSiUHU4nY99\"><span class=\"w-btn-label\">Parc Industriel 154, Fl\u00e9malle<\/span><\/a><\/div><\/div><\/div><\/div><div class=\"vc_col-sm-4 wpb_column vc_column_container\"><div class=\"vc_column-inner\"><div class=\"wpb_wrapper\"><div class=\"wpb_text_column us_custom_9bea3936 has_text_color\"><div class=\"wpb_wrapper\"><h2>Email<\/h2>\n<\/div><\/div><div class=\"w-separator size_medium\"><\/div><div class=\"w-btn-wrapper align_justify\"><a class=\"w-btn us-btn-style_1\" href=\"mailto:etdrive@electro-test.be\"><span class=\"w-btn-label\">Contactez-nous<\/span><\/a><\/div><\/div><\/div><\/div><div class=\"vc_col-sm-4 wpb_column vc_column_container\"><div class=\"vc_column-inner\"><div class=\"wpb_wrapper\"><div class=\"wpb_text_column us_custom_9bea3936 has_text_color\"><div class=\"wpb_wrapper\"><h2>Appelez-nous<\/h2>\n<\/div><\/div><div class=\"w-separator size_medium\"><\/div><div class=\"w-btn-wrapper align_justify\"><a class=\"w-btn us-btn-style_1\" href=\"tel:+3243460315\"><span class=\"w-btn-label\">+32 4 346 03 15<\/span><\/a><\/div><\/div><\/div><\/div><\/div><\/div><\/div><\/div><\/div><\/div><\/section><section class=\"l-section wpb_row height_auto\"><div class=\"l-section-h i-cf\"><div class=\"g-cols vc_row via_flex valign_top type_default stacking_default\"><div class=\"vc_col-sm-4 wpb_column vc_column_container has_bg_color stretched\"><div class=\"vc_column-inner us_custom_37e92121\"><div class=\"wpb_wrapper\"><\/div><\/div><\/div><div class=\"vc_col-sm-8 wpb_column vc_column_container nopadborder stretched\"><div class=\"vc_column-inner\"><div class=\"vc_column-overlay\" style=\"background:#DADADA\"><\/div><div class=\"wpb_wrapper\"><div class=\"g-cols wpb_row us_custom_0ba95ac2 via_flex valign_top type_boxes stacking_default\"><div class=\"vc_col-sm-12 wpb_column vc_column_container\"><div class=\"vc_column-inner\"><div class=\"wpb_wrapper\"><div class=\"wpb_text_column\"><div class=\"wpb_wrapper\"><p><strong>ELECTROTEST<\/strong> est votre Service Externe de Contr\u00f4les Techniques (SECT) agr\u00e9\u00e9 pour la prise en charge de tous vos contr\u00f4les. Notre \u00e9quipe de sp\u00e9cialistes se charge des inspections dans des domaines aussi divers que l\u2019\u00e9lectricit\u00e9, le gaz, les appareils de levage, les ascenseurs, les installations d\u2019eau et d\u2019\u00e9gouttage, la thermographie, le PEB, la coordination de la s\u00e9curit\u00e9 et la protection contre les risques d\u2019explosions (ATEX), \u2026 Nos ing\u00e9nieurs et techniciens effectuent chaque jour des dizaines d\u2019inspections et d\u2019expertises l\u00e9gales tant pour des particuliers que pour des entreprises dans toute la Belgique.<\/p>\n<\/div><\/div><div class=\"w-separator size_small\"><\/div><div class=\"w-btn-wrapper align_none\"><a class=\"w-btn us-btn-style_1\" href=\"mailto:etdrive@electro-test.be\"><span class=\"w-btn-label\">Contactez-nous<\/span><\/a><\/div><\/div><\/div><\/div><\/div><div class=\"g-cols wpb_row via_flex valign_top type_boxes stacking_default\"><div class=\"vc_col-sm-6 wpb_column vc_column_container\"><div class=\"vc_column-inner\"><div class=\"vc_column-overlay\" style=\"background:#ffffff\"><\/div><div class=\"wpb_wrapper\"><div class=\"wpb_text_column\"><div class=\"wpb_wrapper\"><p>Profitez \u00e9galement de votre passage chez nous pour effectuer des essais avec nos charges \u00e9talon, tester vos palans sur notre banc de test, faire num\u00e9roter votre mat\u00e9riel de fa\u00e7on professionnelle et ind\u00e9l\u00e9bile et bien plus encore\u2026<\/p>\n<\/div><\/div><\/div><\/div><\/div><div class=\"vc_col-sm-6 wpb_column vc_column_container\"><div class=\"vc_column-inner\"><div class=\"vc_column-overlay\" style=\"background:#DE2233\"><\/div><div class=\"wpb_wrapper\"><div class=\"wpb_text_column us_custom_6df4bc3a has_text_color\"><div class=\"wpb_wrapper\"><p>Pour plus d\u2019informations concernant nos autres domaines d\u2019activit\u00e9, visitez notre site Internet<\/p>\n<\/div><\/div><div class=\"w-separator size_small\"><\/div><div class=\"w-btn-wrapper align_none\"><a class=\"w-btn us-btn-style_4\" target=\"_blank\" rel=\"nofollow\" href=\"https:\/\/www.electro-test.be\/fr\/home\"><span class=\"w-btn-label\">Cliquez ici<\/span><\/a><\/div><\/div><\/div><\/div><\/div><\/div><\/div><\/div><\/div><\/div><\/section>\n","protected":false},"excerpt":{"rendered":"DRIVE-INLe Drive-In d\u2019Electrotest\u2009? La solution id\u00e9ale pour vos contr\u00f4les l\u00e9gaux\u2009! PLUS D\u2019INFOFaites contr\u00f4ler vos \u00e9quipements en deux temps, trois mouvements\u2009! Id\u00e9alement situ\u00e9e et facilement accessible, notre succursale Electrotest de Fl\u00e9malle innove avec un nouveau concept unique en son genre : un DRIVE-IN qui prend en charge \u00e0 la fois vos contr\u00f4les de mat\u00e9riel de levage,...","protected":false},"author":1,"featured_media":5326,"parent":2760,"menu_order":0,"comment_status":"closed","ping_status":"closed","template":"","meta":{"_acf_changed":false,"footnotes":""},"class_list":["post-5322","page","type-page","status-publish","has-post-thumbnail","hentry"],"acf":[],"yoast_head":"<!-- This site is optimized with the Yoast SEO plugin v26.9 - https:\/\/yoast.com\/product\/yoast-seo-wordpress\/ -->\n<title>ET DRIVE - Electro-Test<\/title>\n<meta name=\"description\" content=\"Notre nouveau drive in est \u00e0 votre disposition pour vos contr\u00f4les de mat\u00e9riel de levage, vos \u00e9quipements de protection individuelle et votre petit mat\u00e9riel \u00e9lectrique\" \/>\n<meta name=\"robots\" content=\"index, follow, max-snippet:-1, max-image-preview:large, max-video-preview:-1\" \/>\n<link rel=\"canonical\" href=\"https:\/\/electro-test.be\/fr\/professionnels\/autres\/et-drive\/\" \/>\n<meta property=\"og:locale\" content=\"fr_FR\" \/>\n<meta property=\"og:type\" content=\"article\" \/>\n<meta property=\"og:title\" content=\"ET DRIVE - Electro-Test\" \/>\n<meta property=\"og:description\" content=\"Notre nouveau drive in est \u00e0 votre disposition pour vos contr\u00f4les de mat\u00e9riel de levage, vos \u00e9quipements de protection individuelle et votre petit mat\u00e9riel \u00e9lectrique\" \/>\n<meta property=\"og:url\" content=\"https:\/\/electro-test.be\/fr\/professionnels\/autres\/et-drive\/\" \/>\n<meta property=\"og:site_name\" content=\"Electro-Test\" \/>\n<meta property=\"article:modified_time\" content=\"2026-01-05T12:03:45+00:00\" \/>\n<meta property=\"og:image\" content=\"https:\/\/electro-test.be\/wp-content\/uploads\/2025\/02\/drive-in-header.jpg\" \/>\n\t<meta property=\"og:image:width\" content=\"2000\" \/>\n\t<meta property=\"og:image:height\" content=\"1500\" \/>\n\t<meta property=\"og:image:type\" content=\"image\/jpeg\" \/>\n<meta name=\"twitter:card\" content=\"summary_large_image\" \/>\n<meta name=\"twitter:label1\" content=\"Dur\u00e9e de lecture estim\u00e9e\" \/>\n\t<meta name=\"twitter:data1\" content=\"3 minutes\" \/>\n<script type=\"application\/ld+json\" class=\"yoast-schema-graph\">{\"@context\":\"https:\/\/schema.org\",\"@graph\":[{\"@type\":\"WebPage\",\"@id\":\"https:\/\/electro-test.be\/fr\/professionnels\/autres\/et-drive\/\",\"url\":\"https:\/\/electro-test.be\/fr\/professionnels\/autres\/et-drive\/\",\"name\":\"ET DRIVE - Electro-Test\",\"isPartOf\":{\"@id\":\"https:\/\/electro-test.be\/#website\"},\"primaryImageOfPage\":{\"@id\":\"https:\/\/electro-test.be\/fr\/professionnels\/autres\/et-drive\/#primaryimage\"},\"image\":{\"@id\":\"https:\/\/electro-test.be\/fr\/professionnels\/autres\/et-drive\/#primaryimage\"},\"thumbnailUrl\":\"https:\/\/electro-test.be\/wp-content\/uploads\/2025\/02\/drive-in-header.jpg\",\"datePublished\":\"2025-02-17T13:48:03+00:00\",\"dateModified\":\"2026-01-05T12:03:45+00:00\",\"description\":\"Notre nouveau drive in est \u00e0 votre disposition pour vos contr\u00f4les de mat\u00e9riel de levage, vos \u00e9quipements de protection individuelle et votre petit mat\u00e9riel \u00e9lectrique\",\"breadcrumb\":{\"@id\":\"https:\/\/electro-test.be\/fr\/professionnels\/autres\/et-drive\/#breadcrumb\"},\"inLanguage\":\"fr-FR\",\"potentialAction\":[{\"@type\":\"ReadAction\",\"target\":[\"https:\/\/electro-test.be\/fr\/professionnels\/autres\/et-drive\/\"]}]},{\"@type\":\"ImageObject\",\"inLanguage\":\"fr-FR\",\"@id\":\"https:\/\/electro-test.be\/fr\/professionnels\/autres\/et-drive\/#primaryimage\",\"url\":\"https:\/\/electro-test.be\/wp-content\/uploads\/2025\/02\/drive-in-header.jpg\",\"contentUrl\":\"https:\/\/electro-test.be\/wp-content\/uploads\/2025\/02\/drive-in-header.jpg\",\"width\":2000,\"height\":1500},{\"@type\":\"BreadcrumbList\",\"@id\":\"https:\/\/electro-test.be\/fr\/professionnels\/autres\/et-drive\/#breadcrumb\",\"itemListElement\":[{\"@type\":\"ListItem\",\"position\":1,\"name\":\"Professionnels\",\"item\":\"https:\/\/electro-test.be\/fr\/professionnels\/\"},{\"@type\":\"ListItem\",\"position\":2,\"name\":\"Autres\",\"item\":\"https:\/\/electro-test.be\/fr\/professionnels\/autres\/\"},{\"@type\":\"ListItem\",\"position\":3,\"name\":\"ET DRIVE\"}]},{\"@type\":\"WebSite\",\"@id\":\"https:\/\/electro-test.be\/#website\",\"url\":\"https:\/\/electro-test.be\/\",\"name\":\"Electro-Test\",\"description\":\"\",\"publisher\":{\"@id\":\"https:\/\/electro-test.be\/#organization\"},\"potentialAction\":[{\"@type\":\"SearchAction\",\"target\":{\"@type\":\"EntryPoint\",\"urlTemplate\":\"https:\/\/electro-test.be\/?s={search_term_string}\"},\"query-input\":{\"@type\":\"PropertyValueSpecification\",\"valueRequired\":true,\"valueName\":\"search_term_string\"}}],\"inLanguage\":\"fr-FR\"},{\"@type\":\"Organization\",\"@id\":\"https:\/\/electro-test.be\/#organization\",\"name\":\"electroTEST\",\"url\":\"https:\/\/electro-test.be\/\",\"logo\":{\"@type\":\"ImageObject\",\"inLanguage\":\"fr-FR\",\"@id\":\"https:\/\/electro-test.be\/#\/schema\/logo\/image\/\",\"url\":\"https:\/\/electro-test.be\/wp-content\/uploads\/2022\/06\/Logo_ET_NL-FR.svg\",\"contentUrl\":\"https:\/\/electro-test.be\/wp-content\/uploads\/2022\/06\/Logo_ET_NL-FR.svg\",\"width\":\"1024\",\"height\":\"1024\",\"caption\":\"electroTEST\"},\"image\":{\"@id\":\"https:\/\/electro-test.be\/#\/schema\/logo\/image\/\"}}]}<\/script>\n<!-- \/ Yoast SEO plugin. -->","yoast_head_json":{"title":"ET DRIVE - Electro-Test","description":"Notre nouveau drive in est \u00e0 votre disposition pour vos contr\u00f4les de mat\u00e9riel de levage, vos \u00e9quipements de protection individuelle et votre petit mat\u00e9riel \u00e9lectrique","robots":{"index":"index","follow":"follow","max-snippet":"max-snippet:-1","max-image-preview":"max-image-preview:large","max-video-preview":"max-video-preview:-1"},"canonical":"https:\/\/electro-test.be\/fr\/professionnels\/autres\/et-drive\/","og_locale":"fr_FR","og_type":"article","og_title":"ET DRIVE - Electro-Test","og_description":"Notre nouveau drive in est \u00e0 votre disposition pour vos contr\u00f4les de mat\u00e9riel de levage, vos \u00e9quipements de protection individuelle et votre petit mat\u00e9riel \u00e9lectrique","og_url":"https:\/\/electro-test.be\/fr\/professionnels\/autres\/et-drive\/","og_site_name":"Electro-Test","article_modified_time":"2026-01-05T12:03:45+00:00","og_image":[{"width":2000,"height":1500,"url":"https:\/\/electro-test.be\/wp-content\/uploads\/2025\/02\/drive-in-header.jpg","type":"image\/jpeg"}],"twitter_card":"summary_large_image","twitter_misc":{"Dur\u00e9e de lecture estim\u00e9e":"3 minutes"},"schema":{"@context":"https:\/\/schema.org","@graph":[{"@type":"WebPage","@id":"https:\/\/electro-test.be\/fr\/professionnels\/autres\/et-drive\/","url":"https:\/\/electro-test.be\/fr\/professionnels\/autres\/et-drive\/","name":"ET DRIVE - Electro-Test","isPartOf":{"@id":"https:\/\/electro-test.be\/#website"},"primaryImageOfPage":{"@id":"https:\/\/electro-test.be\/fr\/professionnels\/autres\/et-drive\/#primaryimage"},"image":{"@id":"https:\/\/electro-test.be\/fr\/professionnels\/autres\/et-drive\/#primaryimage"},"thumbnailUrl":"https:\/\/electro-test.be\/wp-content\/uploads\/2025\/02\/drive-in-header.jpg","datePublished":"2025-02-17T13:48:03+00:00","dateModified":"2026-01-05T12:03:45+00:00","description":"Notre nouveau drive in est \u00e0 votre disposition pour vos contr\u00f4les de mat\u00e9riel de levage, vos \u00e9quipements de protection individuelle et votre petit mat\u00e9riel \u00e9lectrique","breadcrumb":{"@id":"https:\/\/electro-test.be\/fr\/professionnels\/autres\/et-drive\/#breadcrumb"},"inLanguage":"fr-FR","potentialAction":[{"@type":"ReadAction","target":["https:\/\/electro-test.be\/fr\/professionnels\/autres\/et-drive\/"]}]},{"@type":"ImageObject","inLanguage":"fr-FR","@id":"https:\/\/electro-test.be\/fr\/professionnels\/autres\/et-drive\/#primaryimage","url":"https:\/\/electro-test.be\/wp-content\/uploads\/2025\/02\/drive-in-header.jpg","contentUrl":"https:\/\/electro-test.be\/wp-content\/uploads\/2025\/02\/drive-in-header.jpg","width":2000,"height":1500},{"@type":"BreadcrumbList","@id":"https:\/\/electro-test.be\/fr\/professionnels\/autres\/et-drive\/#breadcrumb","itemListElement":[{"@type":"ListItem","position":1,"name":"Professionnels","item":"https:\/\/electro-test.be\/fr\/professionnels\/"},{"@type":"ListItem","position":2,"name":"Autres","item":"https:\/\/electro-test.be\/fr\/professionnels\/autres\/"},{"@type":"ListItem","position":3,"name":"ET DRIVE"}]},{"@type":"WebSite","@id":"https:\/\/electro-test.be\/#website","url":"https:\/\/electro-test.be\/","name":"Electro-Test","description":"","publisher":{"@id":"https:\/\/electro-test.be\/#organization"},"potentialAction":[{"@type":"SearchAction","target":{"@type":"EntryPoint","urlTemplate":"https:\/\/electro-test.be\/?s={search_term_string}"},"query-input":{"@type":"PropertyValueSpecification","valueRequired":true,"valueName":"search_term_string"}}],"inLanguage":"fr-FR"},{"@type":"Organization","@id":"https:\/\/electro-test.be\/#organization","name":"electroTEST","url":"https:\/\/electro-test.be\/","logo":{"@type":"ImageObject","inLanguage":"fr-FR","@id":"https:\/\/electro-test.be\/#\/schema\/logo\/image\/","url":"https:\/\/electro-test.be\/wp-content\/uploads\/2022\/06\/Logo_ET_NL-FR.svg","contentUrl":"https:\/\/electro-test.be\/wp-content\/uploads\/2022\/06\/Logo_ET_NL-FR.svg","width":"1024","height":"1024","caption":"electroTEST"},"image":{"@id":"https:\/\/electro-test.be\/#\/schema\/logo\/image\/"}}]}},"_links":{"self":[{"href":"https:\/\/electro-test.be\/fr\/wp-json\/wp\/v2\/pages\/5322","targetHints":{"allow":["GET"]}}],"collection":[{"href":"https:\/\/electro-test.be\/fr\/wp-json\/wp\/v2\/pages"}],"about":[{"href":"https:\/\/electro-test.be\/fr\/wp-json\/wp\/v2\/types\/page"}],"author":[{"embeddable":true,"href":"https:\/\/electro-test.be\/fr\/wp-json\/wp\/v2\/users\/1"}],"replies":[{"embeddable":true,"href":"https:\/\/electro-test.be\/fr\/wp-json\/wp\/v2\/comments?post=5322"}],"version-history":[{"count":14,"href":"https:\/\/electro-test.be\/fr\/wp-json\/wp\/v2\/pages\/5322\/revisions"}],"predecessor-version":[{"id":5906,"href":"https:\/\/electro-test.be\/fr\/wp-json\/wp\/v2\/pages\/5322\/revisions\/5906"}],"up":[{"embeddable":true,"href":"https:\/\/electro-test.be\/fr\/wp-json\/wp\/v2\/pages\/2760"}],"wp:featuredmedia":[{"embeddable":true,"href":"https:\/\/electro-test.be\/fr\/wp-json\/wp\/v2\/media\/5326"}],"wp:attachment":[{"href":"https:\/\/electro-test.be\/fr\/wp-json\/wp\/v2\/media?parent=5322"}],"curies":[{"name":"wp","href":"https:\/\/api.w.org\/{rel}","templated":true}]}}